{"id":764,"date":"2025-10-31T11:19:59","date_gmt":"2025-10-31T11:19:59","guid":{"rendered":"https:\/\/plagcheck.com\/?page_id=764","raw":"https:\/\/plagcheck.com\/?page_id=764"},"modified":"2025-10-31T11:20:08","modified_gmt":"2025-10-31T11:20:08","slug":"home","status":"publish","type":"page","link":"https:\/\/plagcheck.com\/","title":{"rendered":"Trang ch\u1ee7","raw":"Trang ch\u1ee7"},"content":{"rendered":"","protected":false,"raw":""},"excerpt":{"rendered":"","protected":false,"raw":""},"author":1,"featured_media":0,"parent":0,"menu_order":0,"comment_status":"closed","ping_status":"closed","template":"","meta":{"_acf_changed":false,"_yoast_wpseo_title":"C\u00f4ng c\u1ee5 ki\u1ec3m tra \u0111\u1ea1o v\u0103n & ph\u00e1t hi\u1ec7n AI | PlagCheck.com","_yoast_wpseo_metadesc":"\u0110\u1ea3m b\u1ea3o t\u00ednh \u0111\u1ed9c \u0111\u00e1o v\u00e0 b\u1ea3o v\u1ec7 danh ti\u1ebfng c\u1ee7a b\u1ea1n v\u1edbi kh\u1ea3 n\u0103ng ph\u00e1t hi\u1ec7n \u0111\u1ea1o v\u0103n v\u00e0 AI nhanh ch\u00f3ng, ch\u00ednh x\u00e1c. B\u1eaft \u0111\u1ea7u ki\u1ec3m tra c\u00f4ng vi\u1ec7c c\u1ee7a b\u1ea1n ngay b\u00e2y gi\u1edd.","_locale":"vi","_original_post":"https:\/\/plagcheck.com\/?page_id=24","footnotes":""},"class_list":["post-764","page","type-page","status-publish","hentry","vi"],"acf":[],"yoast_head":"<!-- This site is optimized with the Yoast SEO plugin v27.5 - https:\/\/yoast.com\/product\/yoast-seo-wordpress\/ -->\n<title>C\u00f4ng c\u1ee5 ki\u1ec3m tra \u0111\u1ea1o v\u0103n &amp; ph\u00e1t hi\u1ec7n AI | PlagCheck.com<\/title>\n<meta name=\"description\" content=\"\u0110\u1ea3m b\u1ea3o t\u00ednh \u0111\u1ed9c \u0111\u00e1o v\u00e0 b\u1ea3o v\u1ec7 danh ti\u1ebfng c\u1ee7a b\u1ea1n v\u1edbi kh\u1ea3 n\u0103ng ph\u00e1t hi\u1ec7n \u0111\u1ea1o v\u0103n v\u00e0 AI nhanh ch\u00f3ng, ch\u00ednh x\u00e1c. B\u1eaft \u0111\u1ea7u ki\u1ec3m tra c\u00f4ng vi\u1ec7c c\u1ee7a b\u1ea1n ngay b\u00e2y gi\u1edd.\" \/>\n<meta name=\"robots\" content=\"index, follow, max-snippet:-1, max-image-preview:large, max-video-preview:-1\" \/>\n<link rel=\"canonical\" href=\"https:\/\/plagcheck.com\/vi\/\" \/>\n<meta property=\"og:locale\" content=\"vi_VN\" \/>\n<meta property=\"og:type\" content=\"article\" \/>\n<meta property=\"og:title\" content=\"C\u00f4ng c\u1ee5 ki\u1ec3m tra \u0111\u1ea1o v\u0103n &amp; ph\u00e1t hi\u1ec7n AI | PlagCheck.com\" \/>\n<meta property=\"og:description\" content=\"\u0110\u1ea3m b\u1ea3o t\u00ednh \u0111\u1ed9c \u0111\u00e1o v\u00e0 b\u1ea3o v\u1ec7 danh ti\u1ebfng c\u1ee7a b\u1ea1n v\u1edbi kh\u1ea3 n\u0103ng ph\u00e1t hi\u1ec7n \u0111\u1ea1o v\u0103n v\u00e0 AI nhanh ch\u00f3ng, ch\u00ednh x\u00e1c. B\u1eaft \u0111\u1ea7u ki\u1ec3m tra c\u00f4ng vi\u1ec7c c\u1ee7a b\u1ea1n ngay b\u00e2y gi\u1edd.\" \/>\n<meta property=\"og:url\" content=\"https:\/\/plagcheck.com\/vi\/\" \/>\n<meta property=\"og:site_name\" content=\"Plagcheck.com\" \/>\n<meta property=\"article:modified_time\" content=\"2025-10-31T11:20:08+00:00\" \/>\n<meta name=\"twitter:card\" content=\"summary_large_image\" \/>\n<!-- \/ Yoast SEO plugin. -->","yoast_head_json":{"title":"C\u00f4ng c\u1ee5 ki\u1ec3m tra \u0111\u1ea1o v\u0103n & ph\u00e1t hi\u1ec7n AI | PlagCheck.com","description":"\u0110\u1ea3m b\u1ea3o t\u00ednh \u0111\u1ed9c \u0111\u00e1o v\u00e0 b\u1ea3o v\u1ec7 danh ti\u1ebfng c\u1ee7a b\u1ea1n v\u1edbi kh\u1ea3 n\u0103ng ph\u00e1t hi\u1ec7n \u0111\u1ea1o v\u0103n v\u00e0 AI nhanh ch\u00f3ng, ch\u00ednh x\u00e1c. B\u1eaft \u0111\u1ea7u ki\u1ec3m tra c\u00f4ng vi\u1ec7c c\u1ee7a b\u1ea1n ngay b\u00e2y gi\u1edd.","robots":{"index":"index","follow":"follow","max-snippet":"max-snippet:-1","max-image-preview":"max-image-preview:large","max-video-preview":"max-video-preview:-1"},"canonical":"https:\/\/plagcheck.com\/vi\/","og_locale":"vi_VN","og_type":"article","og_title":"C\u00f4ng c\u1ee5 ki\u1ec3m tra \u0111\u1ea1o v\u0103n & ph\u00e1t hi\u1ec7n AI | PlagCheck.com","og_description":"\u0110\u1ea3m b\u1ea3o t\u00ednh \u0111\u1ed9c \u0111\u00e1o v\u00e0 b\u1ea3o v\u1ec7 danh ti\u1ebfng c\u1ee7a b\u1ea1n v\u1edbi kh\u1ea3 n\u0103ng ph\u00e1t hi\u1ec7n \u0111\u1ea1o v\u0103n v\u00e0 AI nhanh ch\u00f3ng, ch\u00ednh x\u00e1c. B\u1eaft \u0111\u1ea7u ki\u1ec3m tra c\u00f4ng vi\u1ec7c c\u1ee7a b\u1ea1n ngay b\u00e2y gi\u1edd.","og_url":"https:\/\/plagcheck.com\/vi\/","og_site_name":"Plagcheck.com","article_modified_time":"2025-10-31T11:20:08+00:00","twitter_card":"summary_large_image","schema":{"@context":"https:\/\/schema.org","@graph":[{"@type":"WebPage","@id":"https:\/\/plagcheck.com\/vi\/","url":"https:\/\/plagcheck.com\/vi\/","name":"C\u00f4ng c\u1ee5 ki\u1ec3m tra \u0111\u1ea1o v\u0103n & ph\u00e1t hi\u1ec7n AI | PlagCheck.com","isPartOf":{"@id":"https:\/\/plagcheck.com\/#website"},"datePublished":"2025-10-31T11:19:59+00:00","dateModified":"2025-10-31T11:20:08+00:00","description":"\u0110\u1ea3m b\u1ea3o t\u00ednh \u0111\u1ed9c \u0111\u00e1o v\u00e0 b\u1ea3o v\u1ec7 danh ti\u1ebfng c\u1ee7a b\u1ea1n v\u1edbi kh\u1ea3 n\u0103ng ph\u00e1t hi\u1ec7n \u0111\u1ea1o v\u0103n v\u00e0 AI nhanh ch\u00f3ng, ch\u00ednh x\u00e1c. B\u1eaft \u0111\u1ea7u ki\u1ec3m tra c\u00f4ng vi\u1ec7c c\u1ee7a b\u1ea1n ngay b\u00e2y gi\u1edd.","breadcrumb":{"@id":"https:\/\/plagcheck.com\/vi\/#breadcrumb"},"inLanguage":"vi","potentialAction":[{"@type":"ReadAction","target":["https:\/\/plagcheck.com\/vi\/"]}]},{"@type":"BreadcrumbList","@id":"https:\/\/plagcheck.com\/vi\/#breadcrumb","itemListElement":[{"@type":"ListItem","position":1,"name":"Home","item":"https:\/\/plagcheck.com\/vi\/"},{"@type":"ListItem","position":2,"name":"Trang ch\u1ee7"}]},{"@type":"WebSite","@id":"https:\/\/plagcheck.com\/#website","url":"https:\/\/plagcheck.com\/","name":"Plagcheck.com","description":"","potentialAction":[{"@type":"SearchAction","target":{"@type":"EntryPoint","urlTemplate":"https:\/\/plagcheck.com\/?s={search_term_string}"},"query-input":{"@type":"PropertyValueSpecification","valueRequired":true,"valueName":"search_term_string"}}],"inLanguage":"vi"}]}},"_links":{"self":[{"href":"https:\/\/plagcheck.com\/wp-json\/wp\/v2\/pages\/764","targetHints":{"allow":["GET"]}}],"collection":[{"href":"https:\/\/plagcheck.com\/wp-json\/wp\/v2\/pages"}],"about":[{"href":"https:\/\/plagcheck.com\/wp-json\/wp\/v2\/types\/page"}],"author":[{"embeddable":true,"href":"https:\/\/plagcheck.com\/wp-json\/wp\/v2\/users\/1"}],"replies":[{"embeddable":true,"href":"https:\/\/plagcheck.com\/wp-json\/wp\/v2\/comments?post=764"}],"version-history":[{"count":1,"href":"https:\/\/plagcheck.com\/wp-json\/wp\/v2\/pages\/764\/revisions"}],"predecessor-version":[{"id":767,"href":"https:\/\/plagcheck.com\/wp-json\/wp\/v2\/pages\/764\/revisions\/767"}],"wp:attachment":[{"href":"https:\/\/plagcheck.com\/wp-json\/wp\/v2\/media?parent=764"}],"curies":[{"name":"wp","href":"https:\/\/api.w.org\/{rel}","templated":true}]}}