{"id":675,"date":"2025-10-31T11:20:00","date_gmt":"2025-10-31T11:20:00","guid":{"rendered":"https:\/\/plagcheck.com\/?page_id=675","raw":"https:\/\/plagcheck.com\/?page_id=675"},"modified":"2025-10-31T11:20:10","modified_gmt":"2025-10-31T11:20:10","slug":"ai-detector","status":"publish","type":"page","link":"https:\/\/plagcheck.com\/vi\/ai-detector\/","title":{"rendered":"C\u00f4ng c\u1ee5 ph\u00e1t hi\u1ec7n AI","raw":"C\u00f4ng c\u1ee5 ph\u00e1t hi\u1ec7n AI"},"content":{"rendered":"","protected":false,"raw":""},"excerpt":{"rendered":"","protected":false,"raw":""},"author":1,"featured_media":0,"parent":0,"menu_order":0,"comment_status":"closed","ping_status":"closed","template":"","meta":{"_acf_changed":false,"_yoast_wpseo_title":"Ph\u00e1t hi\u1ec7n n\u1ed9i dung AI \u0111\u1ec3 \u0111\u1ea3m b\u1ea3o t\u00ednh x\u00e1c th\u1ef1c","_yoast_wpseo_metadesc":"Ph\u00e1t hi\u1ec7n ch\u00ednh x\u00e1c n\u1ed9i dung do AI t\u1ea1o v\u00e0 duy tr\u00ec t\u00ednh \u0111\u1ed9c \u0111\u00e1o trong c\u00f4ng vi\u1ec7c h\u1ecdc t\u1eadp, chuy\u00ean m\u00f4n v\u00e0 s\u00e1ng t\u1ea1o c\u1ee7a b\u1ea1n v\u1edbi t\u00ednh n\u0103ng ph\u00e1t hi\u1ec7n AI c\u1ee7a PlagCheck.","_locale":"vi","_original_post":"https:\/\/plagcheck.com\/?page_id=8","footnotes":""},"class_list":["post-675","page","type-page","status-publish","hentry","vi"],"acf":[],"yoast_head":"<!-- This site is optimized with the Yoast SEO plugin v27.5 - https:\/\/yoast.com\/product\/yoast-seo-wordpress\/ -->\n<title>Ph\u00e1t hi\u1ec7n n\u1ed9i dung AI \u0111\u1ec3 \u0111\u1ea3m b\u1ea3o t\u00ednh x\u00e1c th\u1ef1c<\/title>\n<meta name=\"description\" content=\"Ph\u00e1t hi\u1ec7n ch\u00ednh x\u00e1c n\u1ed9i dung do AI t\u1ea1o v\u00e0 duy tr\u00ec t\u00ednh \u0111\u1ed9c \u0111\u00e1o trong c\u00f4ng vi\u1ec7c h\u1ecdc t\u1eadp, chuy\u00ean m\u00f4n v\u00e0 s\u00e1ng t\u1ea1o c\u1ee7a b\u1ea1n v\u1edbi t\u00ednh n\u0103ng ph\u00e1t hi\u1ec7n AI c\u1ee7a PlagCheck.\" \/>\n<meta name=\"robots\" content=\"index, follow, max-snippet:-1, max-image-preview:large, max-video-preview:-1\" \/>\n<link rel=\"canonical\" href=\"https:\/\/plagcheck.com\/vi\/ai-detector\/\" \/>\n<meta property=\"og:locale\" content=\"vi_VN\" \/>\n<meta property=\"og:type\" content=\"article\" \/>\n<meta property=\"og:title\" content=\"Ph\u00e1t hi\u1ec7n n\u1ed9i dung AI \u0111\u1ec3 \u0111\u1ea3m b\u1ea3o t\u00ednh x\u00e1c th\u1ef1c\" \/>\n<meta property=\"og:description\" content=\"Ph\u00e1t hi\u1ec7n ch\u00ednh x\u00e1c n\u1ed9i dung do AI t\u1ea1o v\u00e0 duy tr\u00ec t\u00ednh \u0111\u1ed9c \u0111\u00e1o trong c\u00f4ng vi\u1ec7c h\u1ecdc t\u1eadp, chuy\u00ean m\u00f4n v\u00e0 s\u00e1ng t\u1ea1o c\u1ee7a b\u1ea1n v\u1edbi t\u00ednh n\u0103ng ph\u00e1t hi\u1ec7n AI c\u1ee7a PlagCheck.\" \/>\n<meta property=\"og:url\" content=\"https:\/\/plagcheck.com\/vi\/ai-detector\/\" \/>\n<meta property=\"og:site_name\" content=\"Plagcheck.com\" \/>\n<meta property=\"article:modified_time\" content=\"2025-10-31T11:20:10+00:00\" \/>\n<meta name=\"twitter:card\" content=\"summary_large_image\" \/>\n<!-- \/ Yoast SEO plugin. -->","yoast_head_json":{"title":"Ph\u00e1t hi\u1ec7n n\u1ed9i dung AI \u0111\u1ec3 \u0111\u1ea3m b\u1ea3o t\u00ednh x\u00e1c th\u1ef1c","description":"Ph\u00e1t hi\u1ec7n ch\u00ednh x\u00e1c n\u1ed9i dung do AI t\u1ea1o v\u00e0 duy tr\u00ec t\u00ednh \u0111\u1ed9c \u0111\u00e1o trong c\u00f4ng vi\u1ec7c h\u1ecdc t\u1eadp, chuy\u00ean m\u00f4n v\u00e0 s\u00e1ng t\u1ea1o c\u1ee7a b\u1ea1n v\u1edbi t\u00ednh n\u0103ng ph\u00e1t hi\u1ec7n AI c\u1ee7a PlagCheck.","robots":{"index":"index","follow":"follow","max-snippet":"max-snippet:-1","max-image-preview":"max-image-preview:large","max-video-preview":"max-video-preview:-1"},"canonical":"https:\/\/plagcheck.com\/vi\/ai-detector\/","og_locale":"vi_VN","og_type":"article","og_title":"Ph\u00e1t hi\u1ec7n n\u1ed9i dung AI \u0111\u1ec3 \u0111\u1ea3m b\u1ea3o t\u00ednh x\u00e1c th\u1ef1c","og_description":"Ph\u00e1t hi\u1ec7n ch\u00ednh x\u00e1c n\u1ed9i dung do AI t\u1ea1o v\u00e0 duy tr\u00ec t\u00ednh \u0111\u1ed9c \u0111\u00e1o trong c\u00f4ng vi\u1ec7c h\u1ecdc t\u1eadp, chuy\u00ean m\u00f4n v\u00e0 s\u00e1ng t\u1ea1o c\u1ee7a b\u1ea1n v\u1edbi t\u00ednh n\u0103ng ph\u00e1t hi\u1ec7n AI c\u1ee7a PlagCheck.","og_url":"https:\/\/plagcheck.com\/vi\/ai-detector\/","og_site_name":"Plagcheck.com","article_modified_time":"2025-10-31T11:20:10+00:00","twitter_card":"summary_large_image","schema":{"@context":"https:\/\/schema.org","@graph":[{"@type":"WebPage","@id":"https:\/\/plagcheck.com\/vi\/ai-detector\/","url":"https:\/\/plagcheck.com\/vi\/ai-detector\/","name":"Ph\u00e1t hi\u1ec7n n\u1ed9i dung AI \u0111\u1ec3 \u0111\u1ea3m b\u1ea3o t\u00ednh x\u00e1c th\u1ef1c","isPartOf":{"@id":"https:\/\/plagcheck.com\/#website"},"datePublished":"2025-10-31T11:20:00+00:00","dateModified":"2025-10-31T11:20:10+00:00","description":"Ph\u00e1t hi\u1ec7n ch\u00ednh x\u00e1c n\u1ed9i dung do AI t\u1ea1o v\u00e0 duy tr\u00ec t\u00ednh \u0111\u1ed9c \u0111\u00e1o trong c\u00f4ng vi\u1ec7c h\u1ecdc t\u1eadp, chuy\u00ean m\u00f4n v\u00e0 s\u00e1ng t\u1ea1o c\u1ee7a b\u1ea1n v\u1edbi t\u00ednh n\u0103ng ph\u00e1t hi\u1ec7n AI c\u1ee7a PlagCheck.","breadcrumb":{"@id":"https:\/\/plagcheck.com\/vi\/ai-detector\/#breadcrumb"},"inLanguage":"vi","potentialAction":[{"@type":"ReadAction","target":["https:\/\/plagcheck.com\/vi\/ai-detector\/"]}]},{"@type":"BreadcrumbList","@id":"https:\/\/plagcheck.com\/vi\/ai-detector\/#breadcrumb","itemListElement":[{"@type":"ListItem","position":1,"name":"Home","item":"https:\/\/plagcheck.com\/vi\/"},{"@type":"ListItem","position":2,"name":"C\u00f4ng c\u1ee5 ph\u00e1t hi\u1ec7n AI"}]},{"@type":"WebSite","@id":"https:\/\/plagcheck.com\/#website","url":"https:\/\/plagcheck.com\/","name":"Plagcheck.com","description":"","potentialAction":[{"@type":"SearchAction","target":{"@type":"EntryPoint","urlTemplate":"https:\/\/plagcheck.com\/?s={search_term_string}"},"query-input":{"@type":"PropertyValueSpecification","valueRequired":true,"valueName":"search_term_string"}}],"inLanguage":"vi"}]}},"_links":{"self":[{"href":"https:\/\/plagcheck.com\/wp-json\/wp\/v2\/pages\/675","targetHints":{"allow":["GET"]}}],"collection":[{"href":"https:\/\/plagcheck.com\/wp-json\/wp\/v2\/pages"}],"about":[{"href":"https:\/\/plagcheck.com\/wp-json\/wp\/v2\/types\/page"}],"author":[{"embeddable":true,"href":"https:\/\/plagcheck.com\/wp-json\/wp\/v2\/users\/1"}],"replies":[{"embeddable":true,"href":"https:\/\/plagcheck.com\/wp-json\/wp\/v2\/comments?post=675"}],"version-history":[{"count":1,"href":"https:\/\/plagcheck.com\/wp-json\/wp\/v2\/pages\/675\/revisions"}],"predecessor-version":[{"id":678,"href":"https:\/\/plagcheck.com\/wp-json\/wp\/v2\/pages\/675\/revisions\/678"}],"wp:attachment":[{"href":"https:\/\/plagcheck.com\/wp-json\/wp\/v2\/media?parent=675"}],"curies":[{"name":"wp","href":"https:\/\/api.w.org\/{rel}","templated":true}]}}