{"id":653,"date":"2025-10-31T11:20:00","date_gmt":"2025-10-31T11:20:00","guid":{"rendered":"https:\/\/plagcheck.com\/?page_id=653","raw":"https:\/\/plagcheck.com\/?page_id=653"},"modified":"2025-10-31T11:20:11","modified_gmt":"2025-10-31T11:20:11","slug":"plagiarism-checker","status":"publish","type":"page","link":"https:\/\/plagcheck.com\/vi\/plagiarism-checker\/","title":{"rendered":"C\u00f4ng c\u1ee5 ki\u1ec3m tra \u0111\u1ea1o v\u0103n","raw":"C\u00f4ng c\u1ee5 ki\u1ec3m tra \u0111\u1ea1o v\u0103n"},"content":{"rendered":"","protected":false,"raw":""},"excerpt":{"rendered":"","protected":false,"raw":""},"author":1,"featured_media":0,"parent":0,"menu_order":0,"comment_status":"closed","ping_status":"closed","template":"","meta":{"_acf_changed":false,"_yoast_wpseo_title":"C\u00f4ng c\u1ee5 ki\u1ec3m tra \u0111\u1ea1o v\u0103n tr\u1ef1c tuy\u1ebfn \u0111\u00e1ng tin c\u1eady","_yoast_wpseo_metadesc":"Nh\u1eadn kh\u1ea3 n\u0103ng ph\u00e1t hi\u1ec7n \u0111\u1ea1o v\u0103n nhanh ch\u00f3ng, \u0111\u00e1ng tin c\u1eady cho c\u00e1c nhu c\u1ea7u h\u1ecdc thu\u1eadt v\u00e0 chuy\u00ean nghi\u1ec7p.","_locale":"vi","_original_post":"https:\/\/plagcheck.com\/?page_id=7","footnotes":""},"class_list":["post-653","page","type-page","status-publish","hentry","vi"],"acf":[],"yoast_head":"<!-- This site is optimized with the Yoast SEO plugin v27.5 - https:\/\/yoast.com\/product\/yoast-seo-wordpress\/ -->\n<title>C\u00f4ng c\u1ee5 ki\u1ec3m tra \u0111\u1ea1o v\u0103n tr\u1ef1c tuy\u1ebfn \u0111\u00e1ng tin c\u1eady<\/title>\n<meta name=\"description\" content=\"Nh\u1eadn kh\u1ea3 n\u0103ng ph\u00e1t hi\u1ec7n \u0111\u1ea1o v\u0103n nhanh ch\u00f3ng, \u0111\u00e1ng tin c\u1eady cho c\u00e1c nhu c\u1ea7u h\u1ecdc thu\u1eadt v\u00e0 chuy\u00ean nghi\u1ec7p.\" \/>\n<meta name=\"robots\" content=\"index, follow, max-snippet:-1, max-image-preview:large, max-video-preview:-1\" \/>\n<link rel=\"canonical\" href=\"https:\/\/plagcheck.com\/vi\/plagiarism-checker\/\" \/>\n<meta property=\"og:locale\" content=\"vi_VN\" \/>\n<meta property=\"og:type\" content=\"article\" \/>\n<meta property=\"og:title\" content=\"C\u00f4ng c\u1ee5 ki\u1ec3m tra \u0111\u1ea1o v\u0103n tr\u1ef1c tuy\u1ebfn \u0111\u00e1ng tin c\u1eady\" \/>\n<meta property=\"og:description\" content=\"Nh\u1eadn kh\u1ea3 n\u0103ng ph\u00e1t hi\u1ec7n \u0111\u1ea1o v\u0103n nhanh ch\u00f3ng, \u0111\u00e1ng tin c\u1eady cho c\u00e1c nhu c\u1ea7u h\u1ecdc thu\u1eadt v\u00e0 chuy\u00ean nghi\u1ec7p.\" \/>\n<meta property=\"og:url\" content=\"https:\/\/plagcheck.com\/vi\/plagiarism-checker\/\" \/>\n<meta property=\"og:site_name\" content=\"Plagcheck.com\" \/>\n<meta property=\"article:modified_time\" content=\"2025-10-31T11:20:11+00:00\" \/>\n<meta name=\"twitter:card\" content=\"summary_large_image\" \/>\n<!-- \/ Yoast SEO plugin. -->","yoast_head_json":{"title":"C\u00f4ng c\u1ee5 ki\u1ec3m tra \u0111\u1ea1o v\u0103n tr\u1ef1c tuy\u1ebfn \u0111\u00e1ng tin c\u1eady","description":"Nh\u1eadn kh\u1ea3 n\u0103ng ph\u00e1t hi\u1ec7n \u0111\u1ea1o v\u0103n nhanh ch\u00f3ng, \u0111\u00e1ng tin c\u1eady cho c\u00e1c nhu c\u1ea7u h\u1ecdc thu\u1eadt v\u00e0 chuy\u00ean nghi\u1ec7p.","robots":{"index":"index","follow":"follow","max-snippet":"max-snippet:-1","max-image-preview":"max-image-preview:large","max-video-preview":"max-video-preview:-1"},"canonical":"https:\/\/plagcheck.com\/vi\/plagiarism-checker\/","og_locale":"vi_VN","og_type":"article","og_title":"C\u00f4ng c\u1ee5 ki\u1ec3m tra \u0111\u1ea1o v\u0103n tr\u1ef1c tuy\u1ebfn \u0111\u00e1ng tin c\u1eady","og_description":"Nh\u1eadn kh\u1ea3 n\u0103ng ph\u00e1t hi\u1ec7n \u0111\u1ea1o v\u0103n nhanh ch\u00f3ng, \u0111\u00e1ng tin c\u1eady cho c\u00e1c nhu c\u1ea7u h\u1ecdc thu\u1eadt v\u00e0 chuy\u00ean nghi\u1ec7p.","og_url":"https:\/\/plagcheck.com\/vi\/plagiarism-checker\/","og_site_name":"Plagcheck.com","article_modified_time":"2025-10-31T11:20:11+00:00","twitter_card":"summary_large_image","schema":{"@context":"https:\/\/schema.org","@graph":[{"@type":"WebPage","@id":"https:\/\/plagcheck.com\/vi\/plagiarism-checker\/","url":"https:\/\/plagcheck.com\/vi\/plagiarism-checker\/","name":"C\u00f4ng c\u1ee5 ki\u1ec3m tra \u0111\u1ea1o v\u0103n tr\u1ef1c tuy\u1ebfn \u0111\u00e1ng tin c\u1eady","isPartOf":{"@id":"https:\/\/plagcheck.com\/#website"},"datePublished":"2025-10-31T11:20:00+00:00","dateModified":"2025-10-31T11:20:11+00:00","description":"Nh\u1eadn kh\u1ea3 n\u0103ng ph\u00e1t hi\u1ec7n \u0111\u1ea1o v\u0103n nhanh ch\u00f3ng, \u0111\u00e1ng tin c\u1eady cho c\u00e1c nhu c\u1ea7u h\u1ecdc thu\u1eadt v\u00e0 chuy\u00ean nghi\u1ec7p.","breadcrumb":{"@id":"https:\/\/plagcheck.com\/vi\/plagiarism-checker\/#breadcrumb"},"inLanguage":"vi","potentialAction":[{"@type":"ReadAction","target":["https:\/\/plagcheck.com\/vi\/plagiarism-checker\/"]}]},{"@type":"BreadcrumbList","@id":"https:\/\/plagcheck.com\/vi\/plagiarism-checker\/#breadcrumb","itemListElement":[{"@type":"ListItem","position":1,"name":"Home","item":"https:\/\/plagcheck.com\/vi\/"},{"@type":"ListItem","position":2,"name":"C\u00f4ng c\u1ee5 ki\u1ec3m tra \u0111\u1ea1o v\u0103n"}]},{"@type":"WebSite","@id":"https:\/\/plagcheck.com\/#website","url":"https:\/\/plagcheck.com\/","name":"Plagcheck.com","description":"","potentialAction":[{"@type":"SearchAction","target":{"@type":"EntryPoint","urlTemplate":"https:\/\/plagcheck.com\/?s={search_term_string}"},"query-input":{"@type":"PropertyValueSpecification","valueRequired":true,"valueName":"search_term_string"}}],"inLanguage":"vi"}]}},"_links":{"self":[{"href":"https:\/\/plagcheck.com\/wp-json\/wp\/v2\/pages\/653","targetHints":{"allow":["GET"]}}],"collection":[{"href":"https:\/\/plagcheck.com\/wp-json\/wp\/v2\/pages"}],"about":[{"href":"https:\/\/plagcheck.com\/wp-json\/wp\/v2\/types\/page"}],"author":[{"embeddable":true,"href":"https:\/\/plagcheck.com\/wp-json\/wp\/v2\/users\/1"}],"replies":[{"embeddable":true,"href":"https:\/\/plagcheck.com\/wp-json\/wp\/v2\/comments?post=653"}],"version-history":[{"count":1,"href":"https:\/\/plagcheck.com\/wp-json\/wp\/v2\/pages\/653\/revisions"}],"predecessor-version":[{"id":657,"href":"https:\/\/plagcheck.com\/wp-json\/wp\/v2\/pages\/653\/revisions\/657"}],"wp:attachment":[{"href":"https:\/\/plagcheck.com\/wp-json\/wp\/v2\/media?parent=653"}],"curies":[{"name":"wp","href":"https:\/\/api.w.org\/{rel}","templated":true}]}}