{"id":1425,"date":"2025-10-31T11:19:58","date_gmt":"2025-10-31T11:19:58","guid":{"rendered":"https:\/\/plagcheck.com\/?page_id=1425","raw":"https:\/\/plagcheck.com\/?page_id=1425"},"modified":"2025-10-31T11:20:05","modified_gmt":"2025-10-31T11:20:05","slug":"turnitin-alternative","status":"publish","type":"page","link":"https:\/\/plagcheck.com\/vi\/turnitin-alternative\/","title":{"rendered":"Gi\u1ea3i ph\u00e1p thay th\u1ebf Turnitin","raw":"Gi\u1ea3i ph\u00e1p thay th\u1ebf Turnitin"},"content":{"rendered":"<script type=\"application\/ld+json\">\n{\n  \"@context\": \"https:\/\/schema.org\",\n  \"@graph\": [\n    {\n      \"@type\": \"SoftwareApplication\",\n      \"name\": \"Turnitin\",\n      \"url\": \"https:\/\/turnitin.com\",\n      \"applicationCategory\": \"Education\",\n      \"operatingSystem\": \"Web\",\n      \"additionalProperty\": [\n        {\n          \"@type\": \"PropertyValue\",\n          \"name\": \"Use without university account\",\n          \"value\": \"Kh\u00f4ng\"\n        },\n        {\n          \"@type\": \"PropertyValue\",\n          \"name\": \"Free daily word check\",\n          \"value\": \"Kh\u00f4ng c\u00f3\"\n        },\n        {\n          \"@type\": \"PropertyValue\",\n          \"name\": \"AI detection available\",\n          \"value\": \"Kh\u00f4ng\"\n        },\n        {\n          \"@type\": \"PropertyValue\",\n          \"name\": \"Report speed\",\n          \"value\": \"Tr\u00ec ho\u00e3n\"\n        }\n      ]\n    },\n    {\n      \"@type\": \"SoftwareApplication\",\n      \"name\": \"PlagCheck\",\n      \"url\": \"https:\/\/plagcheck.com\",\n      \"applicationCategory\": \"Education\",\n      \"operatingSystem\": \"Web\",\n      \"additionalProperty\": [\n        {\n          \"@type\": \"PropertyValue\",\n          \"name\": \"Use without university account\",\n          \"value\": \"C\u00f3\"\n        },\n        {\n          \"@type\": \"PropertyValue\",\n          \"name\": \"Free daily word check\",\n          \"value\": \"300 t\u1eeb\/ng\u00e0y\"\n        },\n        {\n          \"@type\": \"PropertyValue\",\n          \"name\": \"AI detection available\",\n          \"value\": \"\u0110\u00e3 bao g\u1ed3m\"\n        },\n        {\n          \"@type\": \"PropertyValue\",\n          \"name\": \"Report speed\",\n          \"value\": \"Ngay l\u1eadp t\u1ee9c\"\n        }\n      ]\n    }\n  ]\n}\n<\/script>","protected":false,"raw":"<script type=\"application\/ld+json\">\n{\n  \"@context\": \"https:\/\/schema.org\",\n  \"@graph\": [\n    {\n      \"@type\": \"SoftwareApplication\",\n      \"name\": \"Turnitin\",\n      \"url\": \"https:\/\/turnitin.com\",\n      \"applicationCategory\": \"Education\",\n      \"operatingSystem\": \"Web\",\n      \"additionalProperty\": [\n        {\n          \"@type\": \"PropertyValue\",\n          \"name\": \"Use without university account\",\n          \"value\": \"Kh\u00f4ng\"\n        },\n        {\n          \"@type\": \"PropertyValue\",\n          \"name\": \"Free daily word check\",\n          \"value\": \"Kh\u00f4ng c\u00f3\"\n        },\n        {\n          \"@type\": \"PropertyValue\",\n          \"name\": \"AI detection available\",\n          \"value\": \"Kh\u00f4ng\"\n        },\n        {\n          \"@type\": \"PropertyValue\",\n          \"name\": \"Report speed\",\n          \"value\": \"Tr\u00ec ho\u00e3n\"\n        }\n      ]\n    },\n    {\n      \"@type\": \"SoftwareApplication\",\n      \"name\": \"PlagCheck\",\n      \"url\": \"https:\/\/plagcheck.com\",\n      \"applicationCategory\": \"Education\",\n      \"operatingSystem\": \"Web\",\n      \"additionalProperty\": [\n        {\n          \"@type\": \"PropertyValue\",\n          \"name\": \"Use without university account\",\n          \"value\": \"C\u00f3\"\n        },\n        {\n          \"@type\": \"PropertyValue\",\n          \"name\": \"Free daily word check\",\n          \"value\": \"300 t\u1eeb\/ng\u00e0y\"\n        },\n        {\n          \"@type\": \"PropertyValue\",\n          \"name\": \"AI detection available\",\n          \"value\": \"\u0110\u00e3 bao g\u1ed3m\"\n        },\n        {\n          \"@type\": \"PropertyValue\",\n          \"name\": \"Report speed\",\n          \"value\": \"Ngay l\u1eadp t\u1ee9c\"\n        }\n      ]\n    }\n  ]\n}\n<\/script>"},"excerpt":{"rendered":"","protected":false,"raw":""},"author":1,"featured_media":0,"parent":0,"menu_order":0,"comment_status":"closed","ping_status":"closed","template":"","meta":{"_acf_changed":false,"_yoast_wpseo_title":"Gi\u1ea3i ph\u00e1p thay th\u1ebf Turnitin v\u1edbi t\u00ednh n\u0103ng ki\u1ec3m tra \u0111\u1ea1o v\u0103n h\u00e0ng ng\u00e0y mi\u1ec5n ph\u00ed | PlagCheck","_yoast_wpseo_metadesc":"S\u1eed d\u1ee5ng PlagCheck nh\u01b0 m\u1ed9t gi\u1ea3i ph\u00e1p thay th\u1ebf Turnitin mi\u1ec5n ph\u00ed. Qu\u00e9t t\u1ed1i \u0111a 300 t\u1eeb m\u1ed7i ng\u00e0y \u0111\u1ec3 ki\u1ec3m tra \u0111\u1ea1o v\u0103n v\u00e0 n\u1ed9i dung AI. Kh\u00f4ng y\u00eau c\u1ea7u t\u00e0i kho\u1ea3n h\u1ecdc thu\u1eadt.","_locale":"vi","_original_post":"https:\/\/plagcheck.com\/?page_id=547","footnotes":""},"class_list":["post-1425","page","type-page","status-publish","hentry","vi"],"acf":[],"yoast_head":"<!-- This site is optimized with the Yoast SEO plugin v27.5 - https:\/\/yoast.com\/product\/yoast-seo-wordpress\/ -->\n<title>Gi\u1ea3i ph\u00e1p thay th\u1ebf Turnitin v\u1edbi t\u00ednh n\u0103ng ki\u1ec3m tra \u0111\u1ea1o v\u0103n h\u00e0ng ng\u00e0y mi\u1ec5n ph\u00ed | PlagCheck<\/title>\n<meta name=\"description\" content=\"S\u1eed d\u1ee5ng PlagCheck nh\u01b0 m\u1ed9t gi\u1ea3i ph\u00e1p thay th\u1ebf Turnitin mi\u1ec5n ph\u00ed. Qu\u00e9t t\u1ed1i \u0111a 300 t\u1eeb m\u1ed7i ng\u00e0y \u0111\u1ec3 ki\u1ec3m tra \u0111\u1ea1o v\u0103n v\u00e0 n\u1ed9i dung AI. Kh\u00f4ng y\u00eau c\u1ea7u t\u00e0i kho\u1ea3n h\u1ecdc thu\u1eadt.\" \/>\n<meta name=\"robots\" content=\"index, follow, max-snippet:-1, max-image-preview:large, max-video-preview:-1\" \/>\n<link rel=\"canonical\" href=\"https:\/\/plagcheck.com\/vi\/turnitin-alternative\/\" \/>\n<meta property=\"og:locale\" content=\"vi_VN\" \/>\n<meta property=\"og:type\" content=\"article\" \/>\n<meta property=\"og:title\" content=\"Gi\u1ea3i ph\u00e1p thay th\u1ebf Turnitin v\u1edbi t\u00ednh n\u0103ng ki\u1ec3m tra \u0111\u1ea1o v\u0103n h\u00e0ng ng\u00e0y mi\u1ec5n ph\u00ed | PlagCheck\" \/>\n<meta property=\"og:description\" content=\"S\u1eed d\u1ee5ng PlagCheck nh\u01b0 m\u1ed9t gi\u1ea3i ph\u00e1p thay th\u1ebf Turnitin mi\u1ec5n ph\u00ed. Qu\u00e9t t\u1ed1i \u0111a 300 t\u1eeb m\u1ed7i ng\u00e0y \u0111\u1ec3 ki\u1ec3m tra \u0111\u1ea1o v\u0103n v\u00e0 n\u1ed9i dung AI. Kh\u00f4ng y\u00eau c\u1ea7u t\u00e0i kho\u1ea3n h\u1ecdc thu\u1eadt.\" \/>\n<meta property=\"og:url\" content=\"https:\/\/plagcheck.com\/vi\/turnitin-alternative\/\" \/>\n<meta property=\"og:site_name\" content=\"Plagcheck.com\" \/>\n<meta property=\"article:modified_time\" content=\"2025-10-31T11:20:05+00:00\" \/>\n<meta name=\"twitter:card\" content=\"summary_large_image\" \/>\n<!-- \/ Yoast SEO plugin. -->","yoast_head_json":{"title":"Gi\u1ea3i ph\u00e1p thay th\u1ebf Turnitin v\u1edbi t\u00ednh n\u0103ng ki\u1ec3m tra \u0111\u1ea1o v\u0103n h\u00e0ng ng\u00e0y mi\u1ec5n ph\u00ed | PlagCheck","description":"S\u1eed d\u1ee5ng PlagCheck nh\u01b0 m\u1ed9t gi\u1ea3i ph\u00e1p thay th\u1ebf Turnitin mi\u1ec5n ph\u00ed. Qu\u00e9t t\u1ed1i \u0111a 300 t\u1eeb m\u1ed7i ng\u00e0y \u0111\u1ec3 ki\u1ec3m tra \u0111\u1ea1o v\u0103n v\u00e0 n\u1ed9i dung AI. Kh\u00f4ng y\u00eau c\u1ea7u t\u00e0i kho\u1ea3n h\u1ecdc thu\u1eadt.","robots":{"index":"index","follow":"follow","max-snippet":"max-snippet:-1","max-image-preview":"max-image-preview:large","max-video-preview":"max-video-preview:-1"},"canonical":"https:\/\/plagcheck.com\/vi\/turnitin-alternative\/","og_locale":"vi_VN","og_type":"article","og_title":"Gi\u1ea3i ph\u00e1p thay th\u1ebf Turnitin v\u1edbi t\u00ednh n\u0103ng ki\u1ec3m tra \u0111\u1ea1o v\u0103n h\u00e0ng ng\u00e0y mi\u1ec5n ph\u00ed | PlagCheck","og_description":"S\u1eed d\u1ee5ng PlagCheck nh\u01b0 m\u1ed9t gi\u1ea3i ph\u00e1p thay th\u1ebf Turnitin mi\u1ec5n ph\u00ed. Qu\u00e9t t\u1ed1i \u0111a 300 t\u1eeb m\u1ed7i ng\u00e0y \u0111\u1ec3 ki\u1ec3m tra \u0111\u1ea1o v\u0103n v\u00e0 n\u1ed9i dung AI. Kh\u00f4ng y\u00eau c\u1ea7u t\u00e0i kho\u1ea3n h\u1ecdc thu\u1eadt.","og_url":"https:\/\/plagcheck.com\/vi\/turnitin-alternative\/","og_site_name":"Plagcheck.com","article_modified_time":"2025-10-31T11:20:05+00:00","twitter_card":"summary_large_image","schema":{"@context":"https:\/\/schema.org","@graph":[{"@type":"WebPage","@id":"https:\/\/plagcheck.com\/vi\/turnitin-alternative\/","url":"https:\/\/plagcheck.com\/vi\/turnitin-alternative\/","name":"Gi\u1ea3i ph\u00e1p thay th\u1ebf Turnitin v\u1edbi t\u00ednh n\u0103ng ki\u1ec3m tra \u0111\u1ea1o v\u0103n h\u00e0ng ng\u00e0y mi\u1ec5n ph\u00ed | PlagCheck","isPartOf":{"@id":"https:\/\/plagcheck.com\/#website"},"datePublished":"2025-10-31T11:19:58+00:00","dateModified":"2025-10-31T11:20:05+00:00","description":"S\u1eed d\u1ee5ng PlagCheck nh\u01b0 m\u1ed9t gi\u1ea3i ph\u00e1p thay th\u1ebf Turnitin mi\u1ec5n ph\u00ed. Qu\u00e9t t\u1ed1i \u0111a 300 t\u1eeb m\u1ed7i ng\u00e0y \u0111\u1ec3 ki\u1ec3m tra \u0111\u1ea1o v\u0103n v\u00e0 n\u1ed9i dung AI. Kh\u00f4ng y\u00eau c\u1ea7u t\u00e0i kho\u1ea3n h\u1ecdc thu\u1eadt.","breadcrumb":{"@id":"https:\/\/plagcheck.com\/vi\/turnitin-alternative\/#breadcrumb"},"inLanguage":"vi","potentialAction":[{"@type":"ReadAction","target":["https:\/\/plagcheck.com\/vi\/turnitin-alternative\/"]}]},{"@type":"BreadcrumbList","@id":"https:\/\/plagcheck.com\/vi\/turnitin-alternative\/#breadcrumb","itemListElement":[{"@type":"ListItem","position":1,"name":"Home","item":"https:\/\/plagcheck.com\/vi\/"},{"@type":"ListItem","position":2,"name":"Gi\u1ea3i ph\u00e1p thay th\u1ebf Turnitin"}]},{"@type":"WebSite","@id":"https:\/\/plagcheck.com\/#website","url":"https:\/\/plagcheck.com\/","name":"Plagcheck.com","description":"","potentialAction":[{"@type":"SearchAction","target":{"@type":"EntryPoint","urlTemplate":"https:\/\/plagcheck.com\/?s={search_term_string}"},"query-input":{"@type":"PropertyValueSpecification","valueRequired":true,"valueName":"search_term_string"}}],"inLanguage":"vi"}]}},"_links":{"self":[{"href":"https:\/\/plagcheck.com\/wp-json\/wp\/v2\/pages\/1425","targetHints":{"allow":["GET"]}}],"collection":[{"href":"https:\/\/plagcheck.com\/wp-json\/wp\/v2\/pages"}],"about":[{"href":"https:\/\/plagcheck.com\/wp-json\/wp\/v2\/types\/page"}],"author":[{"embeddable":true,"href":"https:\/\/plagcheck.com\/wp-json\/wp\/v2\/users\/1"}],"replies":[{"embeddable":true,"href":"https:\/\/plagcheck.com\/wp-json\/wp\/v2\/comments?post=1425"}],"version-history":[{"count":1,"href":"https:\/\/plagcheck.com\/wp-json\/wp\/v2\/pages\/1425\/revisions"}],"predecessor-version":[{"id":1429,"href":"https:\/\/plagcheck.com\/wp-json\/wp\/v2\/pages\/1425\/revisions\/1429"}],"wp:attachment":[{"href":"https:\/\/plagcheck.com\/wp-json\/wp\/v2\/media?parent=1425"}],"curies":[{"name":"wp","href":"https:\/\/api.w.org\/{rel}","templated":true}]}}