{"id":306,"date":"2025-02-17T08:57:27","date_gmt":"2025-02-17T08:57:27","guid":{"rendered":"https:\/\/plagcheck.com\/?page_id=306","raw":"https:\/\/plagcheck.com\/?page_id=306"},"modified":"2025-02-17T08:57:40","modified_gmt":"2025-02-17T08:57:40","slug":"home","status":"publish","type":"page","link":"https:\/\/plagcheck.com\/","title":{"rendered":"Ana Sayfa","raw":"Ana Sayfa"},"content":{"rendered":"","protected":false,"raw":""},"excerpt":{"rendered":"","protected":false,"raw":""},"author":1,"featured_media":0,"parent":0,"menu_order":0,"comment_status":"closed","ping_status":"closed","template":"","meta":{"_acf_changed":false,"_yoast_wpseo_title":"Yazarl\u0131k Kontrol\u00f6r\u00fc ve Yapay Zeka Alg\u0131lama | PlagCheck.com","_yoast_wpseo_metadesc":"Orijinaliteyi koruyun ve sayg\u0131nl\u0131\u011f\u0131n\u0131z\u0131 korumak i\u00e7in h\u0131zl\u0131 ve do\u011fru yazarl\u0131k ve yapay zeka alg\u0131lama ile emin olun. \u015eimdi \u00e7al\u0131\u015fman\u0131z\u0131 kontrol edin.","_locale":"tr_TR","_original_post":"https:\/\/plagcheck.com\/?page_id=24","footnotes":""},"class_list":["post-306","page","type-page","status-publish","hentry","tr-TR"],"acf":[],"yoast_head":"<!-- This site is optimized with the Yoast SEO plugin v27.3 - https:\/\/yoast.com\/product\/yoast-seo-wordpress\/ -->\n<title>Yazarl\u0131k Kontrol\u00f6r\u00fc ve Yapay Zeka Alg\u0131lama | PlagCheck.com<\/title>\n<meta name=\"description\" content=\"Orijinaliteyi koruyun ve sayg\u0131nl\u0131\u011f\u0131n\u0131z\u0131 korumak i\u00e7in h\u0131zl\u0131 ve do\u011fru yazarl\u0131k ve yapay zeka alg\u0131lama ile emin olun. \u015eimdi \u00e7al\u0131\u015fman\u0131z\u0131 kontrol edin.\" \/>\n<meta name=\"robots\" content=\"index, follow, max-snippet:-1, max-image-preview:large, max-video-preview:-1\" \/>\n<link rel=\"canonical\" href=\"https:\/\/plagcheck.com\/tr\/\" \/>\n<meta property=\"og:locale\" content=\"tr_TR\" \/>\n<meta property=\"og:type\" content=\"article\" \/>\n<meta property=\"og:title\" content=\"Yazarl\u0131k Kontrol\u00f6r\u00fc ve Yapay Zeka Alg\u0131lama | PlagCheck.com\" \/>\n<meta property=\"og:description\" content=\"Orijinaliteyi koruyun ve sayg\u0131nl\u0131\u011f\u0131n\u0131z\u0131 korumak i\u00e7in h\u0131zl\u0131 ve do\u011fru yazarl\u0131k ve yapay zeka alg\u0131lama ile emin olun. \u015eimdi \u00e7al\u0131\u015fman\u0131z\u0131 kontrol edin.\" \/>\n<meta property=\"og:url\" content=\"https:\/\/plagcheck.com\/tr\/\" \/>\n<meta property=\"og:site_name\" content=\"Plagcheck.com\" \/>\n<meta property=\"article:modified_time\" content=\"2025-02-17T08:57:40+00:00\" \/>\n<meta name=\"twitter:card\" content=\"summary_large_image\" \/>\n<!-- \/ Yoast SEO plugin. -->","yoast_head_json":{"title":"Yazarl\u0131k Kontrol\u00f6r\u00fc ve Yapay Zeka Alg\u0131lama | PlagCheck.com","description":"Orijinaliteyi koruyun ve sayg\u0131nl\u0131\u011f\u0131n\u0131z\u0131 korumak i\u00e7in h\u0131zl\u0131 ve do\u011fru yazarl\u0131k ve yapay zeka alg\u0131lama ile emin olun. \u015eimdi \u00e7al\u0131\u015fman\u0131z\u0131 kontrol edin.","robots":{"index":"index","follow":"follow","max-snippet":"max-snippet:-1","max-image-preview":"max-image-preview:large","max-video-preview":"max-video-preview:-1"},"canonical":"https:\/\/plagcheck.com\/tr\/","og_locale":"tr_TR","og_type":"article","og_title":"Yazarl\u0131k Kontrol\u00f6r\u00fc ve Yapay Zeka Alg\u0131lama | PlagCheck.com","og_description":"Orijinaliteyi koruyun ve sayg\u0131nl\u0131\u011f\u0131n\u0131z\u0131 korumak i\u00e7in h\u0131zl\u0131 ve do\u011fru yazarl\u0131k ve yapay zeka alg\u0131lama ile emin olun. \u015eimdi \u00e7al\u0131\u015fman\u0131z\u0131 kontrol edin.","og_url":"https:\/\/plagcheck.com\/tr\/","og_site_name":"Plagcheck.com","article_modified_time":"2025-02-17T08:57:40+00:00","twitter_card":"summary_large_image","schema":{"@context":"https:\/\/schema.org","@graph":[{"@type":"WebPage","@id":"https:\/\/plagcheck.com\/tr\/","url":"https:\/\/plagcheck.com\/tr\/","name":"Yazarl\u0131k Kontrol\u00f6r\u00fc ve Yapay Zeka Alg\u0131lama | PlagCheck.com","isPartOf":{"@id":"https:\/\/plagcheck.com\/#website"},"datePublished":"2025-02-17T08:57:27+00:00","dateModified":"2025-02-17T08:57:40+00:00","description":"Orijinaliteyi koruyun ve sayg\u0131nl\u0131\u011f\u0131n\u0131z\u0131 korumak i\u00e7in h\u0131zl\u0131 ve do\u011fru yazarl\u0131k ve yapay zeka alg\u0131lama ile emin olun. \u015eimdi \u00e7al\u0131\u015fman\u0131z\u0131 kontrol edin.","breadcrumb":{"@id":"https:\/\/plagcheck.com\/tr\/#breadcrumb"},"inLanguage":"tr","potentialAction":[{"@type":"ReadAction","target":["https:\/\/plagcheck.com\/tr\/"]}]},{"@type":"BreadcrumbList","@id":"https:\/\/plagcheck.com\/tr\/#breadcrumb","itemListElement":[{"@type":"ListItem","position":1,"name":"Home","item":"https:\/\/plagcheck.com\/tr\/"},{"@type":"ListItem","position":2,"name":"Ana Sayfa"}]},{"@type":"WebSite","@id":"https:\/\/plagcheck.com\/#website","url":"https:\/\/plagcheck.com\/","name":"Plagcheck.com","description":"","potentialAction":[{"@type":"SearchAction","target":{"@type":"EntryPoint","urlTemplate":"https:\/\/plagcheck.com\/?s={search_term_string}"},"query-input":{"@type":"PropertyValueSpecification","valueRequired":true,"valueName":"search_term_string"}}],"inLanguage":"tr"}]}},"_links":{"self":[{"href":"https:\/\/plagcheck.com\/wp-json\/wp\/v2\/pages\/306","targetHints":{"allow":["GET"]}}],"collection":[{"href":"https:\/\/plagcheck.com\/wp-json\/wp\/v2\/pages"}],"about":[{"href":"https:\/\/plagcheck.com\/wp-json\/wp\/v2\/types\/page"}],"author":[{"embeddable":true,"href":"https:\/\/plagcheck.com\/wp-json\/wp\/v2\/users\/1"}],"replies":[{"embeddable":true,"href":"https:\/\/plagcheck.com\/wp-json\/wp\/v2\/comments?post=306"}],"version-history":[{"count":1,"href":"https:\/\/plagcheck.com\/wp-json\/wp\/v2\/pages\/306\/revisions"}],"predecessor-version":[{"id":307,"href":"https:\/\/plagcheck.com\/wp-json\/wp\/v2\/pages\/306\/revisions\/307"}],"wp:attachment":[{"href":"https:\/\/plagcheck.com\/wp-json\/wp\/v2\/media?parent=306"}],"curies":[{"name":"wp","href":"https:\/\/api.w.org\/{rel}","templated":true}]}}