{"id":270,"date":"2025-02-17T08:58:59","date_gmt":"2025-02-17T08:58:59","guid":{"rendered":"https:\/\/plagcheck.com\/?page_id=270","raw":"https:\/\/plagcheck.com\/?page_id=270"},"modified":"2025-02-17T08:58:59","modified_gmt":"2025-02-17T08:58:59","slug":"contact-us","status":"publish","type":"page","link":"https:\/\/plagcheck.com\/tr\/contact-us\/","title":{"rendered":"\u0130leti\u015fim","raw":"\u0130leti\u015fim"},"content":{"rendered":"","protected":false,"raw":""},"excerpt":{"rendered":"","protected":false,"raw":""},"author":1,"featured_media":0,"parent":0,"menu_order":0,"comment_status":"closed","ping_status":"closed","template":"","meta":{"_acf_changed":false,"_yoast_wpseo_title":"PlagCheck Deste\u011fine Ba\u011flan\u0131n","_yoast_wpseo_metadesc":"Yazarl\u0131k ve yapay zeka i\u00e7erik tespit hizmetleriyle ilgili herhangi bir soru, sorun veya sorman\u0131z gereken konuda PlagCheck destek ekibine ula\u015f\u0131n.","_locale":"tr_TR","_original_post":"https:\/\/plagcheck.com\/?page_id=11","footnotes":""},"class_list":["post-270","page","type-page","status-publish","hentry","tr-TR"],"acf":[],"yoast_head":"<!-- This site is optimized with the Yoast SEO plugin v27.5 - https:\/\/yoast.com\/product\/yoast-seo-wordpress\/ -->\n<title>PlagCheck Deste\u011fine Ba\u011flan\u0131n<\/title>\n<meta name=\"description\" content=\"Yazarl\u0131k ve yapay zeka i\u00e7erik tespit hizmetleriyle ilgili herhangi bir soru, sorun veya sorman\u0131z gereken konuda PlagCheck destek ekibine ula\u015f\u0131n.\" \/>\n<meta name=\"robots\" content=\"index, follow, max-snippet:-1, max-image-preview:large, max-video-preview:-1\" \/>\n<link rel=\"canonical\" href=\"https:\/\/plagcheck.com\/tr\/contact-us\/\" \/>\n<meta property=\"og:locale\" content=\"tr_TR\" \/>\n<meta property=\"og:type\" content=\"article\" \/>\n<meta property=\"og:title\" content=\"PlagCheck Deste\u011fine Ba\u011flan\u0131n\" \/>\n<meta property=\"og:description\" content=\"Yazarl\u0131k ve yapay zeka i\u00e7erik tespit hizmetleriyle ilgili herhangi bir soru, sorun veya sorman\u0131z gereken konuda PlagCheck destek ekibine ula\u015f\u0131n.\" \/>\n<meta property=\"og:url\" content=\"https:\/\/plagcheck.com\/tr\/contact-us\/\" \/>\n<meta property=\"og:site_name\" content=\"Plagcheck.com\" \/>\n<meta name=\"twitter:card\" content=\"summary_large_image\" \/>\n<!-- \/ Yoast SEO plugin. -->","yoast_head_json":{"title":"PlagCheck Deste\u011fine Ba\u011flan\u0131n","description":"Yazarl\u0131k ve yapay zeka i\u00e7erik tespit hizmetleriyle ilgili herhangi bir soru, sorun veya sorman\u0131z gereken konuda PlagCheck destek ekibine ula\u015f\u0131n.","robots":{"index":"index","follow":"follow","max-snippet":"max-snippet:-1","max-image-preview":"max-image-preview:large","max-video-preview":"max-video-preview:-1"},"canonical":"https:\/\/plagcheck.com\/tr\/contact-us\/","og_locale":"tr_TR","og_type":"article","og_title":"PlagCheck Deste\u011fine Ba\u011flan\u0131n","og_description":"Yazarl\u0131k ve yapay zeka i\u00e7erik tespit hizmetleriyle ilgili herhangi bir soru, sorun veya sorman\u0131z gereken konuda PlagCheck destek ekibine ula\u015f\u0131n.","og_url":"https:\/\/plagcheck.com\/tr\/contact-us\/","og_site_name":"Plagcheck.com","twitter_card":"summary_large_image","schema":{"@context":"https:\/\/schema.org","@graph":[{"@type":"WebPage","@id":"https:\/\/plagcheck.com\/tr\/contact-us\/","url":"https:\/\/plagcheck.com\/tr\/contact-us\/","name":"PlagCheck Deste\u011fine Ba\u011flan\u0131n","isPartOf":{"@id":"https:\/\/plagcheck.com\/#website"},"datePublished":"2025-02-17T08:58:59+00:00","description":"Yazarl\u0131k ve yapay zeka i\u00e7erik tespit hizmetleriyle ilgili herhangi bir soru, sorun veya sorman\u0131z gereken konuda PlagCheck destek ekibine ula\u015f\u0131n.","breadcrumb":{"@id":"https:\/\/plagcheck.com\/tr\/contact-us\/#breadcrumb"},"inLanguage":"tr","potentialAction":[{"@type":"ReadAction","target":["https:\/\/plagcheck.com\/tr\/contact-us\/"]}]},{"@type":"BreadcrumbList","@id":"https:\/\/plagcheck.com\/tr\/contact-us\/#breadcrumb","itemListElement":[{"@type":"ListItem","position":1,"name":"Home","item":"https:\/\/plagcheck.com\/tr\/"},{"@type":"ListItem","position":2,"name":"\u0130leti\u015fim"}]},{"@type":"WebSite","@id":"https:\/\/plagcheck.com\/#website","url":"https:\/\/plagcheck.com\/","name":"Plagcheck.com","description":"","potentialAction":[{"@type":"SearchAction","target":{"@type":"EntryPoint","urlTemplate":"https:\/\/plagcheck.com\/?s={search_term_string}"},"query-input":{"@type":"PropertyValueSpecification","valueRequired":true,"valueName":"search_term_string"}}],"inLanguage":"tr"}]}},"_links":{"self":[{"href":"https:\/\/plagcheck.com\/wp-json\/wp\/v2\/pages\/270","targetHints":{"allow":["GET"]}}],"collection":[{"href":"https:\/\/plagcheck.com\/wp-json\/wp\/v2\/pages"}],"about":[{"href":"https:\/\/plagcheck.com\/wp-json\/wp\/v2\/types\/page"}],"author":[{"embeddable":true,"href":"https:\/\/plagcheck.com\/wp-json\/wp\/v2\/users\/1"}],"replies":[{"embeddable":true,"href":"https:\/\/plagcheck.com\/wp-json\/wp\/v2\/comments?post=270"}],"version-history":[{"count":1,"href":"https:\/\/plagcheck.com\/wp-json\/wp\/v2\/pages\/270\/revisions"}],"predecessor-version":[{"id":271,"href":"https:\/\/plagcheck.com\/wp-json\/wp\/v2\/pages\/270\/revisions\/271"}],"wp:attachment":[{"href":"https:\/\/plagcheck.com\/wp-json\/wp\/v2\/media?parent=270"}],"curies":[{"name":"wp","href":"https:\/\/api.w.org\/{rel}","templated":true}]}}