{"id":234,"date":"2025-02-17T08:59:11","date_gmt":"2025-02-17T08:59:11","guid":{"rendered":"https:\/\/plagcheck.com\/?page_id=234","raw":"https:\/\/plagcheck.com\/?page_id=234"},"modified":"2025-02-17T08:59:11","modified_gmt":"2025-02-17T08:59:11","slug":"pricing","status":"publish","type":"page","link":"https:\/\/plagcheck.com\/tr\/pricing\/","title":{"rendered":"Fiyatland\u0131rma","raw":"Fiyatland\u0131rma"},"content":{"rendered":"","protected":false,"raw":""},"excerpt":{"rendered":"","protected":false,"raw":""},"author":1,"featured_media":0,"parent":0,"menu_order":0,"comment_status":"closed","ping_status":"closed","template":"","meta":{"_acf_changed":false,"_yoast_wpseo_title":"PlagCheck Fiyatland\u0131rma Planlar\u0131n\u0131 Ke\u015ffedin","_yoast_wpseo_metadesc":"PlagCheck'in yazarl\u0131k ve yapay zeka tespit ara\u00e7lar\u0131 i\u00e7in esnek fiyatland\u0131rma planlar\u0131n\u0131 ke\u015ffedin. Akademik veya profesyonel ihtiya\u00e7lar\u0131n\u0131za en uygun plan\u0131 se\u00e7in.","_locale":"tr_TR","_original_post":"https:\/\/plagcheck.com\/?page_id=10","footnotes":""},"class_list":["post-234","page","type-page","status-publish","hentry","tr-TR"],"acf":[],"yoast_head":"<!-- This site is optimized with the Yoast SEO plugin v27.6 - https:\/\/yoast.com\/product\/yoast-seo-wordpress\/ -->\n<title>PlagCheck Fiyatland\u0131rma Planlar\u0131n\u0131 Ke\u015ffedin<\/title>\n<meta name=\"description\" content=\"PlagCheck&#039;in yazarl\u0131k ve yapay zeka tespit ara\u00e7lar\u0131 i\u00e7in esnek fiyatland\u0131rma planlar\u0131n\u0131 ke\u015ffedin. Akademik veya profesyonel ihtiya\u00e7lar\u0131n\u0131za en uygun plan\u0131 se\u00e7in.\" \/>\n<meta name=\"robots\" content=\"index, follow, max-snippet:-1, max-image-preview:large, max-video-preview:-1\" \/>\n<link rel=\"canonical\" href=\"https:\/\/plagcheck.com\/tr\/pricing\/\" \/>\n<meta property=\"og:locale\" content=\"tr_TR\" \/>\n<meta property=\"og:type\" content=\"article\" \/>\n<meta property=\"og:title\" content=\"PlagCheck Fiyatland\u0131rma Planlar\u0131n\u0131 Ke\u015ffedin\" \/>\n<meta property=\"og:description\" content=\"PlagCheck&#039;in yazarl\u0131k ve yapay zeka tespit ara\u00e7lar\u0131 i\u00e7in esnek fiyatland\u0131rma planlar\u0131n\u0131 ke\u015ffedin. Akademik veya profesyonel ihtiya\u00e7lar\u0131n\u0131za en uygun plan\u0131 se\u00e7in.\" \/>\n<meta property=\"og:url\" content=\"https:\/\/plagcheck.com\/tr\/pricing\/\" \/>\n<meta property=\"og:site_name\" content=\"Plagcheck.com\" \/>\n<meta name=\"twitter:card\" content=\"summary_large_image\" \/>\n<!-- \/ Yoast SEO plugin. -->","yoast_head_json":{"title":"PlagCheck Fiyatland\u0131rma Planlar\u0131n\u0131 Ke\u015ffedin","description":"PlagCheck'in yazarl\u0131k ve yapay zeka tespit ara\u00e7lar\u0131 i\u00e7in esnek fiyatland\u0131rma planlar\u0131n\u0131 ke\u015ffedin. Akademik veya profesyonel ihtiya\u00e7lar\u0131n\u0131za en uygun plan\u0131 se\u00e7in.","robots":{"index":"index","follow":"follow","max-snippet":"max-snippet:-1","max-image-preview":"max-image-preview:large","max-video-preview":"max-video-preview:-1"},"canonical":"https:\/\/plagcheck.com\/tr\/pricing\/","og_locale":"tr_TR","og_type":"article","og_title":"PlagCheck Fiyatland\u0131rma Planlar\u0131n\u0131 Ke\u015ffedin","og_description":"PlagCheck'in yazarl\u0131k ve yapay zeka tespit ara\u00e7lar\u0131 i\u00e7in esnek fiyatland\u0131rma planlar\u0131n\u0131 ke\u015ffedin. Akademik veya profesyonel ihtiya\u00e7lar\u0131n\u0131za en uygun plan\u0131 se\u00e7in.","og_url":"https:\/\/plagcheck.com\/tr\/pricing\/","og_site_name":"Plagcheck.com","twitter_card":"summary_large_image","schema":{"@context":"https:\/\/schema.org","@graph":[{"@type":"WebPage","@id":"https:\/\/plagcheck.com\/tr\/pricing\/","url":"https:\/\/plagcheck.com\/tr\/pricing\/","name":"PlagCheck Fiyatland\u0131rma Planlar\u0131n\u0131 Ke\u015ffedin","isPartOf":{"@id":"https:\/\/plagcheck.com\/#website"},"datePublished":"2025-02-17T08:59:11+00:00","description":"PlagCheck'in yazarl\u0131k ve yapay zeka tespit ara\u00e7lar\u0131 i\u00e7in esnek fiyatland\u0131rma planlar\u0131n\u0131 ke\u015ffedin. Akademik veya profesyonel ihtiya\u00e7lar\u0131n\u0131za en uygun plan\u0131 se\u00e7in.","breadcrumb":{"@id":"https:\/\/plagcheck.com\/tr\/pricing\/#breadcrumb"},"inLanguage":"tr","potentialAction":[{"@type":"ReadAction","target":["https:\/\/plagcheck.com\/tr\/pricing\/"]}]},{"@type":"BreadcrumbList","@id":"https:\/\/plagcheck.com\/tr\/pricing\/#breadcrumb","itemListElement":[{"@type":"ListItem","position":1,"name":"Home","item":"https:\/\/plagcheck.com\/tr\/"},{"@type":"ListItem","position":2,"name":"Fiyatland\u0131rma"}]},{"@type":"WebSite","@id":"https:\/\/plagcheck.com\/#website","url":"https:\/\/plagcheck.com\/","name":"Plagcheck.com","description":"","potentialAction":[{"@type":"SearchAction","target":{"@type":"EntryPoint","urlTemplate":"https:\/\/plagcheck.com\/?s={search_term_string}"},"query-input":{"@type":"PropertyValueSpecification","valueRequired":true,"valueName":"search_term_string"}}],"inLanguage":"tr"}]}},"_links":{"self":[{"href":"https:\/\/plagcheck.com\/wp-json\/wp\/v2\/pages\/234","targetHints":{"allow":["GET"]}}],"collection":[{"href":"https:\/\/plagcheck.com\/wp-json\/wp\/v2\/pages"}],"about":[{"href":"https:\/\/plagcheck.com\/wp-json\/wp\/v2\/types\/page"}],"author":[{"embeddable":true,"href":"https:\/\/plagcheck.com\/wp-json\/wp\/v2\/users\/1"}],"replies":[{"embeddable":true,"href":"https:\/\/plagcheck.com\/wp-json\/wp\/v2\/comments?post=234"}],"version-history":[{"count":1,"href":"https:\/\/plagcheck.com\/wp-json\/wp\/v2\/pages\/234\/revisions"}],"predecessor-version":[{"id":235,"href":"https:\/\/plagcheck.com\/wp-json\/wp\/v2\/pages\/234\/revisions\/235"}],"wp:attachment":[{"href":"https:\/\/plagcheck.com\/wp-json\/wp\/v2\/media?parent=234"}],"curies":[{"name":"wp","href":"https:\/\/api.w.org\/{rel}","templated":true}]}}