{"id":126,"date":"2025-02-17T08:59:28","date_gmt":"2025-02-17T08:59:28","guid":{"rendered":"https:\/\/plagcheck.com\/?page_id=126","raw":"https:\/\/plagcheck.com\/?page_id=126"},"modified":"2025-02-17T08:59:28","modified_gmt":"2025-02-17T08:59:28","slug":"plagiarism-checker","status":"publish","type":"page","link":"https:\/\/plagcheck.com\/tr\/plagiarism-checker\/","title":{"rendered":"\u00c7ok Benzerlik Kontrol\u00f6r\u00fc","raw":"\u00c7ok Benzerlik Kontrol\u00f6r\u00fc"},"content":{"rendered":"","protected":false,"raw":""},"excerpt":{"rendered":"","protected":false,"raw":""},"author":1,"featured_media":0,"parent":0,"menu_order":0,"comment_status":"closed","ping_status":"closed","template":"","meta":{"_acf_changed":false,"_yoast_wpseo_title":"G\u00fcvenilir \u00c7ok Benzerlik Kontrol\u00f6r\u00fc \u00c7evrimi\u00e7i","_yoast_wpseo_metadesc":"Akademik ve profesyonel ihtiya\u00e7lar\u0131n\u0131z i\u00e7in h\u0131zl\u0131 ve g\u00fcvenilir \u00e7ok benzerlik tespiti al\u0131n.","_locale":"tr_TR","_original_post":"https:\/\/plagcheck.com\/?page_id=7","footnotes":""},"class_list":["post-126","page","type-page","status-publish","hentry","tr-TR"],"acf":[],"yoast_head":"<!-- This site is optimized with the Yoast SEO plugin v27.4 - https:\/\/yoast.com\/product\/yoast-seo-wordpress\/ -->\n<title>G\u00fcvenilir \u00c7ok Benzerlik Kontrol\u00f6r\u00fc \u00c7evrimi\u00e7i<\/title>\n<meta name=\"description\" content=\"Akademik ve profesyonel ihtiya\u00e7lar\u0131n\u0131z i\u00e7in h\u0131zl\u0131 ve g\u00fcvenilir \u00e7ok benzerlik tespiti al\u0131n.\" \/>\n<meta name=\"robots\" content=\"index, follow, max-snippet:-1, max-image-preview:large, max-video-preview:-1\" \/>\n<link rel=\"canonical\" href=\"https:\/\/plagcheck.com\/tr\/plagiarism-checker\/\" \/>\n<meta property=\"og:locale\" content=\"tr_TR\" \/>\n<meta property=\"og:type\" content=\"article\" \/>\n<meta property=\"og:title\" content=\"G\u00fcvenilir \u00c7ok Benzerlik Kontrol\u00f6r\u00fc \u00c7evrimi\u00e7i\" \/>\n<meta property=\"og:description\" content=\"Akademik ve profesyonel ihtiya\u00e7lar\u0131n\u0131z i\u00e7in h\u0131zl\u0131 ve g\u00fcvenilir \u00e7ok benzerlik tespiti al\u0131n.\" \/>\n<meta property=\"og:url\" content=\"https:\/\/plagcheck.com\/tr\/plagiarism-checker\/\" \/>\n<meta property=\"og:site_name\" content=\"Plagcheck.com\" \/>\n<meta name=\"twitter:card\" content=\"summary_large_image\" \/>\n<!-- \/ Yoast SEO plugin. -->","yoast_head_json":{"title":"G\u00fcvenilir \u00c7ok Benzerlik Kontrol\u00f6r\u00fc \u00c7evrimi\u00e7i","description":"Akademik ve profesyonel ihtiya\u00e7lar\u0131n\u0131z i\u00e7in h\u0131zl\u0131 ve g\u00fcvenilir \u00e7ok benzerlik tespiti al\u0131n.","robots":{"index":"index","follow":"follow","max-snippet":"max-snippet:-1","max-image-preview":"max-image-preview:large","max-video-preview":"max-video-preview:-1"},"canonical":"https:\/\/plagcheck.com\/tr\/plagiarism-checker\/","og_locale":"tr_TR","og_type":"article","og_title":"G\u00fcvenilir \u00c7ok Benzerlik Kontrol\u00f6r\u00fc \u00c7evrimi\u00e7i","og_description":"Akademik ve profesyonel ihtiya\u00e7lar\u0131n\u0131z i\u00e7in h\u0131zl\u0131 ve g\u00fcvenilir \u00e7ok benzerlik tespiti al\u0131n.","og_url":"https:\/\/plagcheck.com\/tr\/plagiarism-checker\/","og_site_name":"Plagcheck.com","twitter_card":"summary_large_image","schema":{"@context":"https:\/\/schema.org","@graph":[{"@type":"WebPage","@id":"https:\/\/plagcheck.com\/tr\/plagiarism-checker\/","url":"https:\/\/plagcheck.com\/tr\/plagiarism-checker\/","name":"G\u00fcvenilir \u00c7ok Benzerlik Kontrol\u00f6r\u00fc \u00c7evrimi\u00e7i","isPartOf":{"@id":"https:\/\/plagcheck.com\/#website"},"datePublished":"2025-02-17T08:59:28+00:00","description":"Akademik ve profesyonel ihtiya\u00e7lar\u0131n\u0131z i\u00e7in h\u0131zl\u0131 ve g\u00fcvenilir \u00e7ok benzerlik tespiti al\u0131n.","breadcrumb":{"@id":"https:\/\/plagcheck.com\/tr\/plagiarism-checker\/#breadcrumb"},"inLanguage":"tr","potentialAction":[{"@type":"ReadAction","target":["https:\/\/plagcheck.com\/tr\/plagiarism-checker\/"]}]},{"@type":"BreadcrumbList","@id":"https:\/\/plagcheck.com\/tr\/plagiarism-checker\/#breadcrumb","itemListElement":[{"@type":"ListItem","position":1,"name":"Home","item":"https:\/\/plagcheck.com\/tr\/"},{"@type":"ListItem","position":2,"name":"\u00c7ok Benzerlik Kontrol\u00f6r\u00fc"}]},{"@type":"WebSite","@id":"https:\/\/plagcheck.com\/#website","url":"https:\/\/plagcheck.com\/","name":"Plagcheck.com","description":"","potentialAction":[{"@type":"SearchAction","target":{"@type":"EntryPoint","urlTemplate":"https:\/\/plagcheck.com\/?s={search_term_string}"},"query-input":{"@type":"PropertyValueSpecification","valueRequired":true,"valueName":"search_term_string"}}],"inLanguage":"tr"}]}},"_links":{"self":[{"href":"https:\/\/plagcheck.com\/wp-json\/wp\/v2\/pages\/126","targetHints":{"allow":["GET"]}}],"collection":[{"href":"https:\/\/plagcheck.com\/wp-json\/wp\/v2\/pages"}],"about":[{"href":"https:\/\/plagcheck.com\/wp-json\/wp\/v2\/types\/page"}],"author":[{"embeddable":true,"href":"https:\/\/plagcheck.com\/wp-json\/wp\/v2\/users\/1"}],"replies":[{"embeddable":true,"href":"https:\/\/plagcheck.com\/wp-json\/wp\/v2\/comments?post=126"}],"version-history":[{"count":1,"href":"https:\/\/plagcheck.com\/wp-json\/wp\/v2\/pages\/126\/revisions"}],"predecessor-version":[{"id":127,"href":"https:\/\/plagcheck.com\/wp-json\/wp\/v2\/pages\/126\/revisions\/127"}],"wp:attachment":[{"href":"https:\/\/plagcheck.com\/wp-json\/wp\/v2\/media?parent=126"}],"curies":[{"name":"wp","href":"https:\/\/api.w.org\/{rel}","templated":true}]}}