{"id":406,"date":"2025-02-17T08:58:32","date_gmt":"2025-02-17T08:58:32","guid":{"rendered":"https:\/\/plagcheck.com\/?page_id=406","raw":"https:\/\/plagcheck.com\/?page_id=406"},"modified":"2025-02-24T11:13:29","modified_gmt":"2025-02-24T11:13:29","slug":"login","status":"publish","type":"page","link":"https:\/\/plagcheck.com\/sv\/login\/","title":{"rendered":"Logga in","raw":"Logga in"},"content":{"rendered":"","protected":false,"raw":""},"excerpt":{"rendered":"<h1>Logga in<\/h1>","protected":false,"raw":"<h1>Logga in<\/h1>"},"author":1,"featured_media":0,"parent":0,"menu_order":0,"comment_status":"closed","ping_status":"closed","template":"","meta":{"_acf_changed":false,"_yoast_wpseo_title":"Logga in p\u00e5 din PlagCheck-konto","_yoast_wpseo_metadesc":"Logga in p\u00e5 din PlagCheck-konto f\u00f6r att b\u00f6rja anv\u00e4nda v\u00e5ra verktyg f\u00f6r uppt\u00e4ckt av plagiat och AI-inneh\u00e5ll f\u00f6r dina akademiska och yrkesm\u00e4ssiga behov.","_locale":"sv_SE","_original_post":"https:\/\/plagcheck.com\/?page_id=38","footnotes":""},"class_list":["post-406","page","type-page","status-publish","hentry","sv-SE"],"acf":[],"yoast_head":"<!-- This site is optimized with the Yoast SEO plugin v27.6 - https:\/\/yoast.com\/product\/yoast-seo-wordpress\/ -->\n<title>Logga in p\u00e5 din PlagCheck-konto<\/title>\n<meta name=\"description\" content=\"Logga in p\u00e5 din PlagCheck-konto f\u00f6r att b\u00f6rja anv\u00e4nda v\u00e5ra verktyg f\u00f6r uppt\u00e4ckt av plagiat och AI-inneh\u00e5ll f\u00f6r dina akademiska och yrkesm\u00e4ssiga behov.\" \/>\n<meta name=\"robots\" content=\"noindex, nofollow\" \/>\n<meta property=\"og:locale\" content=\"sv_SE\" \/>\n<meta property=\"og:type\" content=\"article\" \/>\n<meta property=\"og:title\" content=\"Logga in p\u00e5 din PlagCheck-konto\" \/>\n<meta property=\"og:description\" content=\"Logga in p\u00e5 din PlagCheck-konto f\u00f6r att b\u00f6rja anv\u00e4nda v\u00e5ra verktyg f\u00f6r uppt\u00e4ckt av plagiat och AI-inneh\u00e5ll f\u00f6r dina akademiska och yrkesm\u00e4ssiga behov.\" \/>\n<meta property=\"og:url\" content=\"https:\/\/plagcheck.com\/sv\/login\/\" \/>\n<meta property=\"og:site_name\" content=\"Plagcheck.com\" \/>\n<meta property=\"article:modified_time\" content=\"2025-02-24T11:13:29+00:00\" \/>\n<meta name=\"twitter:card\" content=\"summary_large_image\" \/>\n<!-- \/ Yoast SEO plugin. -->","yoast_head_json":{"title":"Logga in p\u00e5 din PlagCheck-konto","description":"Logga in p\u00e5 din PlagCheck-konto f\u00f6r att b\u00f6rja anv\u00e4nda v\u00e5ra verktyg f\u00f6r uppt\u00e4ckt av plagiat och AI-inneh\u00e5ll f\u00f6r dina akademiska och yrkesm\u00e4ssiga behov.","robots":{"index":"noindex","follow":"nofollow"},"og_locale":"sv_SE","og_type":"article","og_title":"Logga in p\u00e5 din PlagCheck-konto","og_description":"Logga in p\u00e5 din PlagCheck-konto f\u00f6r att b\u00f6rja anv\u00e4nda v\u00e5ra verktyg f\u00f6r uppt\u00e4ckt av plagiat och AI-inneh\u00e5ll f\u00f6r dina akademiska och yrkesm\u00e4ssiga behov.","og_url":"https:\/\/plagcheck.com\/sv\/login\/","og_site_name":"Plagcheck.com","article_modified_time":"2025-02-24T11:13:29+00:00","twitter_card":"summary_large_image","schema":{"@context":"https:\/\/schema.org","@graph":[{"@type":"WebPage","@id":"https:\/\/plagcheck.com\/sv\/login\/","url":"https:\/\/plagcheck.com\/sv\/login\/","name":"Logga in p\u00e5 din PlagCheck-konto","isPartOf":{"@id":"https:\/\/plagcheck.com\/#website"},"datePublished":"2025-02-17T08:58:32+00:00","dateModified":"2025-02-24T11:13:29+00:00","description":"Logga in p\u00e5 din PlagCheck-konto f\u00f6r att b\u00f6rja anv\u00e4nda v\u00e5ra verktyg f\u00f6r uppt\u00e4ckt av plagiat och AI-inneh\u00e5ll f\u00f6r dina akademiska och yrkesm\u00e4ssiga behov.","breadcrumb":{"@id":"https:\/\/plagcheck.com\/sv\/login\/#breadcrumb"},"inLanguage":"sv-SE","potentialAction":[{"@type":"ReadAction","target":["https:\/\/plagcheck.com\/sv\/login\/"]}]},{"@type":"BreadcrumbList","@id":"https:\/\/plagcheck.com\/sv\/login\/#breadcrumb","itemListElement":[{"@type":"ListItem","position":1,"name":"Home","item":"https:\/\/plagcheck.com\/sv\/"},{"@type":"ListItem","position":2,"name":"Logga in"}]},{"@type":"WebSite","@id":"https:\/\/plagcheck.com\/#website","url":"https:\/\/plagcheck.com\/","name":"Plagcheck.com","description":"","potentialAction":[{"@type":"SearchAction","target":{"@type":"EntryPoint","urlTemplate":"https:\/\/plagcheck.com\/?s={search_term_string}"},"query-input":{"@type":"PropertyValueSpecification","valueRequired":true,"valueName":"search_term_string"}}],"inLanguage":"sv-SE"}]}},"_links":{"self":[{"href":"https:\/\/plagcheck.com\/wp-json\/wp\/v2\/pages\/406","targetHints":{"allow":["GET"]}}],"collection":[{"href":"https:\/\/plagcheck.com\/wp-json\/wp\/v2\/pages"}],"about":[{"href":"https:\/\/plagcheck.com\/wp-json\/wp\/v2\/types\/page"}],"author":[{"embeddable":true,"href":"https:\/\/plagcheck.com\/wp-json\/wp\/v2\/users\/1"}],"replies":[{"embeddable":true,"href":"https:\/\/plagcheck.com\/wp-json\/wp\/v2\/comments?post=406"}],"version-history":[{"count":1,"href":"https:\/\/plagcheck.com\/wp-json\/wp\/v2\/pages\/406\/revisions"}],"predecessor-version":[{"id":407,"href":"https:\/\/plagcheck.com\/wp-json\/wp\/v2\/pages\/406\/revisions\/407"}],"wp:attachment":[{"href":"https:\/\/plagcheck.com\/wp-json\/wp\/v2\/media?parent=406"}],"curies":[{"name":"wp","href":"https:\/\/api.w.org\/{rel}","templated":true}]}}