{"id":326,"date":"2025-02-17T08:58:44","date_gmt":"2025-02-17T08:58:44","guid":{"rendered":"https:\/\/plagcheck.com\/?page_id=326","raw":"https:\/\/plagcheck.com\/?page_id=326"},"modified":"2025-03-05T12:07:02","modified_gmt":"2025-03-05T12:07:02","slug":"plagiarism-checker","status":"publish","type":"page","link":"https:\/\/plagcheck.com\/sv\/plagiarism-checker\/","title":{"rendered":"Plagiatkontroll","raw":"Plagiatkontroll"},"content":{"rendered":"","protected":false,"raw":""},"excerpt":{"rendered":"<meta name=\"description\" content=\"Discover the best deals on our website for electronics, fashion, home goods, and more. Shop now!\">","protected":false,"raw":"<meta name=\"description\" content=\"Discover the best deals on our website for electronics, fashion, home goods, and more. Shop now!\">"},"author":1,"featured_media":0,"parent":0,"menu_order":0,"comment_status":"closed","ping_status":"closed","template":"","meta":{"_acf_changed":false,"_yoast_wpseo_title":"Trofast Plagiatkontroll Online","_yoast_wpseo_metadesc":"F\u00e5 snabba och p\u00e5litliga plagiatkontroll f\u00f6r akademiska och yrkesm\u00e4ssiga behov.","_locale":"sv_SE","_original_post":"https:\/\/plagcheck.com\/?page_id=7","footnotes":""},"class_list":["post-326","page","type-page","status-publish","hentry","sv-SE"],"acf":[],"yoast_head":"<!-- This site is optimized with the Yoast SEO plugin v27.4 - https:\/\/yoast.com\/product\/yoast-seo-wordpress\/ -->\n<title>Trofast Plagiatkontroll Online<\/title>\n<meta name=\"description\" content=\"F\u00e5 snabba och p\u00e5litliga plagiatkontroll f\u00f6r akademiska och yrkesm\u00e4ssiga behov.\" \/>\n<meta name=\"robots\" content=\"index, follow, max-snippet:-1, max-image-preview:large, max-video-preview:-1\" \/>\n<link rel=\"canonical\" href=\"https:\/\/plagcheck.com\/sv\/plagiarism-checker\/\" \/>\n<meta property=\"og:locale\" content=\"sv_SE\" \/>\n<meta property=\"og:type\" content=\"article\" \/>\n<meta property=\"og:title\" content=\"Trofast Plagiatkontroll Online\" \/>\n<meta property=\"og:description\" content=\"F\u00e5 snabba och p\u00e5litliga plagiatkontroll f\u00f6r akademiska och yrkesm\u00e4ssiga behov.\" \/>\n<meta property=\"og:url\" content=\"https:\/\/plagcheck.com\/sv\/plagiarism-checker\/\" \/>\n<meta property=\"og:site_name\" content=\"Plagcheck.com\" \/>\n<meta property=\"article:modified_time\" content=\"2025-03-05T12:07:02+00:00\" \/>\n<meta name=\"twitter:card\" content=\"summary_large_image\" \/>\n<!-- \/ Yoast SEO plugin. -->","yoast_head_json":{"title":"Trofast Plagiatkontroll Online","description":"F\u00e5 snabba och p\u00e5litliga plagiatkontroll f\u00f6r akademiska och yrkesm\u00e4ssiga behov.","robots":{"index":"index","follow":"follow","max-snippet":"max-snippet:-1","max-image-preview":"max-image-preview:large","max-video-preview":"max-video-preview:-1"},"canonical":"https:\/\/plagcheck.com\/sv\/plagiarism-checker\/","og_locale":"sv_SE","og_type":"article","og_title":"Trofast Plagiatkontroll Online","og_description":"F\u00e5 snabba och p\u00e5litliga plagiatkontroll f\u00f6r akademiska och yrkesm\u00e4ssiga behov.","og_url":"https:\/\/plagcheck.com\/sv\/plagiarism-checker\/","og_site_name":"Plagcheck.com","article_modified_time":"2025-03-05T12:07:02+00:00","twitter_card":"summary_large_image","schema":{"@context":"https:\/\/schema.org","@graph":[{"@type":"WebPage","@id":"https:\/\/plagcheck.com\/sv\/plagiarism-checker\/","url":"https:\/\/plagcheck.com\/sv\/plagiarism-checker\/","name":"Trofast Plagiatkontroll Online","isPartOf":{"@id":"https:\/\/plagcheck.com\/#website"},"datePublished":"2025-02-17T08:58:44+00:00","dateModified":"2025-03-05T12:07:02+00:00","description":"F\u00e5 snabba och p\u00e5litliga plagiatkontroll f\u00f6r akademiska och yrkesm\u00e4ssiga behov.","breadcrumb":{"@id":"https:\/\/plagcheck.com\/sv\/plagiarism-checker\/#breadcrumb"},"inLanguage":"sv-SE","potentialAction":[{"@type":"ReadAction","target":["https:\/\/plagcheck.com\/sv\/plagiarism-checker\/"]}]},{"@type":"BreadcrumbList","@id":"https:\/\/plagcheck.com\/sv\/plagiarism-checker\/#breadcrumb","itemListElement":[{"@type":"ListItem","position":1,"name":"Home","item":"https:\/\/plagcheck.com\/sv\/"},{"@type":"ListItem","position":2,"name":"Plagiatkontroll"}]},{"@type":"WebSite","@id":"https:\/\/plagcheck.com\/#website","url":"https:\/\/plagcheck.com\/","name":"Plagcheck.com","description":"","potentialAction":[{"@type":"SearchAction","target":{"@type":"EntryPoint","urlTemplate":"https:\/\/plagcheck.com\/?s={search_term_string}"},"query-input":{"@type":"PropertyValueSpecification","valueRequired":true,"valueName":"search_term_string"}}],"inLanguage":"sv-SE"}]}},"_links":{"self":[{"href":"https:\/\/plagcheck.com\/wp-json\/wp\/v2\/pages\/326","targetHints":{"allow":["GET"]}}],"collection":[{"href":"https:\/\/plagcheck.com\/wp-json\/wp\/v2\/pages"}],"about":[{"href":"https:\/\/plagcheck.com\/wp-json\/wp\/v2\/types\/page"}],"author":[{"embeddable":true,"href":"https:\/\/plagcheck.com\/wp-json\/wp\/v2\/users\/1"}],"replies":[{"embeddable":true,"href":"https:\/\/plagcheck.com\/wp-json\/wp\/v2\/comments?post=326"}],"version-history":[{"count":2,"href":"https:\/\/plagcheck.com\/wp-json\/wp\/v2\/pages\/326\/revisions"}],"predecessor-version":[{"id":544,"href":"https:\/\/plagcheck.com\/wp-json\/wp\/v2\/pages\/326\/revisions\/544"}],"wp:attachment":[{"href":"https:\/\/plagcheck.com\/wp-json\/wp\/v2\/media?parent=326"}],"curies":[{"name":"wp","href":"https:\/\/api.w.org\/{rel}","templated":true}]}}