{"id":304,"date":"2025-02-17T08:58:44","date_gmt":"2025-02-17T08:58:44","guid":{"rendered":"https:\/\/plagcheck.com\/?page_id=304","raw":"https:\/\/plagcheck.com\/?page_id=304"},"modified":"2025-02-17T08:58:44","modified_gmt":"2025-02-17T08:58:44","slug":"home","status":"publish","type":"page","link":"https:\/\/plagcheck.com\/","title":{"rendered":"Hem","raw":"Hem"},"content":{"rendered":"","protected":false,"raw":""},"excerpt":{"rendered":"Hem","protected":false,"raw":"Hem"},"author":1,"featured_media":0,"parent":0,"menu_order":0,"comment_status":"closed","ping_status":"closed","template":"","meta":{"_acf_changed":false,"_yoast_wpseo_title":"Plagiatkontroll och AI-detektor | PlagCheck.com","_yoast_wpseo_metadesc":"S\u00e4kerst\u00e4ll originalitet och skydda ditt anseende med snabba, exakta plagiat- och AI-identifieringar. B\u00f6rja kontrollera ditt arbete nu.","_locale":"sv_SE","_original_post":"https:\/\/plagcheck.com\/?page_id=24","footnotes":""},"class_list":["post-304","page","type-page","status-publish","hentry","sv-SE"],"acf":[],"yoast_head":"<!-- This site is optimized with the Yoast SEO plugin v27.5 - https:\/\/yoast.com\/product\/yoast-seo-wordpress\/ -->\n<title>Plagiatkontroll och AI-detektor | PlagCheck.com<\/title>\n<meta name=\"description\" content=\"S\u00e4kerst\u00e4ll originalitet och skydda ditt anseende med snabba, exakta plagiat- och AI-identifieringar. B\u00f6rja kontrollera ditt arbete nu.\" \/>\n<meta name=\"robots\" content=\"index, follow, max-snippet:-1, max-image-preview:large, max-video-preview:-1\" \/>\n<link rel=\"canonical\" href=\"https:\/\/plagcheck.com\/sv\/\" \/>\n<meta property=\"og:locale\" content=\"sv_SE\" \/>\n<meta property=\"og:type\" content=\"article\" \/>\n<meta property=\"og:title\" content=\"Plagiatkontroll och AI-detektor | PlagCheck.com\" \/>\n<meta property=\"og:description\" content=\"S\u00e4kerst\u00e4ll originalitet och skydda ditt anseende med snabba, exakta plagiat- och AI-identifieringar. B\u00f6rja kontrollera ditt arbete nu.\" \/>\n<meta property=\"og:url\" content=\"https:\/\/plagcheck.com\/sv\/\" \/>\n<meta property=\"og:site_name\" content=\"Plagcheck.com\" \/>\n<meta name=\"twitter:card\" content=\"summary_large_image\" \/>\n<!-- \/ Yoast SEO plugin. -->","yoast_head_json":{"title":"Plagiatkontroll och AI-detektor | PlagCheck.com","description":"S\u00e4kerst\u00e4ll originalitet och skydda ditt anseende med snabba, exakta plagiat- och AI-identifieringar. B\u00f6rja kontrollera ditt arbete nu.","robots":{"index":"index","follow":"follow","max-snippet":"max-snippet:-1","max-image-preview":"max-image-preview:large","max-video-preview":"max-video-preview:-1"},"canonical":"https:\/\/plagcheck.com\/sv\/","og_locale":"sv_SE","og_type":"article","og_title":"Plagiatkontroll och AI-detektor | PlagCheck.com","og_description":"S\u00e4kerst\u00e4ll originalitet och skydda ditt anseende med snabba, exakta plagiat- och AI-identifieringar. B\u00f6rja kontrollera ditt arbete nu.","og_url":"https:\/\/plagcheck.com\/sv\/","og_site_name":"Plagcheck.com","twitter_card":"summary_large_image","schema":{"@context":"https:\/\/schema.org","@graph":[{"@type":"WebPage","@id":"https:\/\/plagcheck.com\/sv\/","url":"https:\/\/plagcheck.com\/sv\/","name":"Plagiatkontroll och AI-detektor | PlagCheck.com","isPartOf":{"@id":"https:\/\/plagcheck.com\/#website"},"datePublished":"2025-02-17T08:58:44+00:00","description":"S\u00e4kerst\u00e4ll originalitet och skydda ditt anseende med snabba, exakta plagiat- och AI-identifieringar. B\u00f6rja kontrollera ditt arbete nu.","breadcrumb":{"@id":"https:\/\/plagcheck.com\/sv\/#breadcrumb"},"inLanguage":"sv-SE","potentialAction":[{"@type":"ReadAction","target":["https:\/\/plagcheck.com\/sv\/"]}]},{"@type":"BreadcrumbList","@id":"https:\/\/plagcheck.com\/sv\/#breadcrumb","itemListElement":[{"@type":"ListItem","position":1,"name":"Home","item":"https:\/\/plagcheck.com\/sv\/"},{"@type":"ListItem","position":2,"name":"Hem"}]},{"@type":"WebSite","@id":"https:\/\/plagcheck.com\/#website","url":"https:\/\/plagcheck.com\/","name":"Plagcheck.com","description":"","potentialAction":[{"@type":"SearchAction","target":{"@type":"EntryPoint","urlTemplate":"https:\/\/plagcheck.com\/?s={search_term_string}"},"query-input":{"@type":"PropertyValueSpecification","valueRequired":true,"valueName":"search_term_string"}}],"inLanguage":"sv-SE"}]}},"_links":{"self":[{"href":"https:\/\/plagcheck.com\/wp-json\/wp\/v2\/pages\/304","targetHints":{"allow":["GET"]}}],"collection":[{"href":"https:\/\/plagcheck.com\/wp-json\/wp\/v2\/pages"}],"about":[{"href":"https:\/\/plagcheck.com\/wp-json\/wp\/v2\/types\/page"}],"author":[{"embeddable":true,"href":"https:\/\/plagcheck.com\/wp-json\/wp\/v2\/users\/1"}],"replies":[{"embeddable":true,"href":"https:\/\/plagcheck.com\/wp-json\/wp\/v2\/comments?post=304"}],"version-history":[{"count":1,"href":"https:\/\/plagcheck.com\/wp-json\/wp\/v2\/pages\/304\/revisions"}],"predecessor-version":[{"id":305,"href":"https:\/\/plagcheck.com\/wp-json\/wp\/v2\/pages\/304\/revisions\/305"}],"wp:attachment":[{"href":"https:\/\/plagcheck.com\/wp-json\/wp\/v2\/media?parent=304"}],"curies":[{"name":"wp","href":"https:\/\/api.w.org\/{rel}","templated":true}]}}