{"id":196,"date":"2025-02-17T08:59:11","date_gmt":"2025-02-17T08:59:11","guid":{"rendered":"https:\/\/plagcheck.com\/?page_id=196","raw":"https:\/\/plagcheck.com\/?page_id=196"},"modified":"2025-02-17T08:59:11","modified_gmt":"2025-02-17T08:59:11","slug":"about-us","status":"publish","type":"page","link":"https:\/\/plagcheck.com\/sv\/about-us\/","title":{"rendered":"Om oss","raw":"Om oss"},"content":{"rendered":"","protected":false,"raw":""},"excerpt":{"rendered":"Om oss","protected":false,"raw":"Om oss"},"author":1,"featured_media":0,"parent":0,"menu_order":0,"comment_status":"closed","ping_status":"closed","template":"","meta":{"_acf_changed":false,"_yoast_wpseo_title":"Om PlagCheck.com: Integritet och Innovation","_yoast_wpseo_metadesc":"Hos PlagCheck kombinerar vi innovationskraft och f\u00f6rtroende f\u00f6r att leverera p\u00e5litlig plagiat- och AI-identifiering, vilket s\u00e4krar att ditt arbete alltid \u00e4r unikt.","_locale":"sv_SE","_original_post":"https:\/\/plagcheck.com\/?page_id=9","footnotes":""},"class_list":["post-196","page","type-page","status-publish","hentry","sv-SE"],"acf":[],"yoast_head":"<!-- This site is optimized with the Yoast SEO plugin v27.4 - https:\/\/yoast.com\/product\/yoast-seo-wordpress\/ -->\n<title>Om PlagCheck.com: Integritet och Innovation<\/title>\n<meta name=\"description\" content=\"Hos PlagCheck kombinerar vi innovationskraft och f\u00f6rtroende f\u00f6r att leverera p\u00e5litlig plagiat- och AI-identifiering, vilket s\u00e4krar att ditt arbete alltid \u00e4r unikt.\" \/>\n<meta name=\"robots\" content=\"index, follow, max-snippet:-1, max-image-preview:large, max-video-preview:-1\" \/>\n<link rel=\"canonical\" href=\"https:\/\/plagcheck.com\/sv\/about-us\/\" \/>\n<meta property=\"og:locale\" content=\"sv_SE\" \/>\n<meta property=\"og:type\" content=\"article\" \/>\n<meta property=\"og:title\" content=\"Om PlagCheck.com: Integritet och Innovation\" \/>\n<meta property=\"og:description\" content=\"Hos PlagCheck kombinerar vi innovationskraft och f\u00f6rtroende f\u00f6r att leverera p\u00e5litlig plagiat- och AI-identifiering, vilket s\u00e4krar att ditt arbete alltid \u00e4r unikt.\" \/>\n<meta property=\"og:url\" content=\"https:\/\/plagcheck.com\/sv\/about-us\/\" \/>\n<meta property=\"og:site_name\" content=\"Plagcheck.com\" \/>\n<meta name=\"twitter:card\" content=\"summary_large_image\" \/>\n<!-- \/ Yoast SEO plugin. -->","yoast_head_json":{"title":"Om PlagCheck.com: Integritet och Innovation","description":"Hos PlagCheck kombinerar vi innovationskraft och f\u00f6rtroende f\u00f6r att leverera p\u00e5litlig plagiat- och AI-identifiering, vilket s\u00e4krar att ditt arbete alltid \u00e4r unikt.","robots":{"index":"index","follow":"follow","max-snippet":"max-snippet:-1","max-image-preview":"max-image-preview:large","max-video-preview":"max-video-preview:-1"},"canonical":"https:\/\/plagcheck.com\/sv\/about-us\/","og_locale":"sv_SE","og_type":"article","og_title":"Om PlagCheck.com: Integritet och Innovation","og_description":"Hos PlagCheck kombinerar vi innovationskraft och f\u00f6rtroende f\u00f6r att leverera p\u00e5litlig plagiat- och AI-identifiering, vilket s\u00e4krar att ditt arbete alltid \u00e4r unikt.","og_url":"https:\/\/plagcheck.com\/sv\/about-us\/","og_site_name":"Plagcheck.com","twitter_card":"summary_large_image","schema":{"@context":"https:\/\/schema.org","@graph":[{"@type":"WebPage","@id":"https:\/\/plagcheck.com\/sv\/about-us\/","url":"https:\/\/plagcheck.com\/sv\/about-us\/","name":"Om PlagCheck.com: Integritet och Innovation","isPartOf":{"@id":"https:\/\/plagcheck.com\/#website"},"datePublished":"2025-02-17T08:59:11+00:00","description":"Hos PlagCheck kombinerar vi innovationskraft och f\u00f6rtroende f\u00f6r att leverera p\u00e5litlig plagiat- och AI-identifiering, vilket s\u00e4krar att ditt arbete alltid \u00e4r unikt.","breadcrumb":{"@id":"https:\/\/plagcheck.com\/sv\/about-us\/#breadcrumb"},"inLanguage":"sv-SE","potentialAction":[{"@type":"ReadAction","target":["https:\/\/plagcheck.com\/sv\/about-us\/"]}]},{"@type":"BreadcrumbList","@id":"https:\/\/plagcheck.com\/sv\/about-us\/#breadcrumb","itemListElement":[{"@type":"ListItem","position":1,"name":"Home","item":"https:\/\/plagcheck.com\/sv\/"},{"@type":"ListItem","position":2,"name":"Om oss"}]},{"@type":"WebSite","@id":"https:\/\/plagcheck.com\/#website","url":"https:\/\/plagcheck.com\/","name":"Plagcheck.com","description":"","potentialAction":[{"@type":"SearchAction","target":{"@type":"EntryPoint","urlTemplate":"https:\/\/plagcheck.com\/?s={search_term_string}"},"query-input":{"@type":"PropertyValueSpecification","valueRequired":true,"valueName":"search_term_string"}}],"inLanguage":"sv-SE"}]}},"_links":{"self":[{"href":"https:\/\/plagcheck.com\/wp-json\/wp\/v2\/pages\/196","targetHints":{"allow":["GET"]}}],"collection":[{"href":"https:\/\/plagcheck.com\/wp-json\/wp\/v2\/pages"}],"about":[{"href":"https:\/\/plagcheck.com\/wp-json\/wp\/v2\/types\/page"}],"author":[{"embeddable":true,"href":"https:\/\/plagcheck.com\/wp-json\/wp\/v2\/users\/1"}],"replies":[{"embeddable":true,"href":"https:\/\/plagcheck.com\/wp-json\/wp\/v2\/comments?post=196"}],"version-history":[{"count":1,"href":"https:\/\/plagcheck.com\/wp-json\/wp\/v2\/pages\/196\/revisions"}],"predecessor-version":[{"id":197,"href":"https:\/\/plagcheck.com\/wp-json\/wp\/v2\/pages\/196\/revisions\/197"}],"wp:attachment":[{"href":"https:\/\/plagcheck.com\/wp-json\/wp\/v2\/media?parent=196"}],"curies":[{"name":"wp","href":"https:\/\/api.w.org\/{rel}","templated":true}]}}