{"id":160,"date":"2025-02-17T08:57:27","date_gmt":"2025-02-17T08:57:27","guid":{"rendered":"https:\/\/plagcheck.com\/?page_id=160","raw":"https:\/\/plagcheck.com\/?page_id=160"},"modified":"2025-02-17T08:57:40","modified_gmt":"2025-02-17T08:57:40","slug":"ai-detector","status":"publish","type":"page","link":"https:\/\/plagcheck.com\/sv\/ai-detector\/","title":{"rendered":"AI-Detektor","raw":"AI-Detektor"},"content":{"rendered":"","protected":false,"raw":""},"excerpt":{"rendered":"<meta name=\"description\" content=\"Discover the best AI tools and resources on our website.\">\n<img decoding=\"async\" src=\"\/images\/ai-icon.png\" alt=\"AI Icon\" title=\"Click to learn more about AI\" loading=\"lazy\">\n<a href=\"\/sv\/om-oss\/\" class=\"nav-link\">About Us<\/a>","protected":false,"raw":"<meta name=\"description\" content=\"Discover the best AI tools and resources on our website.\">\n<img src=\"\/images\/ai-icon.png\" alt=\"AI Icon\" title=\"Click to learn more about AI\">\n<a href=\"\/sv\/om-oss\/\" class=\"nav-link\">About Us<\/a>"},"author":1,"featured_media":0,"parent":0,"menu_order":0,"comment_status":"closed","ping_status":"closed","template":"","meta":{"_acf_changed":false,"_yoast_wpseo_title":"AI Inneh\u00e5llsIdentifiering f\u00f6r Autentiseringss\u00e4kerst\u00e4llning","_yoast_wpseo_metadesc":"Uppk\u00e4nna AI-genererat inneh\u00e5ll exakt och bevara originalitet i ditt akademiska, yrkesm\u00e4ssiga och skapande arbete med PlagCheck's AI-identifiering.","_locale":"sv_SE","_original_post":"https:\/\/plagcheck.com\/?page_id=8","footnotes":""},"class_list":["post-160","page","type-page","status-publish","hentry","sv-SE"],"acf":[],"yoast_head":"<!-- This site is optimized with the Yoast SEO plugin v27.5 - https:\/\/yoast.com\/product\/yoast-seo-wordpress\/ -->\n<title>AI Inneh\u00e5llsIdentifiering f\u00f6r Autentiseringss\u00e4kerst\u00e4llning<\/title>\n<meta name=\"description\" content=\"Uppk\u00e4nna AI-genererat inneh\u00e5ll exakt och bevara originalitet i ditt akademiska, yrkesm\u00e4ssiga och skapande arbete med PlagCheck&#039;s AI-identifiering.\" \/>\n<meta name=\"robots\" content=\"index, follow, max-snippet:-1, max-image-preview:large, max-video-preview:-1\" \/>\n<link rel=\"canonical\" href=\"https:\/\/plagcheck.com\/sv\/ai-detector\/\" \/>\n<meta property=\"og:locale\" content=\"sv_SE\" \/>\n<meta property=\"og:type\" content=\"article\" \/>\n<meta property=\"og:title\" content=\"AI Inneh\u00e5llsIdentifiering f\u00f6r Autentiseringss\u00e4kerst\u00e4llning\" \/>\n<meta property=\"og:description\" content=\"Uppk\u00e4nna AI-genererat inneh\u00e5ll exakt och bevara originalitet i ditt akademiska, yrkesm\u00e4ssiga och skapande arbete med PlagCheck&#039;s AI-identifiering.\" \/>\n<meta property=\"og:url\" content=\"https:\/\/plagcheck.com\/sv\/ai-detector\/\" \/>\n<meta property=\"og:site_name\" content=\"Plagcheck.com\" \/>\n<meta property=\"article:modified_time\" content=\"2025-02-17T08:57:40+00:00\" \/>\n<meta name=\"twitter:card\" content=\"summary_large_image\" \/>\n<!-- \/ Yoast SEO plugin. -->","yoast_head_json":{"title":"AI Inneh\u00e5llsIdentifiering f\u00f6r Autentiseringss\u00e4kerst\u00e4llning","description":"Uppk\u00e4nna AI-genererat inneh\u00e5ll exakt och bevara originalitet i ditt akademiska, yrkesm\u00e4ssiga och skapande arbete med PlagCheck's AI-identifiering.","robots":{"index":"index","follow":"follow","max-snippet":"max-snippet:-1","max-image-preview":"max-image-preview:large","max-video-preview":"max-video-preview:-1"},"canonical":"https:\/\/plagcheck.com\/sv\/ai-detector\/","og_locale":"sv_SE","og_type":"article","og_title":"AI Inneh\u00e5llsIdentifiering f\u00f6r Autentiseringss\u00e4kerst\u00e4llning","og_description":"Uppk\u00e4nna AI-genererat inneh\u00e5ll exakt och bevara originalitet i ditt akademiska, yrkesm\u00e4ssiga och skapande arbete med PlagCheck's AI-identifiering.","og_url":"https:\/\/plagcheck.com\/sv\/ai-detector\/","og_site_name":"Plagcheck.com","article_modified_time":"2025-02-17T08:57:40+00:00","twitter_card":"summary_large_image","schema":{"@context":"https:\/\/schema.org","@graph":[{"@type":"WebPage","@id":"https:\/\/plagcheck.com\/sv\/ai-detector\/","url":"https:\/\/plagcheck.com\/sv\/ai-detector\/","name":"AI Inneh\u00e5llsIdentifiering f\u00f6r Autentiseringss\u00e4kerst\u00e4llning","isPartOf":{"@id":"https:\/\/plagcheck.com\/#website"},"datePublished":"2025-02-17T08:57:27+00:00","dateModified":"2025-02-17T08:57:40+00:00","description":"Uppk\u00e4nna AI-genererat inneh\u00e5ll exakt och bevara originalitet i ditt akademiska, yrkesm\u00e4ssiga och skapande arbete med PlagCheck's AI-identifiering.","breadcrumb":{"@id":"https:\/\/plagcheck.com\/sv\/ai-detector\/#breadcrumb"},"inLanguage":"sv-SE","potentialAction":[{"@type":"ReadAction","target":["https:\/\/plagcheck.com\/sv\/ai-detector\/"]}]},{"@type":"BreadcrumbList","@id":"https:\/\/plagcheck.com\/sv\/ai-detector\/#breadcrumb","itemListElement":[{"@type":"ListItem","position":1,"name":"Home","item":"https:\/\/plagcheck.com\/sv\/"},{"@type":"ListItem","position":2,"name":"AI-Detektor"}]},{"@type":"WebSite","@id":"https:\/\/plagcheck.com\/#website","url":"https:\/\/plagcheck.com\/","name":"Plagcheck.com","description":"","potentialAction":[{"@type":"SearchAction","target":{"@type":"EntryPoint","urlTemplate":"https:\/\/plagcheck.com\/?s={search_term_string}"},"query-input":{"@type":"PropertyValueSpecification","valueRequired":true,"valueName":"search_term_string"}}],"inLanguage":"sv-SE"}]}},"_links":{"self":[{"href":"https:\/\/plagcheck.com\/wp-json\/wp\/v2\/pages\/160","targetHints":{"allow":["GET"]}}],"collection":[{"href":"https:\/\/plagcheck.com\/wp-json\/wp\/v2\/pages"}],"about":[{"href":"https:\/\/plagcheck.com\/wp-json\/wp\/v2\/types\/page"}],"author":[{"embeddable":true,"href":"https:\/\/plagcheck.com\/wp-json\/wp\/v2\/users\/1"}],"replies":[{"embeddable":true,"href":"https:\/\/plagcheck.com\/wp-json\/wp\/v2\/comments?post=160"}],"version-history":[{"count":1,"href":"https:\/\/plagcheck.com\/wp-json\/wp\/v2\/pages\/160\/revisions"}],"predecessor-version":[{"id":161,"href":"https:\/\/plagcheck.com\/wp-json\/wp\/v2\/pages\/160\/revisions\/161"}],"wp:attachment":[{"href":"https:\/\/plagcheck.com\/wp-json\/wp\/v2\/media?parent=160"}],"curies":[{"name":"wp","href":"https:\/\/api.w.org\/{rel}","templated":true}]}}