{"id":586,"date":"2025-04-30T18:46:24","date_gmt":"2025-04-30T18:46:24","guid":{"rendered":"https:\/\/plagcheck.com\/?page_id=586","raw":"https:\/\/plagcheck.com\/?page_id=586"},"modified":"2025-04-30T18:46:24","modified_gmt":"2025-04-30T18:46:24","slug":"turnitin-alternative","status":"publish","type":"page","link":"https:\/\/plagcheck.com\/ro\/turnitin-alternative\/","title":{"rendered":"Alternativ\u0103 Turnitin","raw":"Alternativ\u0103 Turnitin"},"content":{"rendered":"","protected":false,"raw":""},"excerpt":{"rendered":"","protected":false,"raw":""},"author":1,"featured_media":0,"parent":0,"menu_order":0,"comment_status":"closed","ping_status":"closed","template":"","meta":{"_acf_changed":false,"_yoast_wpseo_title":"Alternativa Turnitin cu verific\u0103ri zilnice gratuite de plagiat | PlagCheck","_yoast_wpseo_metadesc":"Folose\u0219te PlagCheck ca alternativ\u0103 gratuit\u0103 la Turnitin. Verific\u0103 p\u00e2n\u0103 la 300 de cuvinte zilnic pentru plagiat \u0219i con\u021binut AI. Un cont academic nu este necesar.","_locale":"ro_RO","_original_post":"https:\/\/plagcheck.com\/?page_id=547","footnotes":""},"class_list":["post-586","page","type-page","status-publish","hentry","ro-RO"],"acf":[],"yoast_head":"<!-- This site is optimized with the Yoast SEO plugin v27.4 - https:\/\/yoast.com\/product\/yoast-seo-wordpress\/ -->\n<title>Alternativa Turnitin cu verific\u0103ri zilnice gratuite de plagiat | PlagCheck<\/title>\n<meta name=\"description\" content=\"Folose\u0219te PlagCheck ca alternativ\u0103 gratuit\u0103 la Turnitin. Verific\u0103 p\u00e2n\u0103 la 300 de cuvinte zilnic pentru plagiat \u0219i con\u021binut AI. Un cont academic nu este necesar.\" \/>\n<meta name=\"robots\" content=\"index, follow, max-snippet:-1, max-image-preview:large, max-video-preview:-1\" \/>\n<link rel=\"canonical\" href=\"https:\/\/plagcheck.com\/ro\/turnitin-alternative\/\" \/>\n<meta property=\"og:locale\" content=\"ro_RO\" \/>\n<meta property=\"og:type\" content=\"article\" \/>\n<meta property=\"og:title\" content=\"Alternativa Turnitin cu verific\u0103ri zilnice gratuite de plagiat | PlagCheck\" \/>\n<meta property=\"og:description\" content=\"Folose\u0219te PlagCheck ca alternativ\u0103 gratuit\u0103 la Turnitin. Verific\u0103 p\u00e2n\u0103 la 300 de cuvinte zilnic pentru plagiat \u0219i con\u021binut AI. Un cont academic nu este necesar.\" \/>\n<meta property=\"og:url\" content=\"https:\/\/plagcheck.com\/ro\/turnitin-alternative\/\" \/>\n<meta property=\"og:site_name\" content=\"Plagcheck.com\" \/>\n<meta name=\"twitter:card\" content=\"summary_large_image\" \/>\n<!-- \/ Yoast SEO plugin. -->","yoast_head_json":{"title":"Alternativa Turnitin cu verific\u0103ri zilnice gratuite de plagiat | PlagCheck","description":"Folose\u0219te PlagCheck ca alternativ\u0103 gratuit\u0103 la Turnitin. Verific\u0103 p\u00e2n\u0103 la 300 de cuvinte zilnic pentru plagiat \u0219i con\u021binut AI. Un cont academic nu este necesar.","robots":{"index":"index","follow":"follow","max-snippet":"max-snippet:-1","max-image-preview":"max-image-preview:large","max-video-preview":"max-video-preview:-1"},"canonical":"https:\/\/plagcheck.com\/ro\/turnitin-alternative\/","og_locale":"ro_RO","og_type":"article","og_title":"Alternativa Turnitin cu verific\u0103ri zilnice gratuite de plagiat | PlagCheck","og_description":"Folose\u0219te PlagCheck ca alternativ\u0103 gratuit\u0103 la Turnitin. Verific\u0103 p\u00e2n\u0103 la 300 de cuvinte zilnic pentru plagiat \u0219i con\u021binut AI. Un cont academic nu este necesar.","og_url":"https:\/\/plagcheck.com\/ro\/turnitin-alternative\/","og_site_name":"Plagcheck.com","twitter_card":"summary_large_image","schema":{"@context":"https:\/\/schema.org","@graph":[{"@type":"WebPage","@id":"https:\/\/plagcheck.com\/ro\/turnitin-alternative\/","url":"https:\/\/plagcheck.com\/ro\/turnitin-alternative\/","name":"Alternativa Turnitin cu verific\u0103ri zilnice gratuite de plagiat | PlagCheck","isPartOf":{"@id":"https:\/\/plagcheck.com\/#website"},"datePublished":"2025-04-30T18:46:24+00:00","description":"Folose\u0219te PlagCheck ca alternativ\u0103 gratuit\u0103 la Turnitin. Verific\u0103 p\u00e2n\u0103 la 300 de cuvinte zilnic pentru plagiat \u0219i con\u021binut AI. Un cont academic nu este necesar.","breadcrumb":{"@id":"https:\/\/plagcheck.com\/ro\/turnitin-alternative\/#breadcrumb"},"inLanguage":"ro-RO","potentialAction":[{"@type":"ReadAction","target":["https:\/\/plagcheck.com\/ro\/turnitin-alternative\/"]}]},{"@type":"BreadcrumbList","@id":"https:\/\/plagcheck.com\/ro\/turnitin-alternative\/#breadcrumb","itemListElement":[{"@type":"ListItem","position":1,"name":"Home","item":"https:\/\/plagcheck.com\/ro\/"},{"@type":"ListItem","position":2,"name":"Alternativ\u0103 Turnitin"}]},{"@type":"WebSite","@id":"https:\/\/plagcheck.com\/#website","url":"https:\/\/plagcheck.com\/","name":"Plagcheck.com","description":"","potentialAction":[{"@type":"SearchAction","target":{"@type":"EntryPoint","urlTemplate":"https:\/\/plagcheck.com\/?s={search_term_string}"},"query-input":{"@type":"PropertyValueSpecification","valueRequired":true,"valueName":"search_term_string"}}],"inLanguage":"ro-RO"}]}},"_links":{"self":[{"href":"https:\/\/plagcheck.com\/wp-json\/wp\/v2\/pages\/586","targetHints":{"allow":["GET"]}}],"collection":[{"href":"https:\/\/plagcheck.com\/wp-json\/wp\/v2\/pages"}],"about":[{"href":"https:\/\/plagcheck.com\/wp-json\/wp\/v2\/types\/page"}],"author":[{"embeddable":true,"href":"https:\/\/plagcheck.com\/wp-json\/wp\/v2\/users\/1"}],"replies":[{"embeddable":true,"href":"https:\/\/plagcheck.com\/wp-json\/wp\/v2\/comments?post=586"}],"version-history":[{"count":1,"href":"https:\/\/plagcheck.com\/wp-json\/wp\/v2\/pages\/586\/revisions"}],"predecessor-version":[{"id":587,"href":"https:\/\/plagcheck.com\/wp-json\/wp\/v2\/pages\/586\/revisions\/587"}],"wp:attachment":[{"href":"https:\/\/plagcheck.com\/wp-json\/wp\/v2\/media?parent=586"}],"curies":[{"name":"wp","href":"https:\/\/api.w.org\/{rel}","templated":true}]}}