{"id":302,"date":"2025-02-17T08:57:27","date_gmt":"2025-02-17T08:57:27","guid":{"rendered":"https:\/\/plagcheck.com\/?page_id=302","raw":"https:\/\/plagcheck.com\/?page_id=302"},"modified":"2025-02-17T08:57:40","modified_gmt":"2025-02-17T08:57:40","slug":"home","status":"publish","type":"page","link":"https:\/\/plagcheck.com\/","title":{"rendered":"Acas\u0103","raw":"Acas\u0103"},"content":{"rendered":"","protected":false,"raw":""},"excerpt":{"rendered":"Acas\u0103","protected":false,"raw":"Acas\u0103"},"author":1,"featured_media":0,"parent":0,"menu_order":0,"comment_status":"closed","ping_status":"closed","template":"","meta":{"_acf_changed":false,"_yoast_wpseo_title":"Verificator de plagiat \u0219i detector AI | PlagCheck.com","_yoast_wpseo_metadesc":"Asigura\u021bi-v\u0103 originalitatea \u0219i proteja\u021bi-v\u0103 reputa\u021bia cu verificarea rapid\u0103 \u0219i precis\u0103 a plagiatului \u0219i detectarea AI. \u00cencepe\u021bi s\u0103 verifica\u021bi-v\u0103 munca acum.","_locale":"ro_RO","_original_post":"https:\/\/plagcheck.com\/?page_id=24","footnotes":""},"class_list":["post-302","page","type-page","status-publish","hentry","ro-RO"],"acf":[],"yoast_head":"<!-- This site is optimized with the Yoast SEO plugin v27.4 - https:\/\/yoast.com\/product\/yoast-seo-wordpress\/ -->\n<title>Verificator de plagiat \u0219i detector AI | PlagCheck.com<\/title>\n<meta name=\"description\" content=\"Asigura\u021bi-v\u0103 originalitatea \u0219i proteja\u021bi-v\u0103 reputa\u021bia cu verificarea rapid\u0103 \u0219i precis\u0103 a plagiatului \u0219i detectarea AI. \u00cencepe\u021bi s\u0103 verifica\u021bi-v\u0103 munca acum.\" \/>\n<meta name=\"robots\" content=\"index, follow, max-snippet:-1, max-image-preview:large, max-video-preview:-1\" \/>\n<link rel=\"canonical\" href=\"https:\/\/plagcheck.com\/ro\/\" \/>\n<meta property=\"og:locale\" content=\"ro_RO\" \/>\n<meta property=\"og:type\" content=\"article\" \/>\n<meta property=\"og:title\" content=\"Verificator de plagiat \u0219i detector AI | PlagCheck.com\" \/>\n<meta property=\"og:description\" content=\"Asigura\u021bi-v\u0103 originalitatea \u0219i proteja\u021bi-v\u0103 reputa\u021bia cu verificarea rapid\u0103 \u0219i precis\u0103 a plagiatului \u0219i detectarea AI. \u00cencepe\u021bi s\u0103 verifica\u021bi-v\u0103 munca acum.\" \/>\n<meta property=\"og:url\" content=\"https:\/\/plagcheck.com\/ro\/\" \/>\n<meta property=\"og:site_name\" content=\"Plagcheck.com\" \/>\n<meta property=\"article:modified_time\" content=\"2025-02-17T08:57:40+00:00\" \/>\n<meta name=\"twitter:card\" content=\"summary_large_image\" \/>\n<!-- \/ Yoast SEO plugin. -->","yoast_head_json":{"title":"Verificator de plagiat \u0219i detector AI | PlagCheck.com","description":"Asigura\u021bi-v\u0103 originalitatea \u0219i proteja\u021bi-v\u0103 reputa\u021bia cu verificarea rapid\u0103 \u0219i precis\u0103 a plagiatului \u0219i detectarea AI. \u00cencepe\u021bi s\u0103 verifica\u021bi-v\u0103 munca acum.","robots":{"index":"index","follow":"follow","max-snippet":"max-snippet:-1","max-image-preview":"max-image-preview:large","max-video-preview":"max-video-preview:-1"},"canonical":"https:\/\/plagcheck.com\/ro\/","og_locale":"ro_RO","og_type":"article","og_title":"Verificator de plagiat \u0219i detector AI | PlagCheck.com","og_description":"Asigura\u021bi-v\u0103 originalitatea \u0219i proteja\u021bi-v\u0103 reputa\u021bia cu verificarea rapid\u0103 \u0219i precis\u0103 a plagiatului \u0219i detectarea AI. \u00cencepe\u021bi s\u0103 verifica\u021bi-v\u0103 munca acum.","og_url":"https:\/\/plagcheck.com\/ro\/","og_site_name":"Plagcheck.com","article_modified_time":"2025-02-17T08:57:40+00:00","twitter_card":"summary_large_image","schema":{"@context":"https:\/\/schema.org","@graph":[{"@type":"WebPage","@id":"https:\/\/plagcheck.com\/ro\/","url":"https:\/\/plagcheck.com\/ro\/","name":"Verificator de plagiat \u0219i detector AI | PlagCheck.com","isPartOf":{"@id":"https:\/\/plagcheck.com\/#website"},"datePublished":"2025-02-17T08:57:27+00:00","dateModified":"2025-02-17T08:57:40+00:00","description":"Asigura\u021bi-v\u0103 originalitatea \u0219i proteja\u021bi-v\u0103 reputa\u021bia cu verificarea rapid\u0103 \u0219i precis\u0103 a plagiatului \u0219i detectarea AI. \u00cencepe\u021bi s\u0103 verifica\u021bi-v\u0103 munca acum.","breadcrumb":{"@id":"https:\/\/plagcheck.com\/ro\/#breadcrumb"},"inLanguage":"ro-RO","potentialAction":[{"@type":"ReadAction","target":["https:\/\/plagcheck.com\/ro\/"]}]},{"@type":"BreadcrumbList","@id":"https:\/\/plagcheck.com\/ro\/#breadcrumb","itemListElement":[{"@type":"ListItem","position":1,"name":"Home","item":"https:\/\/plagcheck.com\/ro\/"},{"@type":"ListItem","position":2,"name":"Acas\u0103"}]},{"@type":"WebSite","@id":"https:\/\/plagcheck.com\/#website","url":"https:\/\/plagcheck.com\/","name":"Plagcheck.com","description":"","potentialAction":[{"@type":"SearchAction","target":{"@type":"EntryPoint","urlTemplate":"https:\/\/plagcheck.com\/?s={search_term_string}"},"query-input":{"@type":"PropertyValueSpecification","valueRequired":true,"valueName":"search_term_string"}}],"inLanguage":"ro-RO"}]}},"_links":{"self":[{"href":"https:\/\/plagcheck.com\/wp-json\/wp\/v2\/pages\/302","targetHints":{"allow":["GET"]}}],"collection":[{"href":"https:\/\/plagcheck.com\/wp-json\/wp\/v2\/pages"}],"about":[{"href":"https:\/\/plagcheck.com\/wp-json\/wp\/v2\/types\/page"}],"author":[{"embeddable":true,"href":"https:\/\/plagcheck.com\/wp-json\/wp\/v2\/users\/1"}],"replies":[{"embeddable":true,"href":"https:\/\/plagcheck.com\/wp-json\/wp\/v2\/comments?post=302"}],"version-history":[{"count":1,"href":"https:\/\/plagcheck.com\/wp-json\/wp\/v2\/pages\/302\/revisions"}],"predecessor-version":[{"id":303,"href":"https:\/\/plagcheck.com\/wp-json\/wp\/v2\/pages\/302\/revisions\/303"}],"wp:attachment":[{"href":"https:\/\/plagcheck.com\/wp-json\/wp\/v2\/media?parent=302"}],"curies":[{"name":"wp","href":"https:\/\/api.w.org\/{rel}","templated":true}]}}