{"id":158,"date":"2025-02-17T08:59:19","date_gmt":"2025-02-17T08:59:19","guid":{"rendered":"https:\/\/plagcheck.com\/?page_id=158","raw":"https:\/\/plagcheck.com\/?page_id=158"},"modified":"2025-02-17T08:59:19","modified_gmt":"2025-02-17T08:59:19","slug":"ai-detector","status":"publish","type":"page","link":"https:\/\/plagcheck.com\/ro\/ai-detector\/","title":{"rendered":"Detector de AI","raw":"Detector de AI"},"content":{"rendered":"","protected":false,"raw":""},"excerpt":{"rendered":"<meta name=\"description\" content=\"Welcome to our website! Discover a wide range of products and services.\">","protected":false,"raw":"<meta name=\"description\" content=\"Welcome to our website! Discover a wide range of products and services.\">"},"author":1,"featured_media":0,"parent":0,"menu_order":0,"comment_status":"closed","ping_status":"closed","template":"","meta":{"_acf_changed":false,"_yoast_wpseo_title":"Detectarea de con\u021binut AI pentru asigurarea autenticitatea","_yoast_wpseo_metadesc":"Detecta\u021bi cu precisie con\u021binutul generat de AI \u0219i p\u0103stra\u021bi originalitatea \u00een lucr\u0103rile academice, profesionale \u0219i creative cu Detectarea AI a PlagCheck. P\u0103streaz\u0103 originalitatea \u00een munca ta academic\u0103, profesional\u0103 \u0219i creativ\u0103 cu Detectarea AI a PlagCheck.","_locale":"ro_RO","_original_post":"https:\/\/plagcheck.com\/?page_id=8","footnotes":""},"class_list":["post-158","page","type-page","status-publish","hentry","ro-RO"],"acf":[],"yoast_head":"<!-- This site is optimized with the Yoast SEO plugin v27.4 - https:\/\/yoast.com\/product\/yoast-seo-wordpress\/ -->\n<title>Detectarea de con\u021binut AI pentru asigurarea autenticitatea<\/title>\n<meta name=\"description\" content=\"Detecta\u021bi cu precisie con\u021binutul generat de AI \u0219i p\u0103stra\u021bi originalitatea \u00een lucr\u0103rile academice, profesionale \u0219i creative cu Detectarea AI a PlagCheck. P\u0103streaz\u0103 originalitatea \u00een munca ta academic\u0103, profesional\u0103 \u0219i creativ\u0103 cu Detectarea AI a PlagCheck.\" \/>\n<meta name=\"robots\" content=\"index, follow, max-snippet:-1, max-image-preview:large, max-video-preview:-1\" \/>\n<link rel=\"canonical\" href=\"https:\/\/plagcheck.com\/ro\/ai-detector\/\" \/>\n<meta property=\"og:locale\" content=\"ro_RO\" \/>\n<meta property=\"og:type\" content=\"article\" \/>\n<meta property=\"og:title\" content=\"Detectarea de con\u021binut AI pentru asigurarea autenticitatea\" \/>\n<meta property=\"og:description\" content=\"Detecta\u021bi cu precisie con\u021binutul generat de AI \u0219i p\u0103stra\u021bi originalitatea \u00een lucr\u0103rile academice, profesionale \u0219i creative cu Detectarea AI a PlagCheck. P\u0103streaz\u0103 originalitatea \u00een munca ta academic\u0103, profesional\u0103 \u0219i creativ\u0103 cu Detectarea AI a PlagCheck.\" \/>\n<meta property=\"og:url\" content=\"https:\/\/plagcheck.com\/ro\/ai-detector\/\" \/>\n<meta property=\"og:site_name\" content=\"Plagcheck.com\" \/>\n<meta name=\"twitter:card\" content=\"summary_large_image\" \/>\n<!-- \/ Yoast SEO plugin. -->","yoast_head_json":{"title":"Detectarea de con\u021binut AI pentru asigurarea autenticitatea","description":"Detecta\u021bi cu precisie con\u021binutul generat de AI \u0219i p\u0103stra\u021bi originalitatea \u00een lucr\u0103rile academice, profesionale \u0219i creative cu Detectarea AI a PlagCheck. P\u0103streaz\u0103 originalitatea \u00een munca ta academic\u0103, profesional\u0103 \u0219i creativ\u0103 cu Detectarea AI a PlagCheck.","robots":{"index":"index","follow":"follow","max-snippet":"max-snippet:-1","max-image-preview":"max-image-preview:large","max-video-preview":"max-video-preview:-1"},"canonical":"https:\/\/plagcheck.com\/ro\/ai-detector\/","og_locale":"ro_RO","og_type":"article","og_title":"Detectarea de con\u021binut AI pentru asigurarea autenticitatea","og_description":"Detecta\u021bi cu precisie con\u021binutul generat de AI \u0219i p\u0103stra\u021bi originalitatea \u00een lucr\u0103rile academice, profesionale \u0219i creative cu Detectarea AI a PlagCheck. P\u0103streaz\u0103 originalitatea \u00een munca ta academic\u0103, profesional\u0103 \u0219i creativ\u0103 cu Detectarea AI a PlagCheck.","og_url":"https:\/\/plagcheck.com\/ro\/ai-detector\/","og_site_name":"Plagcheck.com","twitter_card":"summary_large_image","schema":{"@context":"https:\/\/schema.org","@graph":[{"@type":"WebPage","@id":"https:\/\/plagcheck.com\/ro\/ai-detector\/","url":"https:\/\/plagcheck.com\/ro\/ai-detector\/","name":"Detectarea de con\u021binut AI pentru asigurarea autenticitatea","isPartOf":{"@id":"https:\/\/plagcheck.com\/#website"},"datePublished":"2025-02-17T08:59:19+00:00","description":"Detecta\u021bi cu precisie con\u021binutul generat de AI \u0219i p\u0103stra\u021bi originalitatea \u00een lucr\u0103rile academice, profesionale \u0219i creative cu Detectarea AI a PlagCheck. P\u0103streaz\u0103 originalitatea \u00een munca ta academic\u0103, profesional\u0103 \u0219i creativ\u0103 cu Detectarea AI a PlagCheck.","breadcrumb":{"@id":"https:\/\/plagcheck.com\/ro\/ai-detector\/#breadcrumb"},"inLanguage":"ro-RO","potentialAction":[{"@type":"ReadAction","target":["https:\/\/plagcheck.com\/ro\/ai-detector\/"]}]},{"@type":"BreadcrumbList","@id":"https:\/\/plagcheck.com\/ro\/ai-detector\/#breadcrumb","itemListElement":[{"@type":"ListItem","position":1,"name":"Home","item":"https:\/\/plagcheck.com\/ro\/"},{"@type":"ListItem","position":2,"name":"Detector de AI"}]},{"@type":"WebSite","@id":"https:\/\/plagcheck.com\/#website","url":"https:\/\/plagcheck.com\/","name":"Plagcheck.com","description":"","potentialAction":[{"@type":"SearchAction","target":{"@type":"EntryPoint","urlTemplate":"https:\/\/plagcheck.com\/?s={search_term_string}"},"query-input":{"@type":"PropertyValueSpecification","valueRequired":true,"valueName":"search_term_string"}}],"inLanguage":"ro-RO"}]}},"_links":{"self":[{"href":"https:\/\/plagcheck.com\/wp-json\/wp\/v2\/pages\/158","targetHints":{"allow":["GET"]}}],"collection":[{"href":"https:\/\/plagcheck.com\/wp-json\/wp\/v2\/pages"}],"about":[{"href":"https:\/\/plagcheck.com\/wp-json\/wp\/v2\/types\/page"}],"author":[{"embeddable":true,"href":"https:\/\/plagcheck.com\/wp-json\/wp\/v2\/users\/1"}],"replies":[{"embeddable":true,"href":"https:\/\/plagcheck.com\/wp-json\/wp\/v2\/comments?post=158"}],"version-history":[{"count":1,"href":"https:\/\/plagcheck.com\/wp-json\/wp\/v2\/pages\/158\/revisions"}],"predecessor-version":[{"id":159,"href":"https:\/\/plagcheck.com\/wp-json\/wp\/v2\/pages\/158\/revisions\/159"}],"wp:attachment":[{"href":"https:\/\/plagcheck.com\/wp-json\/wp\/v2\/media?parent=158"}],"curies":[{"name":"wp","href":"https:\/\/api.w.org\/{rel}","templated":true}]}}