{"id":584,"date":"2025-04-30T18:46:25","date_gmt":"2025-04-30T18:46:25","guid":{"rendered":"https:\/\/plagcheck.com\/?page_id=584","raw":"https:\/\/plagcheck.com\/?page_id=584"},"modified":"2025-04-30T18:46:25","modified_gmt":"2025-04-30T18:46:25","slug":"turnitin-alternative","status":"publish","type":"page","link":"https:\/\/plagcheck.com\/pt\/turnitin-alternative\/","title":{"rendered":"Alternativa ao Turnitin","raw":"Alternativa ao Turnitin"},"content":{"rendered":"","protected":false,"raw":""},"excerpt":{"rendered":"","protected":false,"raw":""},"author":1,"featured_media":0,"parent":0,"menu_order":0,"comment_status":"closed","ping_status":"closed","template":"","meta":{"_acf_changed":false,"_yoast_wpseo_title":"Alternativa ao Turnitin com Verifica\u00e7\u00f5es di\u00e1rias gratuitas de pl\u00e1gio|PlagCheck","_yoast_wpseo_metadesc":"Utilize o PlagCheck como alternativa gratuita ao Turnitin. Verifique at\u00e9 300 palavras diariamente por pl\u00e1gio e conte\u00fado gerado por IA. N\u00e3o \u00e9 necess\u00e1rio uma conta acad\u00e9mica.","_locale":"pt_PT","_original_post":"https:\/\/plagcheck.com\/?page_id=547","footnotes":""},"class_list":["post-584","page","type-page","status-publish","hentry","pt-PT"],"acf":[],"yoast_head":"<!-- This site is optimized with the Yoast SEO plugin v27.5 - https:\/\/yoast.com\/product\/yoast-seo-wordpress\/ -->\n<title>Alternativa ao Turnitin com Verifica\u00e7\u00f5es di\u00e1rias gratuitas de pl\u00e1gio|PlagCheck<\/title>\n<meta name=\"description\" content=\"Utilize o PlagCheck como alternativa gratuita ao Turnitin. Verifique at\u00e9 300 palavras diariamente por pl\u00e1gio e conte\u00fado gerado por IA. N\u00e3o \u00e9 necess\u00e1rio uma conta acad\u00e9mica.\" \/>\n<meta name=\"robots\" content=\"index, follow, max-snippet:-1, max-image-preview:large, max-video-preview:-1\" \/>\n<link rel=\"canonical\" href=\"https:\/\/plagcheck.com\/pt\/turnitin-alternative\/\" \/>\n<meta property=\"og:locale\" content=\"pt_PT\" \/>\n<meta property=\"og:type\" content=\"article\" \/>\n<meta property=\"og:title\" content=\"Alternativa ao Turnitin com Verifica\u00e7\u00f5es di\u00e1rias gratuitas de pl\u00e1gio|PlagCheck\" \/>\n<meta property=\"og:description\" content=\"Utilize o PlagCheck como alternativa gratuita ao Turnitin. Verifique at\u00e9 300 palavras diariamente por pl\u00e1gio e conte\u00fado gerado por IA. N\u00e3o \u00e9 necess\u00e1rio uma conta acad\u00e9mica.\" \/>\n<meta property=\"og:url\" content=\"https:\/\/plagcheck.com\/pt\/turnitin-alternative\/\" \/>\n<meta property=\"og:site_name\" content=\"Plagcheck.com\" \/>\n<meta name=\"twitter:card\" content=\"summary_large_image\" \/>\n<!-- \/ Yoast SEO plugin. -->","yoast_head_json":{"title":"Alternativa ao Turnitin com Verifica\u00e7\u00f5es di\u00e1rias gratuitas de pl\u00e1gio|PlagCheck","description":"Utilize o PlagCheck como alternativa gratuita ao Turnitin. Verifique at\u00e9 300 palavras diariamente por pl\u00e1gio e conte\u00fado gerado por IA. N\u00e3o \u00e9 necess\u00e1rio uma conta acad\u00e9mica.","robots":{"index":"index","follow":"follow","max-snippet":"max-snippet:-1","max-image-preview":"max-image-preview:large","max-video-preview":"max-video-preview:-1"},"canonical":"https:\/\/plagcheck.com\/pt\/turnitin-alternative\/","og_locale":"pt_PT","og_type":"article","og_title":"Alternativa ao Turnitin com Verifica\u00e7\u00f5es di\u00e1rias gratuitas de pl\u00e1gio|PlagCheck","og_description":"Utilize o PlagCheck como alternativa gratuita ao Turnitin. Verifique at\u00e9 300 palavras diariamente por pl\u00e1gio e conte\u00fado gerado por IA. N\u00e3o \u00e9 necess\u00e1rio uma conta acad\u00e9mica.","og_url":"https:\/\/plagcheck.com\/pt\/turnitin-alternative\/","og_site_name":"Plagcheck.com","twitter_card":"summary_large_image","schema":{"@context":"https:\/\/schema.org","@graph":[{"@type":"WebPage","@id":"https:\/\/plagcheck.com\/pt\/turnitin-alternative\/","url":"https:\/\/plagcheck.com\/pt\/turnitin-alternative\/","name":"Alternativa ao Turnitin com Verifica\u00e7\u00f5es di\u00e1rias gratuitas de pl\u00e1gio|PlagCheck","isPartOf":{"@id":"https:\/\/plagcheck.com\/#website"},"datePublished":"2025-04-30T18:46:25+00:00","description":"Utilize o PlagCheck como alternativa gratuita ao Turnitin. Verifique at\u00e9 300 palavras diariamente por pl\u00e1gio e conte\u00fado gerado por IA. N\u00e3o \u00e9 necess\u00e1rio uma conta acad\u00e9mica.","breadcrumb":{"@id":"https:\/\/plagcheck.com\/pt\/turnitin-alternative\/#breadcrumb"},"inLanguage":"pt-PT","potentialAction":[{"@type":"ReadAction","target":["https:\/\/plagcheck.com\/pt\/turnitin-alternative\/"]}]},{"@type":"BreadcrumbList","@id":"https:\/\/plagcheck.com\/pt\/turnitin-alternative\/#breadcrumb","itemListElement":[{"@type":"ListItem","position":1,"name":"Home","item":"https:\/\/plagcheck.com\/pt\/"},{"@type":"ListItem","position":2,"name":"Alternativa ao Turnitin"}]},{"@type":"WebSite","@id":"https:\/\/plagcheck.com\/#website","url":"https:\/\/plagcheck.com\/","name":"Plagcheck.com","description":"","potentialAction":[{"@type":"SearchAction","target":{"@type":"EntryPoint","urlTemplate":"https:\/\/plagcheck.com\/?s={search_term_string}"},"query-input":{"@type":"PropertyValueSpecification","valueRequired":true,"valueName":"search_term_string"}}],"inLanguage":"pt-PT"}]}},"_links":{"self":[{"href":"https:\/\/plagcheck.com\/wp-json\/wp\/v2\/pages\/584","targetHints":{"allow":["GET"]}}],"collection":[{"href":"https:\/\/plagcheck.com\/wp-json\/wp\/v2\/pages"}],"about":[{"href":"https:\/\/plagcheck.com\/wp-json\/wp\/v2\/types\/page"}],"author":[{"embeddable":true,"href":"https:\/\/plagcheck.com\/wp-json\/wp\/v2\/users\/1"}],"replies":[{"embeddable":true,"href":"https:\/\/plagcheck.com\/wp-json\/wp\/v2\/comments?post=584"}],"version-history":[{"count":1,"href":"https:\/\/plagcheck.com\/wp-json\/wp\/v2\/pages\/584\/revisions"}],"predecessor-version":[{"id":585,"href":"https:\/\/plagcheck.com\/wp-json\/wp\/v2\/pages\/584\/revisions\/585"}],"wp:attachment":[{"href":"https:\/\/plagcheck.com\/wp-json\/wp\/v2\/media?parent=584"}],"curies":[{"name":"wp","href":"https:\/\/api.w.org\/{rel}","templated":true}]}}