{"id":192,"date":"2025-02-17T08:59:11","date_gmt":"2025-02-17T08:59:11","guid":{"rendered":"https:\/\/plagcheck.com\/?page_id=192","raw":"https:\/\/plagcheck.com\/?page_id=192"},"modified":"2025-02-17T08:59:11","modified_gmt":"2025-02-17T08:59:11","slug":"about-us","status":"publish","type":"page","link":"https:\/\/plagcheck.com\/pt\/about-us\/","title":{"rendered":"Sobre n\u00f3s","raw":"Sobre n\u00f3s"},"content":{"rendered":"","protected":false,"raw":""},"excerpt":{"rendered":"","protected":false,"raw":""},"author":1,"featured_media":0,"parent":0,"menu_order":0,"comment_status":"closed","ping_status":"closed","template":"","meta":{"_acf_changed":false,"_yoast_wpseo_title":"Sobre PlagCheck.com: Integridade e Inova\u00e7\u00e3o","_yoast_wpseo_metadesc":"Na PlagCheck, combinamos inova\u00e7\u00e3o e confian\u00e7a para oferecer detec\u00e7\u00e3o de pl\u00e1gio e IA confi\u00e1vel, garantindo que seu trabalho sempre seja original.","_locale":"pt_PT","_original_post":"https:\/\/plagcheck.com\/?page_id=9","footnotes":""},"class_list":["post-192","page","type-page","status-publish","hentry","pt-PT"],"acf":[],"yoast_head":"<!-- This site is optimized with the Yoast SEO plugin v27.5 - https:\/\/yoast.com\/product\/yoast-seo-wordpress\/ -->\n<title>Sobre PlagCheck.com: Integridade e Inova\u00e7\u00e3o<\/title>\n<meta name=\"description\" content=\"Na PlagCheck, combinamos inova\u00e7\u00e3o e confian\u00e7a para oferecer detec\u00e7\u00e3o de pl\u00e1gio e IA confi\u00e1vel, garantindo que seu trabalho sempre seja original.\" \/>\n<meta name=\"robots\" content=\"index, follow, max-snippet:-1, max-image-preview:large, max-video-preview:-1\" \/>\n<link rel=\"canonical\" href=\"https:\/\/plagcheck.com\/pt\/about-us\/\" \/>\n<meta property=\"og:locale\" content=\"pt_PT\" \/>\n<meta property=\"og:type\" content=\"article\" \/>\n<meta property=\"og:title\" content=\"Sobre PlagCheck.com: Integridade e Inova\u00e7\u00e3o\" \/>\n<meta property=\"og:description\" content=\"Na PlagCheck, combinamos inova\u00e7\u00e3o e confian\u00e7a para oferecer detec\u00e7\u00e3o de pl\u00e1gio e IA confi\u00e1vel, garantindo que seu trabalho sempre seja original.\" \/>\n<meta property=\"og:url\" content=\"https:\/\/plagcheck.com\/pt\/about-us\/\" \/>\n<meta property=\"og:site_name\" content=\"Plagcheck.com\" \/>\n<meta name=\"twitter:card\" content=\"summary_large_image\" \/>\n<!-- \/ Yoast SEO plugin. -->","yoast_head_json":{"title":"Sobre PlagCheck.com: Integridade e Inova\u00e7\u00e3o","description":"Na PlagCheck, combinamos inova\u00e7\u00e3o e confian\u00e7a para oferecer detec\u00e7\u00e3o de pl\u00e1gio e IA confi\u00e1vel, garantindo que seu trabalho sempre seja original.","robots":{"index":"index","follow":"follow","max-snippet":"max-snippet:-1","max-image-preview":"max-image-preview:large","max-video-preview":"max-video-preview:-1"},"canonical":"https:\/\/plagcheck.com\/pt\/about-us\/","og_locale":"pt_PT","og_type":"article","og_title":"Sobre PlagCheck.com: Integridade e Inova\u00e7\u00e3o","og_description":"Na PlagCheck, combinamos inova\u00e7\u00e3o e confian\u00e7a para oferecer detec\u00e7\u00e3o de pl\u00e1gio e IA confi\u00e1vel, garantindo que seu trabalho sempre seja original.","og_url":"https:\/\/plagcheck.com\/pt\/about-us\/","og_site_name":"Plagcheck.com","twitter_card":"summary_large_image","schema":{"@context":"https:\/\/schema.org","@graph":[{"@type":"WebPage","@id":"https:\/\/plagcheck.com\/pt\/about-us\/","url":"https:\/\/plagcheck.com\/pt\/about-us\/","name":"Sobre PlagCheck.com: Integridade e Inova\u00e7\u00e3o","isPartOf":{"@id":"https:\/\/plagcheck.com\/#website"},"datePublished":"2025-02-17T08:59:11+00:00","description":"Na PlagCheck, combinamos inova\u00e7\u00e3o e confian\u00e7a para oferecer detec\u00e7\u00e3o de pl\u00e1gio e IA confi\u00e1vel, garantindo que seu trabalho sempre seja original.","breadcrumb":{"@id":"https:\/\/plagcheck.com\/pt\/about-us\/#breadcrumb"},"inLanguage":"pt-PT","potentialAction":[{"@type":"ReadAction","target":["https:\/\/plagcheck.com\/pt\/about-us\/"]}]},{"@type":"BreadcrumbList","@id":"https:\/\/plagcheck.com\/pt\/about-us\/#breadcrumb","itemListElement":[{"@type":"ListItem","position":1,"name":"Home","item":"https:\/\/plagcheck.com\/pt\/"},{"@type":"ListItem","position":2,"name":"Sobre n\u00f3s"}]},{"@type":"WebSite","@id":"https:\/\/plagcheck.com\/#website","url":"https:\/\/plagcheck.com\/","name":"Plagcheck.com","description":"","potentialAction":[{"@type":"SearchAction","target":{"@type":"EntryPoint","urlTemplate":"https:\/\/plagcheck.com\/?s={search_term_string}"},"query-input":{"@type":"PropertyValueSpecification","valueRequired":true,"valueName":"search_term_string"}}],"inLanguage":"pt-PT"}]}},"_links":{"self":[{"href":"https:\/\/plagcheck.com\/wp-json\/wp\/v2\/pages\/192","targetHints":{"allow":["GET"]}}],"collection":[{"href":"https:\/\/plagcheck.com\/wp-json\/wp\/v2\/pages"}],"about":[{"href":"https:\/\/plagcheck.com\/wp-json\/wp\/v2\/types\/page"}],"author":[{"embeddable":true,"href":"https:\/\/plagcheck.com\/wp-json\/wp\/v2\/users\/1"}],"replies":[{"embeddable":true,"href":"https:\/\/plagcheck.com\/wp-json\/wp\/v2\/comments?post=192"}],"version-history":[{"count":1,"href":"https:\/\/plagcheck.com\/wp-json\/wp\/v2\/pages\/192\/revisions"}],"predecessor-version":[{"id":193,"href":"https:\/\/plagcheck.com\/wp-json\/wp\/v2\/pages\/192\/revisions\/193"}],"wp:attachment":[{"href":"https:\/\/plagcheck.com\/wp-json\/wp\/v2\/media?parent=192"}],"curies":[{"name":"wp","href":"https:\/\/api.w.org\/{rel}","templated":true}]}}