{"id":156,"date":"2025-02-17T08:59:19","date_gmt":"2025-02-17T08:59:19","guid":{"rendered":"https:\/\/plagcheck.com\/?page_id=156","raw":"https:\/\/plagcheck.com\/?page_id=156"},"modified":"2025-02-17T08:59:19","modified_gmt":"2025-02-17T08:59:19","slug":"ai-detector","status":"publish","type":"page","link":"https:\/\/plagcheck.com\/pt\/ai-detector\/","title":{"rendered":"Detector de IA","raw":"Detector de IA"},"content":{"rendered":"","protected":false,"raw":""},"excerpt":{"rendered":"","protected":false,"raw":""},"author":1,"featured_media":0,"parent":0,"menu_order":0,"comment_status":"closed","ping_status":"closed","template":"","meta":{"_acf_changed":false,"_yoast_wpseo_title":"Detec\u00e7\u00e3o de Conte\u00fado de IA para Garantia de Autenticidade","_yoast_wpseo_metadesc":"Detecte conte\u00fado gerado por IA com precis\u00e3o e mantenha a originalidade em seu trabalho acad\u00eamico, profissional e criativo com a detec\u00e7\u00e3o de IA da PlagCheck.","_locale":"pt_PT","_original_post":"https:\/\/plagcheck.com\/?page_id=8","footnotes":""},"class_list":["post-156","page","type-page","status-publish","hentry","pt-PT"],"acf":[],"yoast_head":"<!-- This site is optimized with the Yoast SEO plugin v27.5 - https:\/\/yoast.com\/product\/yoast-seo-wordpress\/ -->\n<title>Detec\u00e7\u00e3o de Conte\u00fado de IA para Garantia de Autenticidade<\/title>\n<meta name=\"description\" content=\"Detecte conte\u00fado gerado por IA com precis\u00e3o e mantenha a originalidade em seu trabalho acad\u00eamico, profissional e criativo com a detec\u00e7\u00e3o de IA da PlagCheck.\" \/>\n<meta name=\"robots\" content=\"index, follow, max-snippet:-1, max-image-preview:large, max-video-preview:-1\" \/>\n<link rel=\"canonical\" href=\"https:\/\/plagcheck.com\/pt\/ai-detector\/\" \/>\n<meta property=\"og:locale\" content=\"pt_PT\" \/>\n<meta property=\"og:type\" content=\"article\" \/>\n<meta property=\"og:title\" content=\"Detec\u00e7\u00e3o de Conte\u00fado de IA para Garantia de Autenticidade\" \/>\n<meta property=\"og:description\" content=\"Detecte conte\u00fado gerado por IA com precis\u00e3o e mantenha a originalidade em seu trabalho acad\u00eamico, profissional e criativo com a detec\u00e7\u00e3o de IA da PlagCheck.\" \/>\n<meta property=\"og:url\" content=\"https:\/\/plagcheck.com\/pt\/ai-detector\/\" \/>\n<meta property=\"og:site_name\" content=\"Plagcheck.com\" \/>\n<meta name=\"twitter:card\" content=\"summary_large_image\" \/>\n<!-- \/ Yoast SEO plugin. -->","yoast_head_json":{"title":"Detec\u00e7\u00e3o de Conte\u00fado de IA para Garantia de Autenticidade","description":"Detecte conte\u00fado gerado por IA com precis\u00e3o e mantenha a originalidade em seu trabalho acad\u00eamico, profissional e criativo com a detec\u00e7\u00e3o de IA da PlagCheck.","robots":{"index":"index","follow":"follow","max-snippet":"max-snippet:-1","max-image-preview":"max-image-preview:large","max-video-preview":"max-video-preview:-1"},"canonical":"https:\/\/plagcheck.com\/pt\/ai-detector\/","og_locale":"pt_PT","og_type":"article","og_title":"Detec\u00e7\u00e3o de Conte\u00fado de IA para Garantia de Autenticidade","og_description":"Detecte conte\u00fado gerado por IA com precis\u00e3o e mantenha a originalidade em seu trabalho acad\u00eamico, profissional e criativo com a detec\u00e7\u00e3o de IA da PlagCheck.","og_url":"https:\/\/plagcheck.com\/pt\/ai-detector\/","og_site_name":"Plagcheck.com","twitter_card":"summary_large_image","schema":{"@context":"https:\/\/schema.org","@graph":[{"@type":"WebPage","@id":"https:\/\/plagcheck.com\/pt\/ai-detector\/","url":"https:\/\/plagcheck.com\/pt\/ai-detector\/","name":"Detec\u00e7\u00e3o de Conte\u00fado de IA para Garantia de Autenticidade","isPartOf":{"@id":"https:\/\/plagcheck.com\/#website"},"datePublished":"2025-02-17T08:59:19+00:00","description":"Detecte conte\u00fado gerado por IA com precis\u00e3o e mantenha a originalidade em seu trabalho acad\u00eamico, profissional e criativo com a detec\u00e7\u00e3o de IA da PlagCheck.","breadcrumb":{"@id":"https:\/\/plagcheck.com\/pt\/ai-detector\/#breadcrumb"},"inLanguage":"pt-PT","potentialAction":[{"@type":"ReadAction","target":["https:\/\/plagcheck.com\/pt\/ai-detector\/"]}]},{"@type":"BreadcrumbList","@id":"https:\/\/plagcheck.com\/pt\/ai-detector\/#breadcrumb","itemListElement":[{"@type":"ListItem","position":1,"name":"Home","item":"https:\/\/plagcheck.com\/pt\/"},{"@type":"ListItem","position":2,"name":"Detector de IA"}]},{"@type":"WebSite","@id":"https:\/\/plagcheck.com\/#website","url":"https:\/\/plagcheck.com\/","name":"Plagcheck.com","description":"","potentialAction":[{"@type":"SearchAction","target":{"@type":"EntryPoint","urlTemplate":"https:\/\/plagcheck.com\/?s={search_term_string}"},"query-input":{"@type":"PropertyValueSpecification","valueRequired":true,"valueName":"search_term_string"}}],"inLanguage":"pt-PT"}]}},"_links":{"self":[{"href":"https:\/\/plagcheck.com\/wp-json\/wp\/v2\/pages\/156","targetHints":{"allow":["GET"]}}],"collection":[{"href":"https:\/\/plagcheck.com\/wp-json\/wp\/v2\/pages"}],"about":[{"href":"https:\/\/plagcheck.com\/wp-json\/wp\/v2\/types\/page"}],"author":[{"embeddable":true,"href":"https:\/\/plagcheck.com\/wp-json\/wp\/v2\/users\/1"}],"replies":[{"embeddable":true,"href":"https:\/\/plagcheck.com\/wp-json\/wp\/v2\/comments?post=156"}],"version-history":[{"count":1,"href":"https:\/\/plagcheck.com\/wp-json\/wp\/v2\/pages\/156\/revisions"}],"predecessor-version":[{"id":157,"href":"https:\/\/plagcheck.com\/wp-json\/wp\/v2\/pages\/156\/revisions\/157"}],"wp:attachment":[{"href":"https:\/\/plagcheck.com\/wp-json\/wp\/v2\/media?parent=156"}],"curies":[{"name":"wp","href":"https:\/\/api.w.org\/{rel}","templated":true}]}}