{"id":582,"date":"2025-04-30T18:46:25","date_gmt":"2025-04-30T18:46:25","guid":{"rendered":"https:\/\/plagcheck.com\/?page_id=582","raw":"https:\/\/plagcheck.com\/?page_id=582"},"modified":"2025-04-30T18:46:25","modified_gmt":"2025-04-30T18:46:25","slug":"turnitin-alternative","status":"publish","type":"page","link":"https:\/\/plagcheck.com\/pl\/turnitin-alternative\/","title":{"rendered":"Alternatywa dla Turnituna","raw":"Alternatywa dla Turnituna"},"content":{"rendered":"","protected":false,"raw":""},"excerpt":{"rendered":"","protected":false,"raw":""},"author":1,"featured_media":0,"parent":0,"menu_order":0,"comment_status":"closed","ping_status":"closed","template":"","meta":{"_acf_changed":false,"_yoast_wpseo_title":"Alternatywa dla Turnituna z darmowymi codziennymi sprawdzaniem plagiat\u00f3w | PlagCheck","_yoast_wpseo_metadesc":"U\u017cyj PlagCheck jako swojej darmowej alternatywy dla Turnituna. Skanuj do 300 s\u0142\u00f3w dziennie pod k\u0105tem plagiatu i tre\u015bci generowanych przez AI. Nie potrzebny jest rachunek akademicki.","_locale":"pl_PL","_original_post":"https:\/\/plagcheck.com\/?page_id=547","footnotes":""},"class_list":["post-582","page","type-page","status-publish","hentry","pl-PL"],"acf":[],"yoast_head":"<!-- This site is optimized with the Yoast SEO plugin v27.4 - https:\/\/yoast.com\/product\/yoast-seo-wordpress\/ -->\n<title>Alternatywa dla Turnituna z darmowymi codziennymi sprawdzaniem plagiat\u00f3w | PlagCheck<\/title>\n<meta name=\"description\" content=\"U\u017cyj PlagCheck jako swojej darmowej alternatywy dla Turnituna. Skanuj do 300 s\u0142\u00f3w dziennie pod k\u0105tem plagiatu i tre\u015bci generowanych przez AI. Nie potrzebny jest rachunek akademicki.\" \/>\n<meta name=\"robots\" content=\"index, follow, max-snippet:-1, max-image-preview:large, max-video-preview:-1\" \/>\n<link rel=\"canonical\" href=\"https:\/\/plagcheck.com\/pl\/turnitin-alternative\/\" \/>\n<meta property=\"og:locale\" content=\"pl_PL\" \/>\n<meta property=\"og:type\" content=\"article\" \/>\n<meta property=\"og:title\" content=\"Alternatywa dla Turnituna z darmowymi codziennymi sprawdzaniem plagiat\u00f3w | PlagCheck\" \/>\n<meta property=\"og:description\" content=\"U\u017cyj PlagCheck jako swojej darmowej alternatywy dla Turnituna. Skanuj do 300 s\u0142\u00f3w dziennie pod k\u0105tem plagiatu i tre\u015bci generowanych przez AI. Nie potrzebny jest rachunek akademicki.\" \/>\n<meta property=\"og:url\" content=\"https:\/\/plagcheck.com\/pl\/turnitin-alternative\/\" \/>\n<meta property=\"og:site_name\" content=\"Plagcheck.com\" \/>\n<meta name=\"twitter:card\" content=\"summary_large_image\" \/>\n<!-- \/ Yoast SEO plugin. -->","yoast_head_json":{"title":"Alternatywa dla Turnituna z darmowymi codziennymi sprawdzaniem plagiat\u00f3w | PlagCheck","description":"U\u017cyj PlagCheck jako swojej darmowej alternatywy dla Turnituna. Skanuj do 300 s\u0142\u00f3w dziennie pod k\u0105tem plagiatu i tre\u015bci generowanych przez AI. Nie potrzebny jest rachunek akademicki.","robots":{"index":"index","follow":"follow","max-snippet":"max-snippet:-1","max-image-preview":"max-image-preview:large","max-video-preview":"max-video-preview:-1"},"canonical":"https:\/\/plagcheck.com\/pl\/turnitin-alternative\/","og_locale":"pl_PL","og_type":"article","og_title":"Alternatywa dla Turnituna z darmowymi codziennymi sprawdzaniem plagiat\u00f3w | PlagCheck","og_description":"U\u017cyj PlagCheck jako swojej darmowej alternatywy dla Turnituna. Skanuj do 300 s\u0142\u00f3w dziennie pod k\u0105tem plagiatu i tre\u015bci generowanych przez AI. Nie potrzebny jest rachunek akademicki.","og_url":"https:\/\/plagcheck.com\/pl\/turnitin-alternative\/","og_site_name":"Plagcheck.com","twitter_card":"summary_large_image","schema":{"@context":"https:\/\/schema.org","@graph":[{"@type":"WebPage","@id":"https:\/\/plagcheck.com\/pl\/turnitin-alternative\/","url":"https:\/\/plagcheck.com\/pl\/turnitin-alternative\/","name":"Alternatywa dla Turnituna z darmowymi codziennymi sprawdzaniem plagiat\u00f3w | PlagCheck","isPartOf":{"@id":"https:\/\/plagcheck.com\/#website"},"datePublished":"2025-04-30T18:46:25+00:00","description":"U\u017cyj PlagCheck jako swojej darmowej alternatywy dla Turnituna. Skanuj do 300 s\u0142\u00f3w dziennie pod k\u0105tem plagiatu i tre\u015bci generowanych przez AI. Nie potrzebny jest rachunek akademicki.","breadcrumb":{"@id":"https:\/\/plagcheck.com\/pl\/turnitin-alternative\/#breadcrumb"},"inLanguage":"pl-PL","potentialAction":[{"@type":"ReadAction","target":["https:\/\/plagcheck.com\/pl\/turnitin-alternative\/"]}]},{"@type":"BreadcrumbList","@id":"https:\/\/plagcheck.com\/pl\/turnitin-alternative\/#breadcrumb","itemListElement":[{"@type":"ListItem","position":1,"name":"Home","item":"https:\/\/plagcheck.com\/pl\/"},{"@type":"ListItem","position":2,"name":"Alternatywa dla Turnituna"}]},{"@type":"WebSite","@id":"https:\/\/plagcheck.com\/#website","url":"https:\/\/plagcheck.com\/","name":"Plagcheck.com","description":"","potentialAction":[{"@type":"SearchAction","target":{"@type":"EntryPoint","urlTemplate":"https:\/\/plagcheck.com\/?s={search_term_string}"},"query-input":{"@type":"PropertyValueSpecification","valueRequired":true,"valueName":"search_term_string"}}],"inLanguage":"pl-PL"}]}},"_links":{"self":[{"href":"https:\/\/plagcheck.com\/wp-json\/wp\/v2\/pages\/582","targetHints":{"allow":["GET"]}}],"collection":[{"href":"https:\/\/plagcheck.com\/wp-json\/wp\/v2\/pages"}],"about":[{"href":"https:\/\/plagcheck.com\/wp-json\/wp\/v2\/types\/page"}],"author":[{"embeddable":true,"href":"https:\/\/plagcheck.com\/wp-json\/wp\/v2\/users\/1"}],"replies":[{"embeddable":true,"href":"https:\/\/plagcheck.com\/wp-json\/wp\/v2\/comments?post=582"}],"version-history":[{"count":1,"href":"https:\/\/plagcheck.com\/wp-json\/wp\/v2\/pages\/582\/revisions"}],"predecessor-version":[{"id":583,"href":"https:\/\/plagcheck.com\/wp-json\/wp\/v2\/pages\/582\/revisions\/583"}],"wp:attachment":[{"href":"https:\/\/plagcheck.com\/wp-json\/wp\/v2\/media?parent=582"}],"curies":[{"name":"wp","href":"https:\/\/api.w.org\/{rel}","templated":true}]}}