{"id":472,"date":"2026-04-20T14:36:38","date_gmt":"2026-04-20T14:36:38","guid":{"rendered":"https:\/\/plagcheck.com\/?page_id=472","raw":"https:\/\/plagcheck.com\/?page_id=472"},"modified":"2026-04-20T14:36:38","modified_gmt":"2026-04-20T14:36:38","slug":"privacy-policy","status":"publish","type":"page","link":"https:\/\/plagcheck.com\/pl\/privacy-policy\/","title":{"rendered":"Polityka prywatno\u015bci","raw":"Polityka prywatno\u015bci"},"content":{"rendered":"<p>System Technology Online Spain Sl., Calle Pintor P\u00e9rez Gil 2, B.46 03540, Alicante, Hiszpania (\u201eUSA\u201d, \u201emy\u201d lub \u201enasz\u201d) prowadzi stron\u0119 internetow\u0105 PlagCheck.com i jest administratorem Twoich danych osobowych.<\/p>\n<p>Chcieliby\u015bmy wyrazi\u0107 nasz\u0105 wdzi\u0119czno\u015b\u0107 za czas, kt\u00f3ry po\u015bwi\u0119ci\u0142e\u015b na zapoznanie si\u0119 z naszymi ofertami i zainteresowanie us\u0142ugami naszej firmy. Mo\u017cesz by\u0107 pewien, \u017ce gwarantujemy nieujawnianie jakichkolwiek danych osobowych naszych klient\u00f3w. Wszelkiego rodzaju dane osobowe, kt\u00f3re dostarczaj\u0105 nasi klienci, pozostaj\u0105 bezpieczne i prywatne. \u017badne niew\u0142a\u015bciwe u\u017cycie lub utrata danych nie jest mo\u017cliwe, je\u015bli wybierzesz us\u0142ugi naszej firmy.<\/p>\n<p>Poni\u017cej znajduj\u0105 si\u0119 wyja\u015bnienia dotycz\u0105ce danych, kt\u00f3re zbieramy od naszych klient\u00f3w.<\/p>\n<p>Podczas wsp\u00f3\u0142pracy potrzebujemy nast\u0119puj\u0105cych danych:<\/p>\n<ul>\n<li>nasi klienci;<\/li>\n<li>odwiedzaj\u0105cych nasz\u0105 stron\u0119 internetow\u0105.<\/li>\n<\/ul>\n<p>Te dane, zebrane przez serwer strony internetowej, obejmuj\u0105:<\/p>\n<ul>\n<li>Typ przegl\u0105darki;<\/li>\n<li>dzie\u0144 i godzina dost\u0119pu do strony internetowej;<\/li>\n<li>Typ systemu operacyjnego.<\/li>\n<\/ul>\n<p>Nale\u017cy pami\u0119ta\u0107, \u017ce zebrane informacje nigdy nie s\u0105 sprzedawane ani udost\u0119pniane; Nie jest to zwi\u0105zane z ujawnieniem jakiejkolwiek to\u017csamo\u015bci. Jedynym celem gromadzenia tych danych jest dostosowywanie danych i ulepszanie zawarto\u015bci strony internetowej.<\/p>\n<p><strong>Pliki cookie<\/strong><\/p>\n<p>Strony nale\u017c\u0105ce do PlagCheck.com u\u017cywaj\u0105 plik\u00f3w o nazwie \u201eCookies\u201d &#8211; plik\u00f3w tekstowych przesy\u0142anych do systemu komputerowego za po\u015brednictwem przegl\u0105darki internetowej. Pliki te umo\u017cliwiaj\u0105 nam dostarczenie surfuj\u0105cym na naszej stronie internetowej z przyjaznymi dla u\u017cytkownika tre\u015bciami.<\/p>\n<p>Odbi\u00f3r plik\u00f3w cookie mo\u017ce zosta\u0107 zatrzymany, je\u015bli zmieni si\u0119 ustawienia przegl\u0105darek internetowych. Ju\u017c ustawione pliki cookie mo\u017cna usun\u0105\u0107 za pomoc\u0105 okre\u015blonych program\u00f3w komputerowych lub przez Internet. Nale\u017cy pami\u0119ta\u0107, \u017ce niekt\u00f3re funkcje oferowane przez nasz\u0105 stron\u0119 internetow\u0105 mog\u0105 by\u0107 niedost\u0119pne po dezaktywacji zbierania plik\u00f3w cookie.<\/p>\n<p><strong>Zbieranie danych zakupu<\/strong><\/p>\n<p>PlagCheck.com gromadzi takie dane osobowe, jak imi\u0119 i nazwisko, numer telefonu, adres e-mail, kraj pochodzenia i data urodzenia. W celu sprawnego przetwarzania aplikacji u\u017cytkownik\u00f3w, nasz zas\u00f3b zbiera r\u00f3wnie\u017c poufne dane, tj. numery kart kredytowych i paszport\u00f3w, historie zdrowia, aby wys\u0142a\u0107 je do naszych towarzyszy ubezpieczeniowych. W jakikolwiek inny spos\u00f3b, plagcheck.com nie gromadzi ani nie przechowuje \u017cadnych poufnych informacji.<\/p>\n<p><strong>Zbieranie informacji og\u00f3lnych<\/strong><\/p>\n<p>Strony internetowe nale\u017c\u0105ce do sieci PlagCheck.com mog\u0105 gromadzi\u0107 dane o:<\/p>\n<ul>\n<li>rodzaj oprogramowania do przegl\u0105dania stron internetowych;<\/li>\n<li>u\u017cywany system komputerowy;<\/li>\n<li>Zasoby online, z kt\u00f3rych uzyskiwany jest dost\u0119p do naszej strony internetowej;<\/li>\n<li>Podstrony internetowe;<\/li>\n<li>Data i godzina odwiedzenia naszej strony internetowej;<\/li>\n<li>adres IP;<\/li>\n<li>Dostawca internetowy;<\/li>\n<li>Inne dane, kt\u00f3re mog\u0105 by\u0107 wykorzystane do atakowania naszych system\u00f3w informatycznych.<\/li>\n<\/ul>\n<p>Powy\u017csze informacje s\u0142u\u017c\u0105 do:<\/p>\n<ul>\n<li>odpowiednio dostarcza\u0107 nasze tre\u015bci;<\/li>\n<li>poprawi\u0107 zar\u00f3wno tre\u015b\u0107, jak i spos\u00f3b, w jaki jest reklamowany;<\/li>\n<li>gwarancja wykonalno\u015bci technologicznej;<\/li>\n<\/ul>\n<p>Dostarcz w\u0142adzom dane niezb\u0119dne do prowadzenia dochodze\u0144 kryminalnych zwi\u0105zanych z cyberatakami. Zgromadzone fakty s\u0105 badane w celu poprawy bezpiecze\u0144stwa danych zar\u00f3wno naszej firmy, jak i klient\u00f3w.<\/p>\n<p><strong>U\u017cycie plik\u00f3w cookie<\/strong><\/p>\n<p>U\u017cywamy \u201ecookies\u201d, poniewa\u017c pozwalaj\u0105 nam one na zbieranie danych statystycznych dotycz\u0105cych wizyt i korzystania z naszej strony internetowej. Poza tym jest to dobra opcja tworzenia wydajnej nawigacji.<\/p>\n<p><strong>Zbieranie danych osobowych<\/strong><\/p>\n<p>Nasi klienci proszeni s\u0105 o podanie nast\u0119puj\u0105cych danych osobowych podczas rejestracji:<\/p>\n<ul>\n<li>Nazwa<\/li>\n<li>numer telefonu kontaktowego<\/li>\n<li>e-mail<\/li>\n<\/ul>\n<p>Dlatego zaleca si\u0119 zapewnienie dok\u0142adno\u015bci danych kontaktowych, poniewa\u017c jest to gwarancja wysokiej jako\u015bci \u015bwiadczonych us\u0142ug.<\/p>\n<p>Nasza aplikacja uzyskuje dost\u0119p do danych u\u017cytkownik\u00f3w Google dopiero po weryfikacji u\u017cytkownika. Wszystkie dane b\u0119d\u0105 wykorzystywane wy\u0142\u0105cznie do cel\u00f3w wykrywania plagiatu, nie przewiduje si\u0119 udost\u0119pniania ani przechowywania danych osobowych. PlagCheck.com nie przechowuje, nie u\u017cywa ani nie udost\u0119pnia danych u\u017cytkownika Google.<\/p>\n<p>Nasi klienci otrzymaj\u0105 100 % gwarancji, \u017ce ich dane osobowe nigdy nie b\u0119d\u0105 dost\u0119pne dla nikogo poza personelem firmy. Nie jest mo\u017cliwe ujawnianie, udost\u0119pnianie, sprzedawanie, publikowanie lub wysy\u0142anie stronom trzecim. Ka\u017cdy tekst, kt\u00f3ry zeskanujesz za pomoc\u0105 naszego narz\u0119dzia do wykrywania plagiatu, nie zostanie przes\u0142any do strony trzeciej ani nie zostanie wykorzystany do innych cel\u00f3w. Jeste\u015b jedynym w\u0142a\u015bcicielem tekstu wystawionego na czek plagiatu dostarczonego w celu weryfikacji oryginalno\u015bci tre\u015bci.<\/p>\n<p><strong>Transje online<\/strong><\/p>\n<p>U\u017cywamy wy\u0142\u0105cznie bezpiecznych transakcji online za po\u015brednictwem niezawodnych system\u00f3w p\u0142atno\u015bci, kt\u00f3re wykluczaj\u0105 wszelkie mo\u017cliwo\u015bci ujawnienia informacji. W niekt\u00f3rych przypadkach dzia\u0142 finansowy kontaktuje si\u0119 z naszymi klientami, aby zapewni\u0107 weryfikacj\u0119 ich to\u017csamo\u015bci i zapobiec wszelkiego rodzaju oszustwom internetowym.<\/p>\n<p><strong>Prawa klient\u00f3w<\/strong><\/p>\n<p>Informacje w profilu klienta mog\u0105 by\u0107 zmieniane, edytowane, zast\u0119powane lub usuwane przez u\u017cytkownika. Je\u015bli potrzebujesz zmian lub pomocy, nie wahaj si\u0119 skontaktowa\u0107 z zespo\u0142em obs\u0142ugi klienta.<\/p>\n<p>Wysoce cenimy preferencje klient\u00f3w dotycz\u0105ce prywatnego korzystania z naszych us\u0142ug wykrywania plagiatu, a tak\u017ce opcji edycji\/przepisywania\/otwarcia. Twoje dane osobowe b\u0119d\u0105 wykorzystywane wy\u0142\u0105cznie do cel\u00f3w wewn\u0119trznych firmy. Korzystanie z naszych Us\u0142ug zak\u0142ada zatwierdzenie przez nas naszych polityk i przepis\u00f3w dotycz\u0105cych prywatno\u015bci.<\/p>\n<p><strong>Google Dysk &amp; Informacje o koncie<\/strong><\/p>\n<p>Nie wykorzystujemy informacji przechowywanych na Dysku Google do u\u017cytku osobistego. Twoje imi\u0119 i nazwisko, adres e-mail i linki do plik\u00f3w nie s\u0105 automatycznie przechowywane na naszych serwerach, chyba \u017ce prze\u015blesz je za po\u015brednictwem naszej aplikacji. Nie zamierzamy udost\u0119pnia\u0107 Twoich plik\u00f3w ani danych osobowych \u017cadnym stronom trzecim. Nie wprowadzamy \u017cadnych zmian w Twoich plikach, chyba \u017ce robisz to bezpo\u015brednio za po\u015brednictwem naszej aplikacji lub na Dysku Google. Je\u015bli zdecydujesz si\u0119 usun\u0105\u0107 udost\u0119pniony nam plik tekstowy, dane zostan\u0105 szybko usuni\u0119te z naszego serwera. Jednak pliki nie zostan\u0105 usuni\u0119te z Dysku Google. W ka\u017cdej chwili mo\u017cesz r\u00f3wnie\u017c odwo\u0142a\u0107 nasz dost\u0119p do danych Dysku Google. Zastrzegamy sobie prawo do uniemo\u017cliwienia ka\u017cdemu korzystaniu z naszej aplikacji w celu uzyskania dost\u0119pu do Dysku Google.<\/p>\n<p>Nasza strona internetowa b\u0119dzie mia\u0142a dost\u0119p do plik\u00f3w na Dysku Google u\u017cytkownik\u00f3w, ale tylko z uprawnieniami do odczytu (w szczeg\u00f3lno\u015bci zakres \u201ehttps:\/\/www.googleapis.com\/auth\/drive.readonly\u201d). B\u0119dziemy przechowywa\u0107 zwyk\u0142y tekst plik\u00f3w tylko dla u\u017cytkownika. U\u017cytkownik zachowuje mo\u017cliwo\u015b\u0107 usuni\u0119cia tych danych w dowolnym momencie.<\/p>\n<p><strong>Umowa serwisowa Google API<\/strong><\/p>\n<p>Wykorzystanie i przekazywanie danych uzyskanych z interfejs\u00f3w API Google do jakiejkolwiek innej aplikacji b\u0119dzie zgodne z Polityk\u0105 danych u\u017cytkownik\u00f3w us\u0142ug API Google API, w tym z wymaganiami dotycz\u0105cymi ograniczonego u\u017cytkowania.<\/p>\n<p><strong>Zgodno\u015b\u0107 z przepisami GDPR w zakresie przechowywania i usuwania danych osobowych<\/strong><\/p>\n<p>Zgodnie z og\u00f3lnym rozporz\u0105dzeniem o ochronie danych (RODO) zobowi\u0105zujemy si\u0119 do zapewnienia zgodnego z prawem przetwarzania danych osobowych. Po wyga\u015bni\u0119ciu us\u0142ug lub wyga\u015bni\u0119ciu umowy lub umowy jeste\u015bmy zobowi\u0105zani do zwrotu lub usuni\u0119cia wszystkich danych osobowych b\u0119d\u0105cych w naszym posiadaniu, chyba \u017ce istnieje wym\u00f3g prawny wymagaj\u0105cy przechowywania takich danych. Nasze dzia\u0142ania b\u0119d\u0105 \u015bci\u015ble przestrzega\u0107 wytycznych RODO, aby zapewni\u0107 prywatno\u015b\u0107 i ochron\u0119 poszczeg\u00f3lnych danych osobowych.<\/p>\n","protected":false,"raw":"<p>System Technology Online Spain Sl., Calle Pintor P\u00e9rez Gil 2, B.46 03540, Alicante, Hiszpania (\u201eUSA\u201d, \u201emy\u201d lub \u201enasz\u201d) prowadzi stron\u0119 internetow\u0105 PlagCheck.com i jest administratorem Twoich danych osobowych.<\/p>\n<p>Chcieliby\u015bmy wyrazi\u0107 nasz\u0105 wdzi\u0119czno\u015b\u0107 za czas, kt\u00f3ry po\u015bwi\u0119ci\u0142e\u015b na zapoznanie si\u0119 z naszymi ofertami i zainteresowanie us\u0142ugami naszej firmy. Mo\u017cesz by\u0107 pewien, \u017ce gwarantujemy nieujawnianie jakichkolwiek danych osobowych naszych klient\u00f3w. Wszelkiego rodzaju dane osobowe, kt\u00f3re dostarczaj\u0105 nasi klienci, pozostaj\u0105 bezpieczne i prywatne. \u017badne niew\u0142a\u015bciwe u\u017cycie lub utrata danych nie jest mo\u017cliwe, je\u015bli wybierzesz us\u0142ugi naszej firmy.<\/p>\n<p>Poni\u017cej znajduj\u0105 si\u0119 wyja\u015bnienia dotycz\u0105ce danych, kt\u00f3re zbieramy od naszych klient\u00f3w.<\/p>\n<p>Podczas wsp\u00f3\u0142pracy potrzebujemy nast\u0119puj\u0105cych danych:<\/p>\n<ul>\n<li>nasi klienci;<\/li>\n<li>odwiedzaj\u0105cych nasz\u0105 stron\u0119 internetow\u0105.<\/li>\n<\/ul>\n<p>Te dane, zebrane przez serwer strony internetowej, obejmuj\u0105:<\/p>\n<ul>\n<li>Typ przegl\u0105darki;<\/li>\n<li>dzie\u0144 i godzina dost\u0119pu do strony internetowej;<\/li>\n<li>Typ systemu operacyjnego.<\/li>\n<\/ul>\n<p>Nale\u017cy pami\u0119ta\u0107, \u017ce zebrane informacje nigdy nie s\u0105 sprzedawane ani udost\u0119pniane; Nie jest to zwi\u0105zane z ujawnieniem jakiejkolwiek to\u017csamo\u015bci. Jedynym celem gromadzenia tych danych jest dostosowywanie danych i ulepszanie zawarto\u015bci strony internetowej.<\/p>\n<p><strong>Pliki cookie<\/strong><\/p>\n<p>Strony nale\u017c\u0105ce do PlagCheck.com u\u017cywaj\u0105 plik\u00f3w o nazwie \u201eCookies\u201d - plik\u00f3w tekstowych przesy\u0142anych do systemu komputerowego za po\u015brednictwem przegl\u0105darki internetowej. Pliki te umo\u017cliwiaj\u0105 nam dostarczenie surfuj\u0105cym na naszej stronie internetowej z przyjaznymi dla u\u017cytkownika tre\u015bciami.<\/p>\n<p>Odbi\u00f3r plik\u00f3w cookie mo\u017ce zosta\u0107 zatrzymany, je\u015bli zmieni si\u0119 ustawienia przegl\u0105darek internetowych. Ju\u017c ustawione pliki cookie mo\u017cna usun\u0105\u0107 za pomoc\u0105 okre\u015blonych program\u00f3w komputerowych lub przez Internet. Nale\u017cy pami\u0119ta\u0107, \u017ce niekt\u00f3re funkcje oferowane przez nasz\u0105 stron\u0119 internetow\u0105 mog\u0105 by\u0107 niedost\u0119pne po dezaktywacji zbierania plik\u00f3w cookie.<\/p>\n<p><strong>Zbieranie danych zakupu<\/strong><\/p>\n<p>PlagCheck.com gromadzi takie dane osobowe, jak imi\u0119 i nazwisko, numer telefonu, adres e-mail, kraj pochodzenia i data urodzenia. W celu sprawnego przetwarzania aplikacji u\u017cytkownik\u00f3w, nasz zas\u00f3b zbiera r\u00f3wnie\u017c poufne dane, tj. numery kart kredytowych i paszport\u00f3w, historie zdrowia, aby wys\u0142a\u0107 je do naszych towarzyszy ubezpieczeniowych. W jakikolwiek inny spos\u00f3b, plagcheck.com nie gromadzi ani nie przechowuje \u017cadnych poufnych informacji.<\/p>\n<p><strong>Zbieranie informacji og\u00f3lnych<\/strong><\/p>\n<p>Strony internetowe nale\u017c\u0105ce do sieci PlagCheck.com mog\u0105 gromadzi\u0107 dane o:<\/p>\n<ul>\n<li>rodzaj oprogramowania do przegl\u0105dania stron internetowych;<\/li>\n<li>u\u017cywany system komputerowy;<\/li>\n<li>Zasoby online, z kt\u00f3rych uzyskiwany jest dost\u0119p do naszej strony internetowej;<\/li>\n<li>Podstrony internetowe;<\/li>\n<li>Data i godzina odwiedzenia naszej strony internetowej;<\/li>\n<li>adres IP;<\/li>\n<li>Dostawca internetowy;<\/li>\n<li>Inne dane, kt\u00f3re mog\u0105 by\u0107 wykorzystane do atakowania naszych system\u00f3w informatycznych.<\/li>\n<\/ul>\n<p>Powy\u017csze informacje s\u0142u\u017c\u0105 do:<\/p>\n<ul>\n<li>odpowiednio dostarcza\u0107 nasze tre\u015bci;<\/li>\n<li>poprawi\u0107 zar\u00f3wno tre\u015b\u0107, jak i spos\u00f3b, w jaki jest reklamowany;<\/li>\n<li>gwarancja wykonalno\u015bci technologicznej;<\/li>\n<\/ul>\n<p>Dostarcz w\u0142adzom dane niezb\u0119dne do prowadzenia dochodze\u0144 kryminalnych zwi\u0105zanych z cyberatakami. Zgromadzone fakty s\u0105 badane w celu poprawy bezpiecze\u0144stwa danych zar\u00f3wno naszej firmy, jak i klient\u00f3w.<\/p>\n<p><strong>U\u017cycie plik\u00f3w cookie<\/strong><\/p>\n<p>U\u017cywamy \u201ecookies\u201d, poniewa\u017c pozwalaj\u0105 nam one na zbieranie danych statystycznych dotycz\u0105cych wizyt i korzystania z naszej strony internetowej. Poza tym jest to dobra opcja tworzenia wydajnej nawigacji.<\/p>\n<p><strong>Zbieranie danych osobowych<\/strong><\/p>\n<p>Nasi klienci proszeni s\u0105 o podanie nast\u0119puj\u0105cych danych osobowych podczas rejestracji:<\/p>\n<ul>\n<li>Nazwa<\/li>\n<li>numer telefonu kontaktowego<\/li>\n<li>e-mail<\/li>\n<\/ul>\n<p>Dlatego zaleca si\u0119 zapewnienie dok\u0142adno\u015bci danych kontaktowych, poniewa\u017c jest to gwarancja wysokiej jako\u015bci \u015bwiadczonych us\u0142ug.<\/p>\n<p>Nasza aplikacja uzyskuje dost\u0119p do danych u\u017cytkownik\u00f3w Google dopiero po weryfikacji u\u017cytkownika. Wszystkie dane b\u0119d\u0105 wykorzystywane wy\u0142\u0105cznie do cel\u00f3w wykrywania plagiatu, nie przewiduje si\u0119 udost\u0119pniania ani przechowywania danych osobowych. PlagCheck.com nie przechowuje, nie u\u017cywa ani nie udost\u0119pnia danych u\u017cytkownika Google.<\/p>\n<p>Nasi klienci otrzymaj\u0105 100 % gwarancji, \u017ce ich dane osobowe nigdy nie b\u0119d\u0105 dost\u0119pne dla nikogo poza personelem firmy. Nie jest mo\u017cliwe ujawnianie, udost\u0119pnianie, sprzedawanie, publikowanie lub wysy\u0142anie stronom trzecim. Ka\u017cdy tekst, kt\u00f3ry zeskanujesz za pomoc\u0105 naszego narz\u0119dzia do wykrywania plagiatu, nie zostanie przes\u0142any do strony trzeciej ani nie zostanie wykorzystany do innych cel\u00f3w. Jeste\u015b jedynym w\u0142a\u015bcicielem tekstu wystawionego na czek plagiatu dostarczonego w celu weryfikacji oryginalno\u015bci tre\u015bci.<\/p>\n<p><strong>Transje online<\/strong><\/p>\n<p>U\u017cywamy wy\u0142\u0105cznie bezpiecznych transakcji online za po\u015brednictwem niezawodnych system\u00f3w p\u0142atno\u015bci, kt\u00f3re wykluczaj\u0105 wszelkie mo\u017cliwo\u015bci ujawnienia informacji. W niekt\u00f3rych przypadkach dzia\u0142 finansowy kontaktuje si\u0119 z naszymi klientami, aby zapewni\u0107 weryfikacj\u0119 ich to\u017csamo\u015bci i zapobiec wszelkiego rodzaju oszustwom internetowym.<\/p>\n<p><strong>Prawa klient\u00f3w<\/strong><\/p>\n<p>Informacje w profilu klienta mog\u0105 by\u0107 zmieniane, edytowane, zast\u0119powane lub usuwane przez u\u017cytkownika. Je\u015bli potrzebujesz zmian lub pomocy, nie wahaj si\u0119 skontaktowa\u0107 z zespo\u0142em obs\u0142ugi klienta.<\/p>\n<p>Wysoce cenimy preferencje klient\u00f3w dotycz\u0105ce prywatnego korzystania z naszych us\u0142ug wykrywania plagiatu, a tak\u017ce opcji edycji\/przepisywania\/otwarcia. Twoje dane osobowe b\u0119d\u0105 wykorzystywane wy\u0142\u0105cznie do cel\u00f3w wewn\u0119trznych firmy. Korzystanie z naszych Us\u0142ug zak\u0142ada zatwierdzenie przez nas naszych polityk i przepis\u00f3w dotycz\u0105cych prywatno\u015bci.<\/p>\n<p><strong>Google Dysk &amp; Informacje o koncie<\/strong><\/p>\n<p>Nie wykorzystujemy informacji przechowywanych na Dysku Google do u\u017cytku osobistego. Twoje imi\u0119 i nazwisko, adres e-mail i linki do plik\u00f3w nie s\u0105 automatycznie przechowywane na naszych serwerach, chyba \u017ce prze\u015blesz je za po\u015brednictwem naszej aplikacji. Nie zamierzamy udost\u0119pnia\u0107 Twoich plik\u00f3w ani danych osobowych \u017cadnym stronom trzecim. Nie wprowadzamy \u017cadnych zmian w Twoich plikach, chyba \u017ce robisz to bezpo\u015brednio za po\u015brednictwem naszej aplikacji lub na Dysku Google. Je\u015bli zdecydujesz si\u0119 usun\u0105\u0107 udost\u0119pniony nam plik tekstowy, dane zostan\u0105 szybko usuni\u0119te z naszego serwera. Jednak pliki nie zostan\u0105 usuni\u0119te z Dysku Google. W ka\u017cdej chwili mo\u017cesz r\u00f3wnie\u017c odwo\u0142a\u0107 nasz dost\u0119p do danych Dysku Google. Zastrzegamy sobie prawo do uniemo\u017cliwienia ka\u017cdemu korzystaniu z naszej aplikacji w celu uzyskania dost\u0119pu do Dysku Google.<\/p>\n<p>Nasza strona internetowa b\u0119dzie mia\u0142a dost\u0119p do plik\u00f3w na Dysku Google u\u017cytkownik\u00f3w, ale tylko z uprawnieniami do odczytu (w szczeg\u00f3lno\u015bci zakres \u201ehttps:\/\/www.googleapis.com\/auth\/drive.readonly\u201d). B\u0119dziemy przechowywa\u0107 zwyk\u0142y tekst plik\u00f3w tylko dla u\u017cytkownika. U\u017cytkownik zachowuje mo\u017cliwo\u015b\u0107 usuni\u0119cia tych danych w dowolnym momencie.<\/p>\n<p><strong>Umowa serwisowa Google API<\/strong><\/p>\n<p>Wykorzystanie i przekazywanie danych uzyskanych z interfejs\u00f3w API Google do jakiejkolwiek innej aplikacji b\u0119dzie zgodne z Polityk\u0105 danych u\u017cytkownik\u00f3w us\u0142ug API Google API, w tym z wymaganiami dotycz\u0105cymi ograniczonego u\u017cytkowania.<\/p>\n<p><strong>Zgodno\u015b\u0107 z przepisami GDPR w zakresie przechowywania i usuwania danych osobowych<\/strong><\/p>\n<p>Zgodnie z og\u00f3lnym rozporz\u0105dzeniem o ochronie danych (RODO) zobowi\u0105zujemy si\u0119 do zapewnienia zgodnego z prawem przetwarzania danych osobowych. Po wyga\u015bni\u0119ciu us\u0142ug lub wyga\u015bni\u0119ciu umowy lub umowy jeste\u015bmy zobowi\u0105zani do zwrotu lub usuni\u0119cia wszystkich danych osobowych b\u0119d\u0105cych w naszym posiadaniu, chyba \u017ce istnieje wym\u00f3g prawny wymagaj\u0105cy przechowywania takich danych. Nasze dzia\u0142ania b\u0119d\u0105 \u015bci\u015ble przestrzega\u0107 wytycznych RODO, aby zapewni\u0107 prywatno\u015b\u0107 i ochron\u0119 poszczeg\u00f3lnych danych osobowych.<\/p>\n"},"excerpt":{"rendered":"System Technology Online Spain Sl., Calle Pintor P\u00e9rez Gil 2, B.46 03540, Alicante, Hiszpania (\u201eUSA\u201d, \u201emy\u201d lub \u201enasz\u201d) prowadzi stron\u0119 internetow\u0105 PlagCheck.com i jest administratorem Twoich danych osobowych. Chcieliby\u015bmy wyrazi\u0107 nasz\u0105 wdzi\u0119czno\u015b\u0107 za czas, kt\u00f3ry po\u015bwi\u0119ci\u0142e\u015b na zapoznanie si\u0119 z naszymi ofertami i zainteresowanie us\u0142ugami naszej firmy. Mo\u017cesz by\u0107 pewien, \u017ce gwarantujemy nieujawnianie jakichkolwiek danych [&hellip;]","protected":false,"raw":""},"author":1,"featured_media":0,"parent":0,"menu_order":0,"comment_status":"closed","ping_status":"closed","template":"","meta":{"_acf_changed":false,"_yoast_wpseo_title":"Polityka prywatno\u015bci PlagCheck","_yoast_wpseo_metadesc":"Dowiedz si\u0119, w jaki spos\u00f3b PlagCheck chroni Twoje dane osobowe i zapewnia prywatno\u015b\u0107 podczas korzystania z naszych us\u0142ug wykrywania plagiatu i sztucznej inteligencji.","_locale":"pl_PL","_original_post":"https:\/\/plagcheck.com\/?page_id=49","footnotes":""},"class_list":["post-472","page","type-page","status-publish","hentry","pl-PL"],"acf":[],"yoast_head":"<!-- This site is optimized with the Yoast SEO plugin v27.6 - https:\/\/yoast.com\/product\/yoast-seo-wordpress\/ -->\n<title>Polityka prywatno\u015bci PlagCheck<\/title>\n<meta name=\"description\" content=\"Dowiedz si\u0119, w jaki spos\u00f3b PlagCheck chroni Twoje dane osobowe i zapewnia prywatno\u015b\u0107 podczas korzystania z naszych us\u0142ug wykrywania plagiatu i sztucznej inteligencji.\" \/>\n<meta name=\"robots\" content=\"noindex, nofollow\" \/>\n<meta property=\"og:locale\" content=\"pl_PL\" \/>\n<meta property=\"og:type\" content=\"article\" \/>\n<meta property=\"og:title\" content=\"Polityka prywatno\u015bci PlagCheck\" \/>\n<meta property=\"og:description\" content=\"Dowiedz si\u0119, w jaki spos\u00f3b PlagCheck chroni Twoje dane osobowe i zapewnia prywatno\u015b\u0107 podczas korzystania z naszych us\u0142ug wykrywania plagiatu i sztucznej inteligencji.\" \/>\n<meta property=\"og:url\" content=\"https:\/\/plagcheck.com\/pl\/privacy-policy\/\" \/>\n<meta property=\"og:site_name\" content=\"Plagcheck.com\" \/>\n<meta name=\"twitter:card\" content=\"summary_large_image\" \/>\n<meta name=\"twitter:label1\" content=\"Szacowany czas czytania\" \/>\n\t<meta name=\"twitter:data1\" content=\"5 minut\" \/>\n<!-- \/ Yoast SEO plugin. -->","yoast_head_json":{"title":"Polityka prywatno\u015bci PlagCheck","description":"Dowiedz si\u0119, w jaki spos\u00f3b PlagCheck chroni Twoje dane osobowe i zapewnia prywatno\u015b\u0107 podczas korzystania z naszych us\u0142ug wykrywania plagiatu i sztucznej inteligencji.","robots":{"index":"noindex","follow":"nofollow"},"og_locale":"pl_PL","og_type":"article","og_title":"Polityka prywatno\u015bci PlagCheck","og_description":"Dowiedz si\u0119, w jaki spos\u00f3b PlagCheck chroni Twoje dane osobowe i zapewnia prywatno\u015b\u0107 podczas korzystania z naszych us\u0142ug wykrywania plagiatu i sztucznej inteligencji.","og_url":"https:\/\/plagcheck.com\/pl\/privacy-policy\/","og_site_name":"Plagcheck.com","twitter_card":"summary_large_image","twitter_misc":{"Szacowany czas czytania":"5 minut"},"schema":{"@context":"https:\/\/schema.org","@graph":[{"@type":"WebPage","@id":"https:\/\/plagcheck.com\/pl\/privacy-policy\/","url":"https:\/\/plagcheck.com\/pl\/privacy-policy\/","name":"Polityka prywatno\u015bci PlagCheck","isPartOf":{"@id":"https:\/\/plagcheck.com\/#website"},"datePublished":"2026-04-20T14:36:38+00:00","description":"Dowiedz si\u0119, w jaki spos\u00f3b PlagCheck chroni Twoje dane osobowe i zapewnia prywatno\u015b\u0107 podczas korzystania z naszych us\u0142ug wykrywania plagiatu i sztucznej inteligencji.","breadcrumb":{"@id":"https:\/\/plagcheck.com\/pl\/privacy-policy\/#breadcrumb"},"inLanguage":"pl-PL","potentialAction":[{"@type":"ReadAction","target":["https:\/\/plagcheck.com\/pl\/privacy-policy\/"]}]},{"@type":"BreadcrumbList","@id":"https:\/\/plagcheck.com\/pl\/privacy-policy\/#breadcrumb","itemListElement":[{"@type":"ListItem","position":1,"name":"Home","item":"https:\/\/plagcheck.com\/pl\/"},{"@type":"ListItem","position":2,"name":"Polityka prywatno\u015bci"}]},{"@type":"WebSite","@id":"https:\/\/plagcheck.com\/#website","url":"https:\/\/plagcheck.com\/","name":"Plagcheck.com","description":"","potentialAction":[{"@type":"SearchAction","target":{"@type":"EntryPoint","urlTemplate":"https:\/\/plagcheck.com\/?s={search_term_string}"},"query-input":{"@type":"PropertyValueSpecification","valueRequired":true,"valueName":"search_term_string"}}],"inLanguage":"pl-PL"}]}},"_links":{"self":[{"href":"https:\/\/plagcheck.com\/wp-json\/wp\/v2\/pages\/472","targetHints":{"allow":["GET"]}}],"collection":[{"href":"https:\/\/plagcheck.com\/wp-json\/wp\/v2\/pages"}],"about":[{"href":"https:\/\/plagcheck.com\/wp-json\/wp\/v2\/types\/page"}],"author":[{"embeddable":true,"href":"https:\/\/plagcheck.com\/wp-json\/wp\/v2\/users\/1"}],"replies":[{"embeddable":true,"href":"https:\/\/plagcheck.com\/wp-json\/wp\/v2\/comments?post=472"}],"version-history":[{"count":2,"href":"https:\/\/plagcheck.com\/wp-json\/wp\/v2\/pages\/472\/revisions"}],"predecessor-version":[{"id":1847,"href":"https:\/\/plagcheck.com\/wp-json\/wp\/v2\/pages\/472\/revisions\/1847"}],"wp:attachment":[{"href":"https:\/\/plagcheck.com\/wp-json\/wp\/v2\/media?parent=472"}],"curies":[{"name":"wp","href":"https:\/\/api.w.org\/{rel}","templated":true}]}}