{"id":262,"date":"2025-02-17T08:58:59","date_gmt":"2025-02-17T08:58:59","guid":{"rendered":"https:\/\/plagcheck.com\/?page_id=262","raw":"https:\/\/plagcheck.com\/?page_id=262"},"modified":"2025-02-17T08:58:59","modified_gmt":"2025-02-17T08:58:59","slug":"contact-us","status":"publish","type":"page","link":"https:\/\/plagcheck.com\/pl\/contact-us\/","title":{"rendered":"Kontakt","raw":"Kontakt"},"content":{"rendered":"","protected":false,"raw":""},"excerpt":{"rendered":"","protected":false,"raw":""},"author":1,"featured_media":0,"parent":0,"menu_order":0,"comment_status":"closed","ping_status":"closed","template":"","meta":{"_acf_changed":false,"_yoast_wpseo_title":"Skontaktuj si\u0119 z pomoc\u0105 PlagCheck","_yoast_wpseo_metadesc":"Odwied\u017a nasz zesp\u00f3\u0142 wsparcia PlagCheck dla wszystkich pyta\u0144, problem\u00f3w lub innych zapyta\u0144 zwi\u0105zanych z wykrywaniem plagiatu i us\u0142ugami detekcji tre\u015bci opartych na sztucznym inteligencji.","_locale":"pl_PL","_original_post":"https:\/\/plagcheck.com\/?page_id=11","footnotes":""},"class_list":["post-262","page","type-page","status-publish","hentry","pl-PL"],"acf":[],"yoast_head":"<!-- This site is optimized with the Yoast SEO plugin v27.5 - https:\/\/yoast.com\/product\/yoast-seo-wordpress\/ -->\n<title>Skontaktuj si\u0119 z pomoc\u0105 PlagCheck<\/title>\n<meta name=\"description\" content=\"Odwied\u017a nasz zesp\u00f3\u0142 wsparcia PlagCheck dla wszystkich pyta\u0144, problem\u00f3w lub innych zapyta\u0144 zwi\u0105zanych z wykrywaniem plagiatu i us\u0142ugami detekcji tre\u015bci opartych na sztucznym inteligencji.\" \/>\n<meta name=\"robots\" content=\"index, follow, max-snippet:-1, max-image-preview:large, max-video-preview:-1\" \/>\n<link rel=\"canonical\" href=\"https:\/\/plagcheck.com\/pl\/contact-us\/\" \/>\n<meta property=\"og:locale\" content=\"pl_PL\" \/>\n<meta property=\"og:type\" content=\"article\" \/>\n<meta property=\"og:title\" content=\"Skontaktuj si\u0119 z pomoc\u0105 PlagCheck\" \/>\n<meta property=\"og:description\" content=\"Odwied\u017a nasz zesp\u00f3\u0142 wsparcia PlagCheck dla wszystkich pyta\u0144, problem\u00f3w lub innych zapyta\u0144 zwi\u0105zanych z wykrywaniem plagiatu i us\u0142ugami detekcji tre\u015bci opartych na sztucznym inteligencji.\" \/>\n<meta property=\"og:url\" content=\"https:\/\/plagcheck.com\/pl\/contact-us\/\" \/>\n<meta property=\"og:site_name\" content=\"Plagcheck.com\" \/>\n<meta name=\"twitter:card\" content=\"summary_large_image\" \/>\n<!-- \/ Yoast SEO plugin. -->","yoast_head_json":{"title":"Skontaktuj si\u0119 z pomoc\u0105 PlagCheck","description":"Odwied\u017a nasz zesp\u00f3\u0142 wsparcia PlagCheck dla wszystkich pyta\u0144, problem\u00f3w lub innych zapyta\u0144 zwi\u0105zanych z wykrywaniem plagiatu i us\u0142ugami detekcji tre\u015bci opartych na sztucznym inteligencji.","robots":{"index":"index","follow":"follow","max-snippet":"max-snippet:-1","max-image-preview":"max-image-preview:large","max-video-preview":"max-video-preview:-1"},"canonical":"https:\/\/plagcheck.com\/pl\/contact-us\/","og_locale":"pl_PL","og_type":"article","og_title":"Skontaktuj si\u0119 z pomoc\u0105 PlagCheck","og_description":"Odwied\u017a nasz zesp\u00f3\u0142 wsparcia PlagCheck dla wszystkich pyta\u0144, problem\u00f3w lub innych zapyta\u0144 zwi\u0105zanych z wykrywaniem plagiatu i us\u0142ugami detekcji tre\u015bci opartych na sztucznym inteligencji.","og_url":"https:\/\/plagcheck.com\/pl\/contact-us\/","og_site_name":"Plagcheck.com","twitter_card":"summary_large_image","schema":{"@context":"https:\/\/schema.org","@graph":[{"@type":"WebPage","@id":"https:\/\/plagcheck.com\/pl\/contact-us\/","url":"https:\/\/plagcheck.com\/pl\/contact-us\/","name":"Skontaktuj si\u0119 z pomoc\u0105 PlagCheck","isPartOf":{"@id":"https:\/\/plagcheck.com\/#website"},"datePublished":"2025-02-17T08:58:59+00:00","description":"Odwied\u017a nasz zesp\u00f3\u0142 wsparcia PlagCheck dla wszystkich pyta\u0144, problem\u00f3w lub innych zapyta\u0144 zwi\u0105zanych z wykrywaniem plagiatu i us\u0142ugami detekcji tre\u015bci opartych na sztucznym inteligencji.","breadcrumb":{"@id":"https:\/\/plagcheck.com\/pl\/contact-us\/#breadcrumb"},"inLanguage":"pl-PL","potentialAction":[{"@type":"ReadAction","target":["https:\/\/plagcheck.com\/pl\/contact-us\/"]}]},{"@type":"BreadcrumbList","@id":"https:\/\/plagcheck.com\/pl\/contact-us\/#breadcrumb","itemListElement":[{"@type":"ListItem","position":1,"name":"Home","item":"https:\/\/plagcheck.com\/pl\/"},{"@type":"ListItem","position":2,"name":"Kontakt"}]},{"@type":"WebSite","@id":"https:\/\/plagcheck.com\/#website","url":"https:\/\/plagcheck.com\/","name":"Plagcheck.com","description":"","potentialAction":[{"@type":"SearchAction","target":{"@type":"EntryPoint","urlTemplate":"https:\/\/plagcheck.com\/?s={search_term_string}"},"query-input":{"@type":"PropertyValueSpecification","valueRequired":true,"valueName":"search_term_string"}}],"inLanguage":"pl-PL"}]}},"_links":{"self":[{"href":"https:\/\/plagcheck.com\/wp-json\/wp\/v2\/pages\/262","targetHints":{"allow":["GET"]}}],"collection":[{"href":"https:\/\/plagcheck.com\/wp-json\/wp\/v2\/pages"}],"about":[{"href":"https:\/\/plagcheck.com\/wp-json\/wp\/v2\/types\/page"}],"author":[{"embeddable":true,"href":"https:\/\/plagcheck.com\/wp-json\/wp\/v2\/users\/1"}],"replies":[{"embeddable":true,"href":"https:\/\/plagcheck.com\/wp-json\/wp\/v2\/comments?post=262"}],"version-history":[{"count":1,"href":"https:\/\/plagcheck.com\/wp-json\/wp\/v2\/pages\/262\/revisions"}],"predecessor-version":[{"id":263,"href":"https:\/\/plagcheck.com\/wp-json\/wp\/v2\/pages\/262\/revisions\/263"}],"wp:attachment":[{"href":"https:\/\/plagcheck.com\/wp-json\/wp\/v2\/media?parent=262"}],"curies":[{"name":"wp","href":"https:\/\/api.w.org\/{rel}","templated":true}]}}