{"id":190,"date":"2025-02-17T08:59:19","date_gmt":"2025-02-17T08:59:19","guid":{"rendered":"https:\/\/plagcheck.com\/?page_id=190","raw":"https:\/\/plagcheck.com\/?page_id=190"},"modified":"2025-02-17T08:59:19","modified_gmt":"2025-02-17T08:59:19","slug":"about-us","status":"publish","type":"page","link":"https:\/\/plagcheck.com\/pl\/about-us\/","title":{"rendered":"O nas","raw":"O nas"},"content":{"rendered":"","protected":false,"raw":""},"excerpt":{"rendered":"","protected":false,"raw":""},"author":1,"featured_media":0,"parent":0,"menu_order":0,"comment_status":"closed","ping_status":"closed","template":"","meta":{"_acf_changed":false,"_yoast_wpseo_title":"O PlagCheck.com: Integralno\u015b\u0107 i Innovacja","_yoast_wpseo_metadesc":"W PlagCheck \u0142\u0105czymy innowacj\u0119 i zaufanie, aby dostarcza\u0107 niezawodne wykrywanie plagiatu i detekcji sztucznego inteligencji, zapewniaj\u0105c, \u017ce Twoje prace s\u0105 zawsze oryginalne.","_locale":"pl_PL","_original_post":"https:\/\/plagcheck.com\/?page_id=9","footnotes":""},"class_list":["post-190","page","type-page","status-publish","hentry","pl-PL"],"acf":[],"yoast_head":"<!-- This site is optimized with the Yoast SEO plugin v27.5 - https:\/\/yoast.com\/product\/yoast-seo-wordpress\/ -->\n<title>O PlagCheck.com: Integralno\u015b\u0107 i Innovacja<\/title>\n<meta name=\"description\" content=\"W PlagCheck \u0142\u0105czymy innowacj\u0119 i zaufanie, aby dostarcza\u0107 niezawodne wykrywanie plagiatu i detekcji sztucznego inteligencji, zapewniaj\u0105c, \u017ce Twoje prace s\u0105 zawsze oryginalne.\" \/>\n<meta name=\"robots\" content=\"index, follow, max-snippet:-1, max-image-preview:large, max-video-preview:-1\" \/>\n<link rel=\"canonical\" href=\"https:\/\/plagcheck.com\/pl\/about-us\/\" \/>\n<meta property=\"og:locale\" content=\"pl_PL\" \/>\n<meta property=\"og:type\" content=\"article\" \/>\n<meta property=\"og:title\" content=\"O PlagCheck.com: Integralno\u015b\u0107 i Innovacja\" \/>\n<meta property=\"og:description\" content=\"W PlagCheck \u0142\u0105czymy innowacj\u0119 i zaufanie, aby dostarcza\u0107 niezawodne wykrywanie plagiatu i detekcji sztucznego inteligencji, zapewniaj\u0105c, \u017ce Twoje prace s\u0105 zawsze oryginalne.\" \/>\n<meta property=\"og:url\" content=\"https:\/\/plagcheck.com\/pl\/about-us\/\" \/>\n<meta property=\"og:site_name\" content=\"Plagcheck.com\" \/>\n<meta name=\"twitter:card\" content=\"summary_large_image\" \/>\n<!-- \/ Yoast SEO plugin. -->","yoast_head_json":{"title":"O PlagCheck.com: Integralno\u015b\u0107 i Innovacja","description":"W PlagCheck \u0142\u0105czymy innowacj\u0119 i zaufanie, aby dostarcza\u0107 niezawodne wykrywanie plagiatu i detekcji sztucznego inteligencji, zapewniaj\u0105c, \u017ce Twoje prace s\u0105 zawsze oryginalne.","robots":{"index":"index","follow":"follow","max-snippet":"max-snippet:-1","max-image-preview":"max-image-preview:large","max-video-preview":"max-video-preview:-1"},"canonical":"https:\/\/plagcheck.com\/pl\/about-us\/","og_locale":"pl_PL","og_type":"article","og_title":"O PlagCheck.com: Integralno\u015b\u0107 i Innovacja","og_description":"W PlagCheck \u0142\u0105czymy innowacj\u0119 i zaufanie, aby dostarcza\u0107 niezawodne wykrywanie plagiatu i detekcji sztucznego inteligencji, zapewniaj\u0105c, \u017ce Twoje prace s\u0105 zawsze oryginalne.","og_url":"https:\/\/plagcheck.com\/pl\/about-us\/","og_site_name":"Plagcheck.com","twitter_card":"summary_large_image","schema":{"@context":"https:\/\/schema.org","@graph":[{"@type":"WebPage","@id":"https:\/\/plagcheck.com\/pl\/about-us\/","url":"https:\/\/plagcheck.com\/pl\/about-us\/","name":"O PlagCheck.com: Integralno\u015b\u0107 i Innovacja","isPartOf":{"@id":"https:\/\/plagcheck.com\/#website"},"datePublished":"2025-02-17T08:59:19+00:00","description":"W PlagCheck \u0142\u0105czymy innowacj\u0119 i zaufanie, aby dostarcza\u0107 niezawodne wykrywanie plagiatu i detekcji sztucznego inteligencji, zapewniaj\u0105c, \u017ce Twoje prace s\u0105 zawsze oryginalne.","breadcrumb":{"@id":"https:\/\/plagcheck.com\/pl\/about-us\/#breadcrumb"},"inLanguage":"pl-PL","potentialAction":[{"@type":"ReadAction","target":["https:\/\/plagcheck.com\/pl\/about-us\/"]}]},{"@type":"BreadcrumbList","@id":"https:\/\/plagcheck.com\/pl\/about-us\/#breadcrumb","itemListElement":[{"@type":"ListItem","position":1,"name":"Home","item":"https:\/\/plagcheck.com\/pl\/"},{"@type":"ListItem","position":2,"name":"O nas"}]},{"@type":"WebSite","@id":"https:\/\/plagcheck.com\/#website","url":"https:\/\/plagcheck.com\/","name":"Plagcheck.com","description":"","potentialAction":[{"@type":"SearchAction","target":{"@type":"EntryPoint","urlTemplate":"https:\/\/plagcheck.com\/?s={search_term_string}"},"query-input":{"@type":"PropertyValueSpecification","valueRequired":true,"valueName":"search_term_string"}}],"inLanguage":"pl-PL"}]}},"_links":{"self":[{"href":"https:\/\/plagcheck.com\/wp-json\/wp\/v2\/pages\/190","targetHints":{"allow":["GET"]}}],"collection":[{"href":"https:\/\/plagcheck.com\/wp-json\/wp\/v2\/pages"}],"about":[{"href":"https:\/\/plagcheck.com\/wp-json\/wp\/v2\/types\/page"}],"author":[{"embeddable":true,"href":"https:\/\/plagcheck.com\/wp-json\/wp\/v2\/users\/1"}],"replies":[{"embeddable":true,"href":"https:\/\/plagcheck.com\/wp-json\/wp\/v2\/comments?post=190"}],"version-history":[{"count":1,"href":"https:\/\/plagcheck.com\/wp-json\/wp\/v2\/pages\/190\/revisions"}],"predecessor-version":[{"id":191,"href":"https:\/\/plagcheck.com\/wp-json\/wp\/v2\/pages\/190\/revisions\/191"}],"wp:attachment":[{"href":"https:\/\/plagcheck.com\/wp-json\/wp\/v2\/media?parent=190"}],"curies":[{"name":"wp","href":"https:\/\/api.w.org\/{rel}","templated":true}]}}