{"id":290,"date":"2025-02-17T08:58:44","date_gmt":"2025-02-17T08:58:44","guid":{"rendered":"https:\/\/plagcheck.com\/?page_id=290","raw":"https:\/\/plagcheck.com\/?page_id=290"},"modified":"2025-02-17T08:58:44","modified_gmt":"2025-02-17T08:58:44","slug":"home","status":"publish","type":"page","link":"https:\/\/plagcheck.com\/","title":{"rendered":"Po\u010detna","raw":"Po\u010detna"},"content":{"rendered":"","protected":false,"raw":""},"excerpt":{"rendered":"Po\u010detna","protected":false,"raw":"Po\u010detna"},"author":1,"featured_media":0,"parent":0,"menu_order":0,"comment_status":"closed","ping_status":"closed","template":"","meta":{"_acf_changed":false,"_yoast_wpseo_title":"Plagijatski Provjerava\u010d i AI Detektor | PlagCheck.com","_yoast_wpseo_metadesc":"Osigurajte originalnost i za\u0161titite svoj reputaciju brzim, preciznim detektiranjem plagijata i umjetne inteligencije. Po\u010dnite provjeravati svoj rad odmah.","_locale":"hr","_original_post":"https:\/\/plagcheck.com\/?page_id=24","footnotes":""},"class_list":["post-290","page","type-page","status-publish","hentry","hr"],"acf":[],"yoast_head":"<!-- This site is optimized with the Yoast SEO plugin v27.5 - https:\/\/yoast.com\/product\/yoast-seo-wordpress\/ -->\n<title>Plagijatski Provjerava\u010d i AI Detektor | PlagCheck.com<\/title>\n<meta name=\"description\" content=\"Osigurajte originalnost i za\u0161titite svoj reputaciju brzim, preciznim detektiranjem plagijata i umjetne inteligencije. Po\u010dnite provjeravati svoj rad odmah.\" \/>\n<meta name=\"robots\" content=\"index, follow, max-snippet:-1, max-image-preview:large, max-video-preview:-1\" \/>\n<link rel=\"canonical\" href=\"https:\/\/plagcheck.com\/hr\/\" \/>\n<meta property=\"og:locale\" content=\"hr_HR\" \/>\n<meta property=\"og:type\" content=\"article\" \/>\n<meta property=\"og:title\" content=\"Plagijatski Provjerava\u010d i AI Detektor | PlagCheck.com\" \/>\n<meta property=\"og:description\" content=\"Osigurajte originalnost i za\u0161titite svoj reputaciju brzim, preciznim detektiranjem plagijata i umjetne inteligencije. Po\u010dnite provjeravati svoj rad odmah.\" \/>\n<meta property=\"og:url\" content=\"https:\/\/plagcheck.com\/hr\/\" \/>\n<meta property=\"og:site_name\" content=\"Plagcheck.com\" \/>\n<meta name=\"twitter:card\" content=\"summary_large_image\" \/>\n<!-- \/ Yoast SEO plugin. -->","yoast_head_json":{"title":"Plagijatski Provjerava\u010d i AI Detektor | PlagCheck.com","description":"Osigurajte originalnost i za\u0161titite svoj reputaciju brzim, preciznim detektiranjem plagijata i umjetne inteligencije. Po\u010dnite provjeravati svoj rad odmah.","robots":{"index":"index","follow":"follow","max-snippet":"max-snippet:-1","max-image-preview":"max-image-preview:large","max-video-preview":"max-video-preview:-1"},"canonical":"https:\/\/plagcheck.com\/hr\/","og_locale":"hr_HR","og_type":"article","og_title":"Plagijatski Provjerava\u010d i AI Detektor | PlagCheck.com","og_description":"Osigurajte originalnost i za\u0161titite svoj reputaciju brzim, preciznim detektiranjem plagijata i umjetne inteligencije. Po\u010dnite provjeravati svoj rad odmah.","og_url":"https:\/\/plagcheck.com\/hr\/","og_site_name":"Plagcheck.com","twitter_card":"summary_large_image","schema":{"@context":"https:\/\/schema.org","@graph":[{"@type":"WebPage","@id":"https:\/\/plagcheck.com\/hr\/","url":"https:\/\/plagcheck.com\/hr\/","name":"Plagijatski Provjerava\u010d i AI Detektor | PlagCheck.com","isPartOf":{"@id":"https:\/\/plagcheck.com\/#website"},"datePublished":"2025-02-17T08:58:44+00:00","description":"Osigurajte originalnost i za\u0161titite svoj reputaciju brzim, preciznim detektiranjem plagijata i umjetne inteligencije. Po\u010dnite provjeravati svoj rad odmah.","breadcrumb":{"@id":"https:\/\/plagcheck.com\/hr\/#breadcrumb"},"inLanguage":"hr","potentialAction":[{"@type":"ReadAction","target":["https:\/\/plagcheck.com\/hr\/"]}]},{"@type":"BreadcrumbList","@id":"https:\/\/plagcheck.com\/hr\/#breadcrumb","itemListElement":[{"@type":"ListItem","position":1,"name":"Home","item":"https:\/\/plagcheck.com\/hr\/"},{"@type":"ListItem","position":2,"name":"Po\u010detna"}]},{"@type":"WebSite","@id":"https:\/\/plagcheck.com\/#website","url":"https:\/\/plagcheck.com\/","name":"Plagcheck.com","description":"","potentialAction":[{"@type":"SearchAction","target":{"@type":"EntryPoint","urlTemplate":"https:\/\/plagcheck.com\/?s={search_term_string}"},"query-input":{"@type":"PropertyValueSpecification","valueRequired":true,"valueName":"search_term_string"}}],"inLanguage":"hr"}]}},"_links":{"self":[{"href":"https:\/\/plagcheck.com\/wp-json\/wp\/v2\/pages\/290","targetHints":{"allow":["GET"]}}],"collection":[{"href":"https:\/\/plagcheck.com\/wp-json\/wp\/v2\/pages"}],"about":[{"href":"https:\/\/plagcheck.com\/wp-json\/wp\/v2\/types\/page"}],"author":[{"embeddable":true,"href":"https:\/\/plagcheck.com\/wp-json\/wp\/v2\/users\/1"}],"replies":[{"embeddable":true,"href":"https:\/\/plagcheck.com\/wp-json\/wp\/v2\/comments?post=290"}],"version-history":[{"count":1,"href":"https:\/\/plagcheck.com\/wp-json\/wp\/v2\/pages\/290\/revisions"}],"predecessor-version":[{"id":291,"href":"https:\/\/plagcheck.com\/wp-json\/wp\/v2\/pages\/290\/revisions\/291"}],"wp:attachment":[{"href":"https:\/\/plagcheck.com\/wp-json\/wp\/v2\/media?parent=290"}],"curies":[{"name":"wp","href":"https:\/\/api.w.org\/{rel}","templated":true}]}}