{"id":146,"date":"2025-02-17T08:59:19","date_gmt":"2025-02-17T08:59:19","guid":{"rendered":"https:\/\/plagcheck.com\/?page_id=146","raw":"https:\/\/plagcheck.com\/?page_id=146"},"modified":"2025-02-17T08:59:19","modified_gmt":"2025-02-17T08:59:19","slug":"ai-detector","status":"publish","type":"page","link":"https:\/\/plagcheck.com\/hr\/ai-detector\/","title":{"rendered":"Detektor umjetne inteligencije","raw":"Detektor umjetne inteligencije"},"content":{"rendered":"","protected":false,"raw":""},"excerpt":{"rendered":"<meta name=\"description\" content=\"Discover the best AI tools and resources on our website. Learn about the latest trends, news, and articles.\">","protected":false,"raw":"<meta name=\"description\" content=\"Discover the best AI tools and resources on our website. Learn about the latest trends, news, and articles.\">"},"author":1,"featured_media":0,"parent":0,"menu_order":0,"comment_status":"closed","ping_status":"closed","template":"","meta":{"_acf_changed":false,"_yoast_wpseo_title":"AI Detektor Sadr\u017eaja za Osiguranje Autenti\u010dnosti","_yoast_wpseo_metadesc":"Precizno otkrijte AI-generirani sadr\u017eaj i zadr\u017eite originalnost u svojim akademskim, profesionalnim i kreativnim radovima sa PlagCheck-ovom detekcijom AI.","_locale":"hr","_original_post":"https:\/\/plagcheck.com\/?page_id=8","footnotes":""},"class_list":["post-146","page","type-page","status-publish","hentry","hr"],"acf":[],"yoast_head":"<!-- This site is optimized with the Yoast SEO plugin v27.4 - https:\/\/yoast.com\/product\/yoast-seo-wordpress\/ -->\n<title>AI Detektor Sadr\u017eaja za Osiguranje Autenti\u010dnosti<\/title>\n<meta name=\"description\" content=\"Precizno otkrijte AI-generirani sadr\u017eaj i zadr\u017eite originalnost u svojim akademskim, profesionalnim i kreativnim radovima sa PlagCheck-ovom detekcijom AI.\" \/>\n<meta name=\"robots\" content=\"index, follow, max-snippet:-1, max-image-preview:large, max-video-preview:-1\" \/>\n<link rel=\"canonical\" href=\"https:\/\/plagcheck.com\/hr\/ai-detector\/\" \/>\n<meta property=\"og:locale\" content=\"hr_HR\" \/>\n<meta property=\"og:type\" content=\"article\" \/>\n<meta property=\"og:title\" content=\"AI Detektor Sadr\u017eaja za Osiguranje Autenti\u010dnosti\" \/>\n<meta property=\"og:description\" content=\"Precizno otkrijte AI-generirani sadr\u017eaj i zadr\u017eite originalnost u svojim akademskim, profesionalnim i kreativnim radovima sa PlagCheck-ovom detekcijom AI.\" \/>\n<meta property=\"og:url\" content=\"https:\/\/plagcheck.com\/hr\/ai-detector\/\" \/>\n<meta property=\"og:site_name\" content=\"Plagcheck.com\" \/>\n<meta name=\"twitter:card\" content=\"summary_large_image\" \/>\n<!-- \/ Yoast SEO plugin. -->","yoast_head_json":{"title":"AI Detektor Sadr\u017eaja za Osiguranje Autenti\u010dnosti","description":"Precizno otkrijte AI-generirani sadr\u017eaj i zadr\u017eite originalnost u svojim akademskim, profesionalnim i kreativnim radovima sa PlagCheck-ovom detekcijom AI.","robots":{"index":"index","follow":"follow","max-snippet":"max-snippet:-1","max-image-preview":"max-image-preview:large","max-video-preview":"max-video-preview:-1"},"canonical":"https:\/\/plagcheck.com\/hr\/ai-detector\/","og_locale":"hr_HR","og_type":"article","og_title":"AI Detektor Sadr\u017eaja za Osiguranje Autenti\u010dnosti","og_description":"Precizno otkrijte AI-generirani sadr\u017eaj i zadr\u017eite originalnost u svojim akademskim, profesionalnim i kreativnim radovima sa PlagCheck-ovom detekcijom AI.","og_url":"https:\/\/plagcheck.com\/hr\/ai-detector\/","og_site_name":"Plagcheck.com","twitter_card":"summary_large_image","schema":{"@context":"https:\/\/schema.org","@graph":[{"@type":"WebPage","@id":"https:\/\/plagcheck.com\/hr\/ai-detector\/","url":"https:\/\/plagcheck.com\/hr\/ai-detector\/","name":"AI Detektor Sadr\u017eaja za Osiguranje Autenti\u010dnosti","isPartOf":{"@id":"https:\/\/plagcheck.com\/#website"},"datePublished":"2025-02-17T08:59:19+00:00","description":"Precizno otkrijte AI-generirani sadr\u017eaj i zadr\u017eite originalnost u svojim akademskim, profesionalnim i kreativnim radovima sa PlagCheck-ovom detekcijom AI.","breadcrumb":{"@id":"https:\/\/plagcheck.com\/hr\/ai-detector\/#breadcrumb"},"inLanguage":"hr","potentialAction":[{"@type":"ReadAction","target":["https:\/\/plagcheck.com\/hr\/ai-detector\/"]}]},{"@type":"BreadcrumbList","@id":"https:\/\/plagcheck.com\/hr\/ai-detector\/#breadcrumb","itemListElement":[{"@type":"ListItem","position":1,"name":"Home","item":"https:\/\/plagcheck.com\/hr\/"},{"@type":"ListItem","position":2,"name":"Detektor umjetne inteligencije"}]},{"@type":"WebSite","@id":"https:\/\/plagcheck.com\/#website","url":"https:\/\/plagcheck.com\/","name":"Plagcheck.com","description":"","potentialAction":[{"@type":"SearchAction","target":{"@type":"EntryPoint","urlTemplate":"https:\/\/plagcheck.com\/?s={search_term_string}"},"query-input":{"@type":"PropertyValueSpecification","valueRequired":true,"valueName":"search_term_string"}}],"inLanguage":"hr"}]}},"_links":{"self":[{"href":"https:\/\/plagcheck.com\/wp-json\/wp\/v2\/pages\/146","targetHints":{"allow":["GET"]}}],"collection":[{"href":"https:\/\/plagcheck.com\/wp-json\/wp\/v2\/pages"}],"about":[{"href":"https:\/\/plagcheck.com\/wp-json\/wp\/v2\/types\/page"}],"author":[{"embeddable":true,"href":"https:\/\/plagcheck.com\/wp-json\/wp\/v2\/users\/1"}],"replies":[{"embeddable":true,"href":"https:\/\/plagcheck.com\/wp-json\/wp\/v2\/comments?post=146"}],"version-history":[{"count":1,"href":"https:\/\/plagcheck.com\/wp-json\/wp\/v2\/pages\/146\/revisions"}],"predecessor-version":[{"id":147,"href":"https:\/\/plagcheck.com\/wp-json\/wp\/v2\/pages\/146\/revisions\/147"}],"wp:attachment":[{"href":"https:\/\/plagcheck.com\/wp-json\/wp\/v2\/media?parent=146"}],"curies":[{"name":"wp","href":"https:\/\/api.w.org\/{rel}","templated":true}]}}