{"id":572,"date":"2025-04-30T18:46:28","date_gmt":"2025-04-30T18:46:28","guid":{"rendered":"https:\/\/plagcheck.com\/?page_id=572","raw":"https:\/\/plagcheck.com\/?page_id=572"},"modified":"2025-04-30T18:46:28","modified_gmt":"2025-04-30T18:46:28","slug":"turnitin-alternative","status":"publish","type":"page","link":"https:\/\/plagcheck.com\/fr\/turnitin-alternative\/","title":{"rendered":"Alternative \u00e0 Turnitin","raw":"Alternative \u00e0 Turnitin"},"content":{"rendered":"","protected":false,"raw":""},"excerpt":{"rendered":"","protected":false,"raw":""},"author":1,"featured_media":0,"parent":0,"menu_order":0,"comment_status":"closed","ping_status":"closed","template":"","meta":{"_acf_changed":false,"_yoast_wpseo_title":"Alternative \u00e0 Turnitin avec v\u00e9rifications quotidiennes gratuites contre le plagiat | PlagCheck","_yoast_wpseo_metadesc":"Utilisez PlagCheck comme votre alternative gratuite \u00e0 Turnitin. Analysez jusqu'\u00e0 300 mots par jour pour d\u00e9tecter le plagiat et les contenus g\u00e9n\u00e9r\u00e9s par l'IA. Aucun compte acad\u00e9mique requis.","_locale":"fr_FR","_original_post":"https:\/\/plagcheck.com\/?page_id=547","footnotes":""},"class_list":["post-572","page","type-page","status-publish","hentry","fr-FR"],"acf":[],"yoast_head":"<!-- This site is optimized with the Yoast SEO plugin v27.5 - https:\/\/yoast.com\/product\/yoast-seo-wordpress\/ -->\n<title>Alternative \u00e0 Turnitin avec v\u00e9rifications quotidiennes gratuites contre le plagiat | PlagCheck<\/title>\n<meta name=\"description\" content=\"Utilisez PlagCheck comme votre alternative gratuite \u00e0 Turnitin. Analysez jusqu&#039;\u00e0 300 mots par jour pour d\u00e9tecter le plagiat et les contenus g\u00e9n\u00e9r\u00e9s par l&#039;IA. Aucun compte acad\u00e9mique requis.\" \/>\n<meta name=\"robots\" content=\"index, follow, max-snippet:-1, max-image-preview:large, max-video-preview:-1\" \/>\n<link rel=\"canonical\" href=\"https:\/\/plagcheck.com\/fr\/turnitin-alternative\/\" \/>\n<meta property=\"og:locale\" content=\"fr_FR\" \/>\n<meta property=\"og:type\" content=\"article\" \/>\n<meta property=\"og:title\" content=\"Alternative \u00e0 Turnitin avec v\u00e9rifications quotidiennes gratuites contre le plagiat | PlagCheck\" \/>\n<meta property=\"og:description\" content=\"Utilisez PlagCheck comme votre alternative gratuite \u00e0 Turnitin. Analysez jusqu&#039;\u00e0 300 mots par jour pour d\u00e9tecter le plagiat et les contenus g\u00e9n\u00e9r\u00e9s par l&#039;IA. Aucun compte acad\u00e9mique requis.\" \/>\n<meta property=\"og:url\" content=\"https:\/\/plagcheck.com\/fr\/turnitin-alternative\/\" \/>\n<meta property=\"og:site_name\" content=\"Plagcheck.com\" \/>\n<meta name=\"twitter:card\" content=\"summary_large_image\" \/>\n<!-- \/ Yoast SEO plugin. -->","yoast_head_json":{"title":"Alternative \u00e0 Turnitin avec v\u00e9rifications quotidiennes gratuites contre le plagiat | PlagCheck","description":"Utilisez PlagCheck comme votre alternative gratuite \u00e0 Turnitin. Analysez jusqu'\u00e0 300 mots par jour pour d\u00e9tecter le plagiat et les contenus g\u00e9n\u00e9r\u00e9s par l'IA. Aucun compte acad\u00e9mique requis.","robots":{"index":"index","follow":"follow","max-snippet":"max-snippet:-1","max-image-preview":"max-image-preview:large","max-video-preview":"max-video-preview:-1"},"canonical":"https:\/\/plagcheck.com\/fr\/turnitin-alternative\/","og_locale":"fr_FR","og_type":"article","og_title":"Alternative \u00e0 Turnitin avec v\u00e9rifications quotidiennes gratuites contre le plagiat | PlagCheck","og_description":"Utilisez PlagCheck comme votre alternative gratuite \u00e0 Turnitin. Analysez jusqu'\u00e0 300 mots par jour pour d\u00e9tecter le plagiat et les contenus g\u00e9n\u00e9r\u00e9s par l'IA. Aucun compte acad\u00e9mique requis.","og_url":"https:\/\/plagcheck.com\/fr\/turnitin-alternative\/","og_site_name":"Plagcheck.com","twitter_card":"summary_large_image","schema":{"@context":"https:\/\/schema.org","@graph":[{"@type":"WebPage","@id":"https:\/\/plagcheck.com\/fr\/turnitin-alternative\/","url":"https:\/\/plagcheck.com\/fr\/turnitin-alternative\/","name":"Alternative \u00e0 Turnitin avec v\u00e9rifications quotidiennes gratuites contre le plagiat | PlagCheck","isPartOf":{"@id":"https:\/\/plagcheck.com\/#website"},"datePublished":"2025-04-30T18:46:28+00:00","description":"Utilisez PlagCheck comme votre alternative gratuite \u00e0 Turnitin. Analysez jusqu'\u00e0 300 mots par jour pour d\u00e9tecter le plagiat et les contenus g\u00e9n\u00e9r\u00e9s par l'IA. Aucun compte acad\u00e9mique requis.","breadcrumb":{"@id":"https:\/\/plagcheck.com\/fr\/turnitin-alternative\/#breadcrumb"},"inLanguage":"fr-FR","potentialAction":[{"@type":"ReadAction","target":["https:\/\/plagcheck.com\/fr\/turnitin-alternative\/"]}]},{"@type":"BreadcrumbList","@id":"https:\/\/plagcheck.com\/fr\/turnitin-alternative\/#breadcrumb","itemListElement":[{"@type":"ListItem","position":1,"name":"Home","item":"https:\/\/plagcheck.com\/fr\/"},{"@type":"ListItem","position":2,"name":"Alternative \u00e0 Turnitin"}]},{"@type":"WebSite","@id":"https:\/\/plagcheck.com\/#website","url":"https:\/\/plagcheck.com\/","name":"Plagcheck.com","description":"","potentialAction":[{"@type":"SearchAction","target":{"@type":"EntryPoint","urlTemplate":"https:\/\/plagcheck.com\/?s={search_term_string}"},"query-input":{"@type":"PropertyValueSpecification","valueRequired":true,"valueName":"search_term_string"}}],"inLanguage":"fr-FR"}]}},"_links":{"self":[{"href":"https:\/\/plagcheck.com\/wp-json\/wp\/v2\/pages\/572","targetHints":{"allow":["GET"]}}],"collection":[{"href":"https:\/\/plagcheck.com\/wp-json\/wp\/v2\/pages"}],"about":[{"href":"https:\/\/plagcheck.com\/wp-json\/wp\/v2\/types\/page"}],"author":[{"embeddable":true,"href":"https:\/\/plagcheck.com\/wp-json\/wp\/v2\/users\/1"}],"replies":[{"embeddable":true,"href":"https:\/\/plagcheck.com\/wp-json\/wp\/v2\/comments?post=572"}],"version-history":[{"count":1,"href":"https:\/\/plagcheck.com\/wp-json\/wp\/v2\/pages\/572\/revisions"}],"predecessor-version":[{"id":573,"href":"https:\/\/plagcheck.com\/wp-json\/wp\/v2\/pages\/572\/revisions\/573"}],"wp:attachment":[{"href":"https:\/\/plagcheck.com\/wp-json\/wp\/v2\/media?parent=572"}],"curies":[{"name":"wp","href":"https:\/\/api.w.org\/{rel}","templated":true}]}}