{"id":426,"date":"2025-02-17T08:58:32","date_gmt":"2025-02-17T08:58:32","guid":{"rendered":"https:\/\/plagcheck.com\/?page_id=426","raw":"https:\/\/plagcheck.com\/?page_id=426"},"modified":"2025-02-24T11:20:37","modified_gmt":"2025-02-24T11:20:37","slug":"sign-up","status":"publish","type":"page","link":"https:\/\/plagcheck.com\/fr\/sign-up\/","title":{"rendered":"S&#8217;inscrire","raw":"S'inscrire"},"content":{"rendered":"","protected":false,"raw":""},"excerpt":{"rendered":"","protected":false,"raw":""},"author":1,"featured_media":0,"parent":0,"menu_order":0,"comment_status":"closed","ping_status":"closed","template":"","meta":{"_acf_changed":false,"_yoast_wpseo_title":"Cr\u00e9ez votre compte PlagCheck","_yoast_wpseo_metadesc":"Inscrivez-vous \u00e0 PlagCheck pour commencer \u00e0 v\u00e9rifier l'originalit\u00e9 de votre contenu avec nos outils de d\u00e9tection de plagiat et d'IA. Prot\u00e9gez votre travail aujourd'hui !","_locale":"fr_FR","_original_post":"https:\/\/plagcheck.com\/?page_id=43","footnotes":""},"class_list":["post-426","page","type-page","status-publish","hentry","fr-FR"],"acf":[],"yoast_head":"<!-- This site is optimized with the Yoast SEO plugin v27.6 - https:\/\/yoast.com\/product\/yoast-seo-wordpress\/ -->\n<title>Cr\u00e9ez votre compte PlagCheck<\/title>\n<meta name=\"description\" content=\"Inscrivez-vous \u00e0 PlagCheck pour commencer \u00e0 v\u00e9rifier l&#039;originalit\u00e9 de votre contenu avec nos outils de d\u00e9tection de plagiat et d&#039;IA. Prot\u00e9gez votre travail aujourd&#039;hui !\" \/>\n<meta name=\"robots\" content=\"noindex, follow\" \/>\n<meta property=\"og:locale\" content=\"fr_FR\" \/>\n<meta property=\"og:type\" content=\"article\" \/>\n<meta property=\"og:title\" content=\"Cr\u00e9ez votre compte PlagCheck\" \/>\n<meta property=\"og:description\" content=\"Inscrivez-vous \u00e0 PlagCheck pour commencer \u00e0 v\u00e9rifier l&#039;originalit\u00e9 de votre contenu avec nos outils de d\u00e9tection de plagiat et d&#039;IA. Prot\u00e9gez votre travail aujourd&#039;hui !\" \/>\n<meta property=\"og:url\" content=\"https:\/\/plagcheck.com\/fr\/sign-up\/\" \/>\n<meta property=\"og:site_name\" content=\"Plagcheck.com\" \/>\n<meta property=\"article:modified_time\" content=\"2025-02-24T11:20:37+00:00\" \/>\n<meta name=\"twitter:card\" content=\"summary_large_image\" \/>\n<!-- \/ Yoast SEO plugin. -->","yoast_head_json":{"title":"Cr\u00e9ez votre compte PlagCheck","description":"Inscrivez-vous \u00e0 PlagCheck pour commencer \u00e0 v\u00e9rifier l'originalit\u00e9 de votre contenu avec nos outils de d\u00e9tection de plagiat et d'IA. Prot\u00e9gez votre travail aujourd'hui !","robots":{"index":"noindex","follow":"follow"},"og_locale":"fr_FR","og_type":"article","og_title":"Cr\u00e9ez votre compte PlagCheck","og_description":"Inscrivez-vous \u00e0 PlagCheck pour commencer \u00e0 v\u00e9rifier l'originalit\u00e9 de votre contenu avec nos outils de d\u00e9tection de plagiat et d'IA. Prot\u00e9gez votre travail aujourd'hui !","og_url":"https:\/\/plagcheck.com\/fr\/sign-up\/","og_site_name":"Plagcheck.com","article_modified_time":"2025-02-24T11:20:37+00:00","twitter_card":"summary_large_image","schema":{"@context":"https:\/\/schema.org","@graph":[{"@type":"WebPage","@id":"https:\/\/plagcheck.com\/fr\/sign-up\/","url":"https:\/\/plagcheck.com\/fr\/sign-up\/","name":"Cr\u00e9ez votre compte PlagCheck","isPartOf":{"@id":"https:\/\/plagcheck.com\/#website"},"datePublished":"2025-02-17T08:58:32+00:00","dateModified":"2025-02-24T11:20:37+00:00","description":"Inscrivez-vous \u00e0 PlagCheck pour commencer \u00e0 v\u00e9rifier l'originalit\u00e9 de votre contenu avec nos outils de d\u00e9tection de plagiat et d'IA. Prot\u00e9gez votre travail aujourd'hui !","breadcrumb":{"@id":"https:\/\/plagcheck.com\/fr\/sign-up\/#breadcrumb"},"inLanguage":"fr-FR","potentialAction":[{"@type":"ReadAction","target":["https:\/\/plagcheck.com\/fr\/sign-up\/"]}]},{"@type":"BreadcrumbList","@id":"https:\/\/plagcheck.com\/fr\/sign-up\/#breadcrumb","itemListElement":[{"@type":"ListItem","position":1,"name":"Home","item":"https:\/\/plagcheck.com\/fr\/"},{"@type":"ListItem","position":2,"name":"S&#8217;inscrire"}]},{"@type":"WebSite","@id":"https:\/\/plagcheck.com\/#website","url":"https:\/\/plagcheck.com\/","name":"Plagcheck.com","description":"","potentialAction":[{"@type":"SearchAction","target":{"@type":"EntryPoint","urlTemplate":"https:\/\/plagcheck.com\/?s={search_term_string}"},"query-input":{"@type":"PropertyValueSpecification","valueRequired":true,"valueName":"search_term_string"}}],"inLanguage":"fr-FR"}]}},"_links":{"self":[{"href":"https:\/\/plagcheck.com\/wp-json\/wp\/v2\/pages\/426","targetHints":{"allow":["GET"]}}],"collection":[{"href":"https:\/\/plagcheck.com\/wp-json\/wp\/v2\/pages"}],"about":[{"href":"https:\/\/plagcheck.com\/wp-json\/wp\/v2\/types\/page"}],"author":[{"embeddable":true,"href":"https:\/\/plagcheck.com\/wp-json\/wp\/v2\/users\/1"}],"replies":[{"embeddable":true,"href":"https:\/\/plagcheck.com\/wp-json\/wp\/v2\/comments?post=426"}],"version-history":[{"count":1,"href":"https:\/\/plagcheck.com\/wp-json\/wp\/v2\/pages\/426\/revisions"}],"predecessor-version":[{"id":427,"href":"https:\/\/plagcheck.com\/wp-json\/wp\/v2\/pages\/426\/revisions\/427"}],"wp:attachment":[{"href":"https:\/\/plagcheck.com\/wp-json\/wp\/v2\/media?parent=426"}],"curies":[{"name":"wp","href":"https:\/\/api.w.org\/{rel}","templated":true}]}}