{"id":180,"date":"2025-02-17T08:57:27","date_gmt":"2025-02-17T08:57:27","guid":{"rendered":"https:\/\/plagcheck.com\/?page_id=180","raw":"https:\/\/plagcheck.com\/?page_id=180"},"modified":"2025-02-17T08:57:40","modified_gmt":"2025-02-17T08:57:40","slug":"about-us","status":"publish","type":"page","link":"https:\/\/plagcheck.com\/fr\/about-us\/","title":{"rendered":"\u00c0 propos de nous","raw":"\u00c0 propos de nous"},"content":{"rendered":"","protected":false,"raw":""},"excerpt":{"rendered":"","protected":false,"raw":""},"author":1,"featured_media":0,"parent":0,"menu_order":0,"comment_status":"closed","ping_status":"closed","template":"","meta":{"_acf_changed":false,"_yoast_wpseo_title":"\u00c0 propos de PlagCheck.com : Int\u00e9grit\u00e9 et Innovation","_yoast_wpseo_metadesc":"Chez PlagCheck, nous combinons l'innovation et la confiance pour offrir une d\u00e9tection fiable de plagiat et d'intelligence artificielle, assurant que votre travail est toujours original.","_locale":"fr_FR","_original_post":"https:\/\/plagcheck.com\/?page_id=9","footnotes":""},"class_list":["post-180","page","type-page","status-publish","hentry","fr-FR"],"acf":[],"yoast_head":"<!-- This site is optimized with the Yoast SEO plugin v27.6 - https:\/\/yoast.com\/product\/yoast-seo-wordpress\/ -->\n<title>\u00c0 propos de PlagCheck.com : Int\u00e9grit\u00e9 et Innovation<\/title>\n<meta name=\"description\" content=\"Chez PlagCheck, nous combinons l&#039;innovation et la confiance pour offrir une d\u00e9tection fiable de plagiat et d&#039;intelligence artificielle, assurant que votre travail est toujours original.\" \/>\n<meta name=\"robots\" content=\"index, follow, max-snippet:-1, max-image-preview:large, max-video-preview:-1\" \/>\n<link rel=\"canonical\" href=\"https:\/\/plagcheck.com\/fr\/about-us\/\" \/>\n<meta property=\"og:locale\" content=\"fr_FR\" \/>\n<meta property=\"og:type\" content=\"article\" \/>\n<meta property=\"og:title\" content=\"\u00c0 propos de PlagCheck.com : Int\u00e9grit\u00e9 et Innovation\" \/>\n<meta property=\"og:description\" content=\"Chez PlagCheck, nous combinons l&#039;innovation et la confiance pour offrir une d\u00e9tection fiable de plagiat et d&#039;intelligence artificielle, assurant que votre travail est toujours original.\" \/>\n<meta property=\"og:url\" content=\"https:\/\/plagcheck.com\/fr\/about-us\/\" \/>\n<meta property=\"og:site_name\" content=\"Plagcheck.com\" \/>\n<meta property=\"article:modified_time\" content=\"2025-02-17T08:57:40+00:00\" \/>\n<meta name=\"twitter:card\" content=\"summary_large_image\" \/>\n<!-- \/ Yoast SEO plugin. -->","yoast_head_json":{"title":"\u00c0 propos de PlagCheck.com : Int\u00e9grit\u00e9 et Innovation","description":"Chez PlagCheck, nous combinons l'innovation et la confiance pour offrir une d\u00e9tection fiable de plagiat et d'intelligence artificielle, assurant que votre travail est toujours original.","robots":{"index":"index","follow":"follow","max-snippet":"max-snippet:-1","max-image-preview":"max-image-preview:large","max-video-preview":"max-video-preview:-1"},"canonical":"https:\/\/plagcheck.com\/fr\/about-us\/","og_locale":"fr_FR","og_type":"article","og_title":"\u00c0 propos de PlagCheck.com : Int\u00e9grit\u00e9 et Innovation","og_description":"Chez PlagCheck, nous combinons l'innovation et la confiance pour offrir une d\u00e9tection fiable de plagiat et d'intelligence artificielle, assurant que votre travail est toujours original.","og_url":"https:\/\/plagcheck.com\/fr\/about-us\/","og_site_name":"Plagcheck.com","article_modified_time":"2025-02-17T08:57:40+00:00","twitter_card":"summary_large_image","schema":{"@context":"https:\/\/schema.org","@graph":[{"@type":"WebPage","@id":"https:\/\/plagcheck.com\/fr\/about-us\/","url":"https:\/\/plagcheck.com\/fr\/about-us\/","name":"\u00c0 propos de PlagCheck.com : Int\u00e9grit\u00e9 et Innovation","isPartOf":{"@id":"https:\/\/plagcheck.com\/#website"},"datePublished":"2025-02-17T08:57:27+00:00","dateModified":"2025-02-17T08:57:40+00:00","description":"Chez PlagCheck, nous combinons l'innovation et la confiance pour offrir une d\u00e9tection fiable de plagiat et d'intelligence artificielle, assurant que votre travail est toujours original.","breadcrumb":{"@id":"https:\/\/plagcheck.com\/fr\/about-us\/#breadcrumb"},"inLanguage":"fr-FR","potentialAction":[{"@type":"ReadAction","target":["https:\/\/plagcheck.com\/fr\/about-us\/"]}]},{"@type":"BreadcrumbList","@id":"https:\/\/plagcheck.com\/fr\/about-us\/#breadcrumb","itemListElement":[{"@type":"ListItem","position":1,"name":"Home","item":"https:\/\/plagcheck.com\/fr\/"},{"@type":"ListItem","position":2,"name":"\u00c0 propos de nous"}]},{"@type":"WebSite","@id":"https:\/\/plagcheck.com\/#website","url":"https:\/\/plagcheck.com\/","name":"Plagcheck.com","description":"","potentialAction":[{"@type":"SearchAction","target":{"@type":"EntryPoint","urlTemplate":"https:\/\/plagcheck.com\/?s={search_term_string}"},"query-input":{"@type":"PropertyValueSpecification","valueRequired":true,"valueName":"search_term_string"}}],"inLanguage":"fr-FR"}]}},"_links":{"self":[{"href":"https:\/\/plagcheck.com\/wp-json\/wp\/v2\/pages\/180","targetHints":{"allow":["GET"]}}],"collection":[{"href":"https:\/\/plagcheck.com\/wp-json\/wp\/v2\/pages"}],"about":[{"href":"https:\/\/plagcheck.com\/wp-json\/wp\/v2\/types\/page"}],"author":[{"embeddable":true,"href":"https:\/\/plagcheck.com\/wp-json\/wp\/v2\/users\/1"}],"replies":[{"embeddable":true,"href":"https:\/\/plagcheck.com\/wp-json\/wp\/v2\/comments?post=180"}],"version-history":[{"count":1,"href":"https:\/\/plagcheck.com\/wp-json\/wp\/v2\/pages\/180\/revisions"}],"predecessor-version":[{"id":181,"href":"https:\/\/plagcheck.com\/wp-json\/wp\/v2\/pages\/180\/revisions\/181"}],"wp:attachment":[{"href":"https:\/\/plagcheck.com\/wp-json\/wp\/v2\/media?parent=180"}],"curies":[{"name":"wp","href":"https:\/\/api.w.org\/{rel}","templated":true}]}}