{"id":144,"date":"2025-02-17T08:59:19","date_gmt":"2025-02-17T08:59:19","guid":{"rendered":"https:\/\/plagcheck.com\/?page_id=144","raw":"https:\/\/plagcheck.com\/?page_id=144"},"modified":"2025-02-17T08:59:19","modified_gmt":"2025-02-17T08:59:19","slug":"ai-detector","status":"publish","type":"page","link":"https:\/\/plagcheck.com\/fr\/ai-detector\/","title":{"rendered":"D\u00e9tection d&#8217;IA","raw":"D\u00e9tection d'IA"},"content":{"rendered":"","protected":false,"raw":""},"excerpt":{"rendered":"","protected":false,"raw":""},"author":1,"featured_media":0,"parent":0,"menu_order":0,"comment_status":"closed","ping_status":"closed","template":"","meta":{"_acf_changed":false,"_yoast_wpseo_title":"D\u00e9tection de contenu IA pour garantir l'authenticit\u00e9","_yoast_wpseo_metadesc":"D\u00e9tectez pr\u00e9cis\u00e9ment le contenu g\u00e9n\u00e9r\u00e9 par IA et maintenez l'originalit\u00e9 dans votre travail acad\u00e9mique, professionnel et cr\u00e9atif avec la d\u00e9tection d'IA de PlagCheck.","_locale":"fr_FR","_original_post":"https:\/\/plagcheck.com\/?page_id=8","footnotes":""},"class_list":["post-144","page","type-page","status-publish","hentry","fr-FR"],"acf":[],"yoast_head":"<!-- This site is optimized with the Yoast SEO plugin v27.4 - https:\/\/yoast.com\/product\/yoast-seo-wordpress\/ -->\n<title>D\u00e9tection de contenu IA pour garantir l&#039;authenticit\u00e9<\/title>\n<meta name=\"description\" content=\"D\u00e9tectez pr\u00e9cis\u00e9ment le contenu g\u00e9n\u00e9r\u00e9 par IA et maintenez l&#039;originalit\u00e9 dans votre travail acad\u00e9mique, professionnel et cr\u00e9atif avec la d\u00e9tection d&#039;IA de PlagCheck.\" \/>\n<meta name=\"robots\" content=\"index, follow, max-snippet:-1, max-image-preview:large, max-video-preview:-1\" \/>\n<link rel=\"canonical\" href=\"https:\/\/plagcheck.com\/fr\/ai-detector\/\" \/>\n<meta property=\"og:locale\" content=\"fr_FR\" \/>\n<meta property=\"og:type\" content=\"article\" \/>\n<meta property=\"og:title\" content=\"D\u00e9tection de contenu IA pour garantir l&#039;authenticit\u00e9\" \/>\n<meta property=\"og:description\" content=\"D\u00e9tectez pr\u00e9cis\u00e9ment le contenu g\u00e9n\u00e9r\u00e9 par IA et maintenez l&#039;originalit\u00e9 dans votre travail acad\u00e9mique, professionnel et cr\u00e9atif avec la d\u00e9tection d&#039;IA de PlagCheck.\" \/>\n<meta property=\"og:url\" content=\"https:\/\/plagcheck.com\/fr\/ai-detector\/\" \/>\n<meta property=\"og:site_name\" content=\"Plagcheck.com\" \/>\n<meta name=\"twitter:card\" content=\"summary_large_image\" \/>\n<!-- \/ Yoast SEO plugin. -->","yoast_head_json":{"title":"D\u00e9tection de contenu IA pour garantir l'authenticit\u00e9","description":"D\u00e9tectez pr\u00e9cis\u00e9ment le contenu g\u00e9n\u00e9r\u00e9 par IA et maintenez l'originalit\u00e9 dans votre travail acad\u00e9mique, professionnel et cr\u00e9atif avec la d\u00e9tection d'IA de PlagCheck.","robots":{"index":"index","follow":"follow","max-snippet":"max-snippet:-1","max-image-preview":"max-image-preview:large","max-video-preview":"max-video-preview:-1"},"canonical":"https:\/\/plagcheck.com\/fr\/ai-detector\/","og_locale":"fr_FR","og_type":"article","og_title":"D\u00e9tection de contenu IA pour garantir l'authenticit\u00e9","og_description":"D\u00e9tectez pr\u00e9cis\u00e9ment le contenu g\u00e9n\u00e9r\u00e9 par IA et maintenez l'originalit\u00e9 dans votre travail acad\u00e9mique, professionnel et cr\u00e9atif avec la d\u00e9tection d'IA de PlagCheck.","og_url":"https:\/\/plagcheck.com\/fr\/ai-detector\/","og_site_name":"Plagcheck.com","twitter_card":"summary_large_image","schema":{"@context":"https:\/\/schema.org","@graph":[{"@type":"WebPage","@id":"https:\/\/plagcheck.com\/fr\/ai-detector\/","url":"https:\/\/plagcheck.com\/fr\/ai-detector\/","name":"D\u00e9tection de contenu IA pour garantir l'authenticit\u00e9","isPartOf":{"@id":"https:\/\/plagcheck.com\/#website"},"datePublished":"2025-02-17T08:59:19+00:00","description":"D\u00e9tectez pr\u00e9cis\u00e9ment le contenu g\u00e9n\u00e9r\u00e9 par IA et maintenez l'originalit\u00e9 dans votre travail acad\u00e9mique, professionnel et cr\u00e9atif avec la d\u00e9tection d'IA de PlagCheck.","breadcrumb":{"@id":"https:\/\/plagcheck.com\/fr\/ai-detector\/#breadcrumb"},"inLanguage":"fr-FR","potentialAction":[{"@type":"ReadAction","target":["https:\/\/plagcheck.com\/fr\/ai-detector\/"]}]},{"@type":"BreadcrumbList","@id":"https:\/\/plagcheck.com\/fr\/ai-detector\/#breadcrumb","itemListElement":[{"@type":"ListItem","position":1,"name":"Home","item":"https:\/\/plagcheck.com\/fr\/"},{"@type":"ListItem","position":2,"name":"D\u00e9tection d&#8217;IA"}]},{"@type":"WebSite","@id":"https:\/\/plagcheck.com\/#website","url":"https:\/\/plagcheck.com\/","name":"Plagcheck.com","description":"","potentialAction":[{"@type":"SearchAction","target":{"@type":"EntryPoint","urlTemplate":"https:\/\/plagcheck.com\/?s={search_term_string}"},"query-input":{"@type":"PropertyValueSpecification","valueRequired":true,"valueName":"search_term_string"}}],"inLanguage":"fr-FR"}]}},"_links":{"self":[{"href":"https:\/\/plagcheck.com\/wp-json\/wp\/v2\/pages\/144","targetHints":{"allow":["GET"]}}],"collection":[{"href":"https:\/\/plagcheck.com\/wp-json\/wp\/v2\/pages"}],"about":[{"href":"https:\/\/plagcheck.com\/wp-json\/wp\/v2\/types\/page"}],"author":[{"embeddable":true,"href":"https:\/\/plagcheck.com\/wp-json\/wp\/v2\/users\/1"}],"replies":[{"embeddable":true,"href":"https:\/\/plagcheck.com\/wp-json\/wp\/v2\/comments?post=144"}],"version-history":[{"count":1,"href":"https:\/\/plagcheck.com\/wp-json\/wp\/v2\/pages\/144\/revisions"}],"predecessor-version":[{"id":145,"href":"https:\/\/plagcheck.com\/wp-json\/wp\/v2\/pages\/144\/revisions\/145"}],"wp:attachment":[{"href":"https:\/\/plagcheck.com\/wp-json\/wp\/v2\/media?parent=144"}],"curies":[{"name":"wp","href":"https:\/\/api.w.org\/{rel}","templated":true}]}}