{"id":460,"date":"2026-04-20T14:36:40","date_gmt":"2026-04-20T14:36:40","guid":{"rendered":"https:\/\/plagcheck.com\/?page_id=460","raw":"https:\/\/plagcheck.com\/?page_id=460"},"modified":"2026-04-20T14:36:40","modified_gmt":"2026-04-20T14:36:40","slug":"privacy-policy","status":"publish","type":"page","link":"https:\/\/plagcheck.com\/fi\/privacy-policy\/","title":{"rendered":"Tietosuojaseloste","raw":"Tietosuojaseloste"},"content":{"rendered":"<p>System Technology Online Spain Sl., Calle Pintor P\u00e9rez Gil 2, B.46 03540, Alicante, Espanja (&#8220;me&#8221;, &#8220;me&#8221; tai &#8220;meid\u00e4n&#8221;) yll\u00e4pit\u00e4\u00e4 PlagCheck.com-verkkosivustoa ja on henkil\u00f6tietojesi valvoja.<\/p>\n<p>Haluamme ilmaista kiitollisuutemme ajasta, jonka olet k\u00e4ytt\u00e4nyt tarjousten tarkistamiseen, ja kiinnostuksestasi yrityksemme palveluihin. Voit olla varma, ett\u00e4 takaamme asiakkaidemme henkil\u00f6tietojen paljastamatta j\u00e4tt\u00e4misen. Kaikenlaiset henkil\u00f6kohtaiset tiedot, joita asiakkaamme tarjoavat, pysyv\u00e4t turvassa ja yksityisin\u00e4. Tietojen v\u00e4\u00e4rink\u00e4ytt\u00f6 tai menetys ei ole mahdollista, jos valitset yrityksemme palvelut.<\/p>\n<p>Alta saatat l\u00f6yt\u00e4\u00e4 selvennyksi\u00e4 asiakkailtamme ker\u00e4\u00e4miimme tietoihin.<\/p>\n<p>Yhteisty\u00f6n aikana tarvitsemme seuraavat tiedot:<\/p>\n<ul>\n<li>asiakkaamme;<\/li>\n<li>vierailijat verkkosivuillamme.<\/li>\n<\/ul>\n<p>Verkkosivustopalvelimen ker\u00e4\u00e4m\u00e4t tiedot sis\u00e4lt\u00e4v\u00e4t:<\/p>\n<ul>\n<li>selaimen tyyppi;<\/li>\n<li>verkkosivuston k\u00e4ytt\u00f6p\u00e4iv\u00e4 ja -aika;<\/li>\n<li>k\u00e4ytt\u00f6j\u00e4rjestelm\u00e4n tyyppi.<\/li>\n<\/ul>\n<p>Huomaa, ett\u00e4 ker\u00e4ttyj\u00e4 tietoja ei koskaan myyd\u00e4 tai jaeta; Se ei liity mink\u00e4\u00e4n identiteetin paljastamiseen. Ainoa tarkoitus n\u00e4iden tietojen ker\u00e4\u00e4misess\u00e4 on tietojen mukauttaminen ja verkkosivuston sis\u00e4ll\u00f6n parantaminen.<\/p>\n<p><strong>ev\u00e4steet<\/strong><\/p>\n<p>Plagcheck.com-sivustolle kuuluvissa verkkosivuissa k\u00e4ytet\u00e4\u00e4n tiedostoja nimelt\u00e4 &#8220;cookies&#8221; &#8211; tekstitiedostoja, jotka siirret\u00e4\u00e4n tietokonej\u00e4rjestelm\u00e4\u00e4n verkkoselaimen kautta. N\u00e4iden tiedostojen avulla voimme tarjota verkkosivustollamme surffaaville k\u00e4ytt\u00e4j\u00e4yst\u00e4v\u00e4llist\u00e4 sis\u00e4lt\u00f6\u00e4.<\/p>\n<p>Ev\u00e4steiden kokoelma voidaan pys\u00e4ytt\u00e4\u00e4, jos muutetaan heid\u00e4n verkkoselaimiensa asetuksia. Jo asetetut ev\u00e4stetiedostot voidaan poistaa k\u00e4ytt\u00e4m\u00e4ll\u00e4 tiettyj\u00e4 tietokoneohjelmia tai Internetin kautta. Huomaa, ett\u00e4 jotkin verkkosivustomme tarjoamat toiminnot eiv\u00e4t voi olla k\u00e4ytett\u00e4viss\u00e4 ev\u00e4steiden ker\u00e4\u00e4misen deaktivoinnin j\u00e4lkeen.<\/p>\n<p><strong>Ostotietojen ker\u00e4\u00e4minen<\/strong><\/p>\n<p>Plagcheck.com ker\u00e4\u00e4 henkil\u00f6tietoja, kuten nimi, puhelinnumero, s\u00e4hk\u00f6postiosoite, kotimaa ja syntym\u00e4aika. K\u00e4ytt\u00e4jien sovellusten tehokkaan k\u00e4sittelyn ainoana tavoitteena, resurssimme ker\u00e4\u00e4 my\u00f6s luottamuksellisia tietoja, eli luottokortti- ja passinumeroita, terveyshistoriaa l\u00e4hett\u00e4\u00e4kseen ne vakuutuskumppaneillemme. Muulla tavalla PlagCheck.com ei ker\u00e4\u00e4 eik\u00e4 tallenna luottamuksellisia tietoja.<\/p>\n<p><strong>Yleisten tietojen ker\u00e4\u00e4minen<\/strong><\/p>\n<p>Plagcheck.com-verkkoon kuuluvat verkkosivut voivat ker\u00e4t\u00e4 tietoja:<\/p>\n<ul>\n<li>er\u00e4\u00e4nlainen web-katseluohjelmisto;<\/li>\n<li>k\u00e4ytetty PC-j\u00e4rjestelm\u00e4;<\/li>\n<li>online-resurssi, josta p\u00e4\u00e4see verkkosivustollemme;<\/li>\n<li>alisivut;<\/li>\n<li>P\u00e4iv\u00e4m\u00e4\u00e4r\u00e4 ja aika, jolloin verkkosivustollamme on vierailtu;<\/li>\n<li>IP-osoite;<\/li>\n<li>verkkopalveluntarjoaja;<\/li>\n<li>Muut tiedot, joita voidaan k\u00e4ytt\u00e4\u00e4 hy\u00f6kk\u00e4\u00e4m\u00e4\u00e4n IT-j\u00e4rjestelmiimme.<\/li>\n<\/ul>\n<p>Edell\u00e4 mainittuja tietoja k\u00e4ytet\u00e4\u00e4n:<\/p>\n<ul>\n<li>tarjota sis\u00e4lt\u00f6mme asianmukaisesti;<\/li>\n<li>parantaa sek\u00e4 sis\u00e4lt\u00f6\u00e4 ett\u00e4 mainostapoja;<\/li>\n<li>takuu teknologinen toteutettavuus;<\/li>\n<\/ul>\n<p>antaa viranomaisille tarvittavat tiedot kyberhy\u00f6kk\u00e4yksiin liittyv\u00e4n rikostutkinnan suorittamiseen. Ker\u00e4tyt tosiasiat tutkitaan sek\u00e4 yrityksemme ett\u00e4 asiakkaidemme tietoturvan parantamiseksi.<\/p>\n<p><strong>Ev\u00e4steiden k\u00e4ytt\u00f6<\/strong><\/p>\n<p>K\u00e4yt\u00e4mme &#8220;ev\u00e4steit\u00e4&#8221;, koska niiden avulla voimme ker\u00e4t\u00e4 tilastotietoja verkkosivustomme vierailuista ja k\u00e4yt\u00f6st\u00e4. Lis\u00e4ksi t\u00e4m\u00e4 on hyv\u00e4 vaihtoehto tehokkaan navigoinnin luomiseen.<\/p>\n<p><strong>Henkil\u00f6tietojen ker\u00e4\u00e4minen<\/strong><\/p>\n<p>Asiakkaitamme pyydet\u00e4\u00e4n antamaan seuraavat henkil\u00f6tiedot rekister\u00f6innin aikana:<\/p>\n<ul>\n<li>Nimi<\/li>\n<li>Yhteydenottopuhelinnumero<\/li>\n<li>s\u00e4hk\u00f6posti<\/li>\n<\/ul>\n<p>Siksi on suositeltavaa varmistaa yhteystietojen oikeellisuus, koska se takaa tarjottujen palvelujen korkean laadun.<\/p>\n<p>Sovelluksemme k\u00e4ytt\u00e4\u00e4 Google-k\u00e4ytt\u00e4j\u00e4tietoja vasta k\u00e4ytt\u00e4j\u00e4n vahvistuksen j\u00e4lkeen. Kaikkia tietoja k\u00e4ytet\u00e4\u00e4n pelk\u00e4st\u00e4\u00e4n plagioinnin havaitsemiseen, henkil\u00f6tietojen jakamista tai tallentamista ei ole suunniteltu. Plagcheck.com ei tallenna, k\u00e4yt\u00e4 tai jaa Google-k\u00e4ytt\u00e4j\u00e4tietoja.<\/p>\n<p>Asiakkaamme saavat 100 % takuun siit\u00e4, ett\u00e4 heid\u00e4n henkil\u00f6tietonsa eiv\u00e4t koskaan ole kenenk\u00e4\u00e4n muun kuin yrityksen henkil\u00f6st\u00f6n saatavilla. Paljastaminen, jakaminen, myynti, julkaiseminen tai l\u00e4hett\u00e4minen kolmansille osapuolille ei ole mahdollista. Mit\u00e4\u00e4n teksti\u00e4, jonka skannaat plagioinnin tunnistusty\u00f6kalullamme, ei l\u00e4hetet\u00e4 kolmannelle osapuolelle eik\u00e4 k\u00e4ytet\u00e4 muihin tarkoituksiin. Olet ainoan tekstin omistaja, joka on alttiina annetulle plagiointitarkistukselle sis\u00e4ll\u00f6n omaper\u00e4isyyden varmistamiseksi.<\/p>\n<p><strong>Online-tapahtumat<\/strong><\/p>\n<p>K\u00e4yt\u00e4mme vain turvallisia verkkotapahtumia luotettavien maksuj\u00e4rjestelmien kautta, jotka sulkevat pois mahdolliset tiedonantomahdollisuudet. Joissakin tapauksissa talousosasto ottaa yhteytt\u00e4 asiakkaisiimme varmistaakseen heid\u00e4n henkil\u00f6llisyytens\u00e4 todentamisen ja est\u00e4\u00e4kseen kaikenlaiset verkkopetokset.<\/p>\n<p><strong>Asiakkaiden oikeudet<\/strong><\/p>\n<p>K\u00e4ytt\u00e4j\u00e4 voi muuttaa, muokata, korvata tai poistaa asiakkaan profiilin tietoja. Jos tarvitset muutoksia tai apua, \u00e4l\u00e4 ep\u00e4r\u00f6i ottaa yhteytt\u00e4 asiakastukitiimiin.<\/p>\n<p>Arvostamme suuresti asiakkaiden mieltymyksi\u00e4 plagioinnin havaitsemispalveluidemme yksityiseen k\u00e4ytt\u00f6\u00f6n sek\u00e4 muokkaus-\/uudelleenkirjoitus-\/oikolukuvaihtoehtoihin. Henkil\u00f6tietojasi k\u00e4ytet\u00e4\u00e4n vain yrityksen sis\u00e4isiin tarkoituksiin. Palvelujemme k\u00e4ytt\u00f6 edellytt\u00e4\u00e4, ett\u00e4 hyv\u00e4ksyt tietosuojak\u00e4yt\u00e4nt\u00f6mme ja -m\u00e4\u00e4r\u00e4ytemme.<\/p>\n<p><strong>Google Drive &amp; Tilitiedot<\/strong><\/p>\n<p>Emme k\u00e4yt\u00e4 Google Driveen tallentamiasi tietoja henkil\u00f6kohtaiseen k\u00e4ytt\u00f6\u00f6n. Nime\u00e4si, s\u00e4hk\u00f6postiosoitettasi ja tiedostolinkkej\u00e4si ei tallenneta automaattisesti palvelimillemme, ellet lataa niit\u00e4 sovelluksemme kautta. Emme aio jakaa tiedostojasi tai henkil\u00f6kohtaisia tietojasi kolmansille osapuolille. Emme tee mit\u00e4\u00e4n muutoksia tiedostoihisi, ellet tee sit\u00e4 suoraan sovelluksemme tai Google Driven kautta. Jos p\u00e4\u00e4t\u00e4t poistaa meille jakamasi tekstitiedoston, tiedot poistetaan v\u00e4litt\u00f6m\u00e4sti palvelimeltamme. Tiedostoja ei kuitenkaan poisteta Google Drivesta. Voit my\u00f6s peruuttaa p\u00e4\u00e4symme Google Drive -tietoihisi milloin tahansa. Pid\u00e4t\u00e4mme oikeuden est\u00e4\u00e4 ket\u00e4\u00e4n k\u00e4ytt\u00e4m\u00e4st\u00e4 sovellustamme p\u00e4\u00e4st\u00e4kseen Google Driveen.<\/p>\n<p>Verkkosivustomme k\u00e4ytt\u00e4\u00e4 k\u00e4ytt\u00e4jien Google Drive -tiedostoja, mutta vain lukuoikeudella (erityisesti &#8220;https:\/\/www.googleapis.com\/auth\/drive.readonly&#8221; -alueen). Tallennamme tiedostojen pelk\u00e4n tekstin vain k\u00e4ytt\u00e4j\u00e4lle. K\u00e4ytt\u00e4j\u00e4ll\u00e4 on mahdollisuus poistaa n\u00e4m\u00e4 tiedot milloin tahansa.<\/p>\n<p><strong>Google API -palvelusopimus<\/strong><\/p>\n<p>Plagcheck.comin Google API:ista saatujen tietojen k\u00e4ytt\u00f6 ja siirt\u00e4minen mihin tahansa muuhun sovellukseen noudattaa Google API Services -k\u00e4ytt\u00e4j\u00e4tietok\u00e4yt\u00e4nt\u00f6\u00e4, mukaan lukien rajoitetun k\u00e4yt\u00f6n vaatimukset.<\/p>\n<p><strong>GDPR-yhteensopivuus henkil\u00f6tietojen s\u00e4ilytt\u00e4misess\u00e4 ja poistamisessa<\/strong><\/p>\n<p>Yleisen tietosuoja-asetuksen (GDPR) mukaisesti olemme sitoutuneet varmistamaan henkil\u00f6tietojen laillisen k\u00e4sittelyn. Palvelujen p\u00e4\u00e4ttyess\u00e4 tai sopimuksen tai sopimuksen p\u00e4\u00e4ttyess\u00e4 olemme velvollisia joko palauttamaan tai poistamaan kaikki hallussamme olevat henkil\u00f6tiedot, ellei t\u00e4llaisten tietojen s\u00e4ilytt\u00e4mist\u00e4 ole edellytt\u00e4v\u00e4 lakis\u00e4\u00e4teist\u00e4 vaatimusta. Toimintamme noudattaa tiukasti GDPR-ohjeita varmistaaksemme yksitt\u00e4isten henkil\u00f6tietojen yksityisyyden ja suojan.<\/p>\n","protected":false,"raw":"<p>System Technology Online Spain Sl., Calle Pintor P\u00e9rez Gil 2, B.46 03540, Alicante, Espanja (\"me\", \"me\" tai \"meid\u00e4n\") yll\u00e4pit\u00e4\u00e4 PlagCheck.com-verkkosivustoa ja on henkil\u00f6tietojesi valvoja.<\/p>\n<p>Haluamme ilmaista kiitollisuutemme ajasta, jonka olet k\u00e4ytt\u00e4nyt tarjousten tarkistamiseen, ja kiinnostuksestasi yrityksemme palveluihin. Voit olla varma, ett\u00e4 takaamme asiakkaidemme henkil\u00f6tietojen paljastamatta j\u00e4tt\u00e4misen. Kaikenlaiset henkil\u00f6kohtaiset tiedot, joita asiakkaamme tarjoavat, pysyv\u00e4t turvassa ja yksityisin\u00e4. Tietojen v\u00e4\u00e4rink\u00e4ytt\u00f6 tai menetys ei ole mahdollista, jos valitset yrityksemme palvelut.<\/p>\n<p>Alta saatat l\u00f6yt\u00e4\u00e4 selvennyksi\u00e4 asiakkailtamme ker\u00e4\u00e4miimme tietoihin.<\/p>\n<p>Yhteisty\u00f6n aikana tarvitsemme seuraavat tiedot:<\/p>\n<ul>\n<li>asiakkaamme;<\/li>\n<li>vierailijat verkkosivuillamme.<\/li>\n<\/ul>\n<p>Verkkosivustopalvelimen ker\u00e4\u00e4m\u00e4t tiedot sis\u00e4lt\u00e4v\u00e4t:<\/p>\n<ul>\n<li>selaimen tyyppi;<\/li>\n<li>verkkosivuston k\u00e4ytt\u00f6p\u00e4iv\u00e4 ja -aika;<\/li>\n<li>k\u00e4ytt\u00f6j\u00e4rjestelm\u00e4n tyyppi.<\/li>\n<\/ul>\n<p>Huomaa, ett\u00e4 ker\u00e4ttyj\u00e4 tietoja ei koskaan myyd\u00e4 tai jaeta; Se ei liity mink\u00e4\u00e4n identiteetin paljastamiseen. Ainoa tarkoitus n\u00e4iden tietojen ker\u00e4\u00e4misess\u00e4 on tietojen mukauttaminen ja verkkosivuston sis\u00e4ll\u00f6n parantaminen.<\/p>\n<p><strong>ev\u00e4steet<\/strong><\/p>\n<p>Plagcheck.com-sivustolle kuuluvissa verkkosivuissa k\u00e4ytet\u00e4\u00e4n tiedostoja nimelt\u00e4 \"cookies\" - tekstitiedostoja, jotka siirret\u00e4\u00e4n tietokonej\u00e4rjestelm\u00e4\u00e4n verkkoselaimen kautta. N\u00e4iden tiedostojen avulla voimme tarjota verkkosivustollamme surffaaville k\u00e4ytt\u00e4j\u00e4yst\u00e4v\u00e4llist\u00e4 sis\u00e4lt\u00f6\u00e4.<\/p>\n<p>Ev\u00e4steiden kokoelma voidaan pys\u00e4ytt\u00e4\u00e4, jos muutetaan heid\u00e4n verkkoselaimiensa asetuksia. Jo asetetut ev\u00e4stetiedostot voidaan poistaa k\u00e4ytt\u00e4m\u00e4ll\u00e4 tiettyj\u00e4 tietokoneohjelmia tai Internetin kautta. Huomaa, ett\u00e4 jotkin verkkosivustomme tarjoamat toiminnot eiv\u00e4t voi olla k\u00e4ytett\u00e4viss\u00e4 ev\u00e4steiden ker\u00e4\u00e4misen deaktivoinnin j\u00e4lkeen.<\/p>\n<p><strong>Ostotietojen ker\u00e4\u00e4minen<\/strong><\/p>\n<p>Plagcheck.com ker\u00e4\u00e4 henkil\u00f6tietoja, kuten nimi, puhelinnumero, s\u00e4hk\u00f6postiosoite, kotimaa ja syntym\u00e4aika. K\u00e4ytt\u00e4jien sovellusten tehokkaan k\u00e4sittelyn ainoana tavoitteena, resurssimme ker\u00e4\u00e4 my\u00f6s luottamuksellisia tietoja, eli luottokortti- ja passinumeroita, terveyshistoriaa l\u00e4hett\u00e4\u00e4kseen ne vakuutuskumppaneillemme. Muulla tavalla PlagCheck.com ei ker\u00e4\u00e4 eik\u00e4 tallenna luottamuksellisia tietoja.<\/p>\n<p><strong>Yleisten tietojen ker\u00e4\u00e4minen<\/strong><\/p>\n<p>Plagcheck.com-verkkoon kuuluvat verkkosivut voivat ker\u00e4t\u00e4 tietoja:<\/p>\n<ul>\n<li>er\u00e4\u00e4nlainen web-katseluohjelmisto;<\/li>\n<li>k\u00e4ytetty PC-j\u00e4rjestelm\u00e4;<\/li>\n<li>online-resurssi, josta p\u00e4\u00e4see verkkosivustollemme;<\/li>\n<li>alisivut;<\/li>\n<li>P\u00e4iv\u00e4m\u00e4\u00e4r\u00e4 ja aika, jolloin verkkosivustollamme on vierailtu;<\/li>\n<li>IP-osoite;<\/li>\n<li>verkkopalveluntarjoaja;<\/li>\n<li>Muut tiedot, joita voidaan k\u00e4ytt\u00e4\u00e4 hy\u00f6kk\u00e4\u00e4m\u00e4\u00e4n IT-j\u00e4rjestelmiimme.<\/li>\n<\/ul>\n<p>Edell\u00e4 mainittuja tietoja k\u00e4ytet\u00e4\u00e4n:<\/p>\n<ul>\n<li>tarjota sis\u00e4lt\u00f6mme asianmukaisesti;<\/li>\n<li>parantaa sek\u00e4 sis\u00e4lt\u00f6\u00e4 ett\u00e4 mainostapoja;<\/li>\n<li>takuu teknologinen toteutettavuus;<\/li>\n<\/ul>\n<p>antaa viranomaisille tarvittavat tiedot kyberhy\u00f6kk\u00e4yksiin liittyv\u00e4n rikostutkinnan suorittamiseen. Ker\u00e4tyt tosiasiat tutkitaan sek\u00e4 yrityksemme ett\u00e4 asiakkaidemme tietoturvan parantamiseksi.<\/p>\n<p><strong>Ev\u00e4steiden k\u00e4ytt\u00f6<\/strong><\/p>\n<p>K\u00e4yt\u00e4mme \"ev\u00e4steit\u00e4\", koska niiden avulla voimme ker\u00e4t\u00e4 tilastotietoja verkkosivustomme vierailuista ja k\u00e4yt\u00f6st\u00e4. Lis\u00e4ksi t\u00e4m\u00e4 on hyv\u00e4 vaihtoehto tehokkaan navigoinnin luomiseen.<\/p>\n<p><strong>Henkil\u00f6tietojen ker\u00e4\u00e4minen<\/strong><\/p>\n<p>Asiakkaitamme pyydet\u00e4\u00e4n antamaan seuraavat henkil\u00f6tiedot rekister\u00f6innin aikana:<\/p>\n<ul>\n<li>Nimi<\/li>\n<li>Yhteydenottopuhelinnumero<\/li>\n<li>s\u00e4hk\u00f6posti<\/li>\n<\/ul>\n<p>Siksi on suositeltavaa varmistaa yhteystietojen oikeellisuus, koska se takaa tarjottujen palvelujen korkean laadun.<\/p>\n<p>Sovelluksemme k\u00e4ytt\u00e4\u00e4 Google-k\u00e4ytt\u00e4j\u00e4tietoja vasta k\u00e4ytt\u00e4j\u00e4n vahvistuksen j\u00e4lkeen. Kaikkia tietoja k\u00e4ytet\u00e4\u00e4n pelk\u00e4st\u00e4\u00e4n plagioinnin havaitsemiseen, henkil\u00f6tietojen jakamista tai tallentamista ei ole suunniteltu. Plagcheck.com ei tallenna, k\u00e4yt\u00e4 tai jaa Google-k\u00e4ytt\u00e4j\u00e4tietoja.<\/p>\n<p>Asiakkaamme saavat 100 % takuun siit\u00e4, ett\u00e4 heid\u00e4n henkil\u00f6tietonsa eiv\u00e4t koskaan ole kenenk\u00e4\u00e4n muun kuin yrityksen henkil\u00f6st\u00f6n saatavilla. Paljastaminen, jakaminen, myynti, julkaiseminen tai l\u00e4hett\u00e4minen kolmansille osapuolille ei ole mahdollista. Mit\u00e4\u00e4n teksti\u00e4, jonka skannaat plagioinnin tunnistusty\u00f6kalullamme, ei l\u00e4hetet\u00e4 kolmannelle osapuolelle eik\u00e4 k\u00e4ytet\u00e4 muihin tarkoituksiin. Olet ainoan tekstin omistaja, joka on alttiina annetulle plagiointitarkistukselle sis\u00e4ll\u00f6n omaper\u00e4isyyden varmistamiseksi.<\/p>\n<p><strong>Online-tapahtumat<\/strong><\/p>\n<p>K\u00e4yt\u00e4mme vain turvallisia verkkotapahtumia luotettavien maksuj\u00e4rjestelmien kautta, jotka sulkevat pois mahdolliset tiedonantomahdollisuudet. Joissakin tapauksissa talousosasto ottaa yhteytt\u00e4 asiakkaisiimme varmistaakseen heid\u00e4n henkil\u00f6llisyytens\u00e4 todentamisen ja est\u00e4\u00e4kseen kaikenlaiset verkkopetokset.<\/p>\n<p><strong>Asiakkaiden oikeudet<\/strong><\/p>\n<p>K\u00e4ytt\u00e4j\u00e4 voi muuttaa, muokata, korvata tai poistaa asiakkaan profiilin tietoja. Jos tarvitset muutoksia tai apua, \u00e4l\u00e4 ep\u00e4r\u00f6i ottaa yhteytt\u00e4 asiakastukitiimiin.<\/p>\n<p>Arvostamme suuresti asiakkaiden mieltymyksi\u00e4 plagioinnin havaitsemispalveluidemme yksityiseen k\u00e4ytt\u00f6\u00f6n sek\u00e4 muokkaus-\/uudelleenkirjoitus-\/oikolukuvaihtoehtoihin. Henkil\u00f6tietojasi k\u00e4ytet\u00e4\u00e4n vain yrityksen sis\u00e4isiin tarkoituksiin. Palvelujemme k\u00e4ytt\u00f6 edellytt\u00e4\u00e4, ett\u00e4 hyv\u00e4ksyt tietosuojak\u00e4yt\u00e4nt\u00f6mme ja -m\u00e4\u00e4r\u00e4ytemme.<\/p>\n<p><strong>Google Drive &amp; Tilitiedot<\/strong><\/p>\n<p>Emme k\u00e4yt\u00e4 Google Driveen tallentamiasi tietoja henkil\u00f6kohtaiseen k\u00e4ytt\u00f6\u00f6n. Nime\u00e4si, s\u00e4hk\u00f6postiosoitettasi ja tiedostolinkkej\u00e4si ei tallenneta automaattisesti palvelimillemme, ellet lataa niit\u00e4 sovelluksemme kautta. Emme aio jakaa tiedostojasi tai henkil\u00f6kohtaisia tietojasi kolmansille osapuolille. Emme tee mit\u00e4\u00e4n muutoksia tiedostoihisi, ellet tee sit\u00e4 suoraan sovelluksemme tai Google Driven kautta. Jos p\u00e4\u00e4t\u00e4t poistaa meille jakamasi tekstitiedoston, tiedot poistetaan v\u00e4litt\u00f6m\u00e4sti palvelimeltamme. Tiedostoja ei kuitenkaan poisteta Google Drivesta. Voit my\u00f6s peruuttaa p\u00e4\u00e4symme Google Drive -tietoihisi milloin tahansa. Pid\u00e4t\u00e4mme oikeuden est\u00e4\u00e4 ket\u00e4\u00e4n k\u00e4ytt\u00e4m\u00e4st\u00e4 sovellustamme p\u00e4\u00e4st\u00e4kseen Google Driveen.<\/p>\n<p>Verkkosivustomme k\u00e4ytt\u00e4\u00e4 k\u00e4ytt\u00e4jien Google Drive -tiedostoja, mutta vain lukuoikeudella (erityisesti \"https:\/\/www.googleapis.com\/auth\/drive.readonly\" -alueen). Tallennamme tiedostojen pelk\u00e4n tekstin vain k\u00e4ytt\u00e4j\u00e4lle. K\u00e4ytt\u00e4j\u00e4ll\u00e4 on mahdollisuus poistaa n\u00e4m\u00e4 tiedot milloin tahansa.<\/p>\n<p><strong>Google API -palvelusopimus<\/strong><\/p>\n<p>Plagcheck.comin Google API:ista saatujen tietojen k\u00e4ytt\u00f6 ja siirt\u00e4minen mihin tahansa muuhun sovellukseen noudattaa Google API Services -k\u00e4ytt\u00e4j\u00e4tietok\u00e4yt\u00e4nt\u00f6\u00e4, mukaan lukien rajoitetun k\u00e4yt\u00f6n vaatimukset.<\/p>\n<p><strong>GDPR-yhteensopivuus henkil\u00f6tietojen s\u00e4ilytt\u00e4misess\u00e4 ja poistamisessa<\/strong><\/p>\n<p>Yleisen tietosuoja-asetuksen (GDPR) mukaisesti olemme sitoutuneet varmistamaan henkil\u00f6tietojen laillisen k\u00e4sittelyn. Palvelujen p\u00e4\u00e4ttyess\u00e4 tai sopimuksen tai sopimuksen p\u00e4\u00e4ttyess\u00e4 olemme velvollisia joko palauttamaan tai poistamaan kaikki hallussamme olevat henkil\u00f6tiedot, ellei t\u00e4llaisten tietojen s\u00e4ilytt\u00e4mist\u00e4 ole edellytt\u00e4v\u00e4 lakis\u00e4\u00e4teist\u00e4 vaatimusta. Toimintamme noudattaa tiukasti GDPR-ohjeita varmistaaksemme yksitt\u00e4isten henkil\u00f6tietojen yksityisyyden ja suojan.<\/p>\n"},"excerpt":{"rendered":"System Technology Online Spain Sl., Calle Pintor P\u00e9rez Gil 2, B.46 03540, Alicante, Espanja (&#8220;me&#8221;, &#8220;me&#8221; tai &#8220;meid\u00e4n&#8221;) yll\u00e4pit\u00e4\u00e4 PlagCheck.com-verkkosivustoa ja on henkil\u00f6tietojesi valvoja. Haluamme ilmaista kiitollisuutemme ajasta, jonka olet k\u00e4ytt\u00e4nyt tarjousten tarkistamiseen, ja kiinnostuksestasi yrityksemme palveluihin. Voit olla varma, ett\u00e4 takaamme asiakkaidemme henkil\u00f6tietojen paljastamatta j\u00e4tt\u00e4misen. Kaikenlaiset henkil\u00f6kohtaiset tiedot, joita asiakkaamme tarjoavat, pysyv\u00e4t turvassa ja [&hellip;]","protected":false,"raw":""},"author":1,"featured_media":0,"parent":0,"menu_order":0,"comment_status":"closed","ping_status":"closed","template":"","meta":{"_acf_changed":false,"_yoast_wpseo_title":"plagcheck tietosuojak\u00e4yt\u00e4nt\u00f6","_yoast_wpseo_metadesc":"Opi kuinka Plagcheck suojaa henkil\u00f6kohtaisia tietojasi ja varmistaa yksityisyytesi k\u00e4ytt\u00e4m\u00e4ll\u00e4 plagiointi- ja teko\u00e4lyntunnistuspalveluitamme.","_locale":"fi","_original_post":"https:\/\/plagcheck.com\/?page_id=49","footnotes":""},"class_list":["post-460","page","type-page","status-publish","hentry","fi"],"acf":[],"yoast_head":"<!-- This site is optimized with the Yoast SEO plugin v27.6 - https:\/\/yoast.com\/product\/yoast-seo-wordpress\/ -->\n<title>plagcheck tietosuojak\u00e4yt\u00e4nt\u00f6<\/title>\n<meta name=\"description\" content=\"Opi kuinka Plagcheck suojaa henkil\u00f6kohtaisia tietojasi ja varmistaa yksityisyytesi k\u00e4ytt\u00e4m\u00e4ll\u00e4 plagiointi- ja teko\u00e4lyntunnistuspalveluitamme.\" \/>\n<meta name=\"robots\" content=\"noindex, nofollow\" \/>\n<meta property=\"og:locale\" content=\"fi_FI\" \/>\n<meta property=\"og:type\" content=\"article\" \/>\n<meta property=\"og:title\" content=\"plagcheck tietosuojak\u00e4yt\u00e4nt\u00f6\" \/>\n<meta property=\"og:description\" content=\"Opi kuinka Plagcheck suojaa henkil\u00f6kohtaisia tietojasi ja varmistaa yksityisyytesi k\u00e4ytt\u00e4m\u00e4ll\u00e4 plagiointi- ja teko\u00e4lyntunnistuspalveluitamme.\" \/>\n<meta property=\"og:url\" content=\"https:\/\/plagcheck.com\/fi\/privacy-policy\/\" \/>\n<meta property=\"og:site_name\" content=\"Plagcheck.com\" \/>\n<meta name=\"twitter:card\" content=\"summary_large_image\" \/>\n<meta name=\"twitter:label1\" content=\"Arvioitu lukuaika\" \/>\n\t<meta name=\"twitter:data1\" content=\"5 minuuttia\" \/>\n<!-- \/ Yoast SEO plugin. -->","yoast_head_json":{"title":"plagcheck tietosuojak\u00e4yt\u00e4nt\u00f6","description":"Opi kuinka Plagcheck suojaa henkil\u00f6kohtaisia tietojasi ja varmistaa yksityisyytesi k\u00e4ytt\u00e4m\u00e4ll\u00e4 plagiointi- ja teko\u00e4lyntunnistuspalveluitamme.","robots":{"index":"noindex","follow":"nofollow"},"og_locale":"fi_FI","og_type":"article","og_title":"plagcheck tietosuojak\u00e4yt\u00e4nt\u00f6","og_description":"Opi kuinka Plagcheck suojaa henkil\u00f6kohtaisia tietojasi ja varmistaa yksityisyytesi k\u00e4ytt\u00e4m\u00e4ll\u00e4 plagiointi- ja teko\u00e4lyntunnistuspalveluitamme.","og_url":"https:\/\/plagcheck.com\/fi\/privacy-policy\/","og_site_name":"Plagcheck.com","twitter_card":"summary_large_image","twitter_misc":{"Arvioitu lukuaika":"5 minuuttia"},"schema":{"@context":"https:\/\/schema.org","@graph":[{"@type":"WebPage","@id":"https:\/\/plagcheck.com\/fi\/privacy-policy\/","url":"https:\/\/plagcheck.com\/fi\/privacy-policy\/","name":"plagcheck tietosuojak\u00e4yt\u00e4nt\u00f6","isPartOf":{"@id":"https:\/\/plagcheck.com\/#website"},"datePublished":"2026-04-20T14:36:40+00:00","description":"Opi kuinka Plagcheck suojaa henkil\u00f6kohtaisia tietojasi ja varmistaa yksityisyytesi k\u00e4ytt\u00e4m\u00e4ll\u00e4 plagiointi- ja teko\u00e4lyntunnistuspalveluitamme.","breadcrumb":{"@id":"https:\/\/plagcheck.com\/fi\/privacy-policy\/#breadcrumb"},"inLanguage":"fi","potentialAction":[{"@type":"ReadAction","target":["https:\/\/plagcheck.com\/fi\/privacy-policy\/"]}]},{"@type":"BreadcrumbList","@id":"https:\/\/plagcheck.com\/fi\/privacy-policy\/#breadcrumb","itemListElement":[{"@type":"ListItem","position":1,"name":"Home","item":"https:\/\/plagcheck.com\/fi\/"},{"@type":"ListItem","position":2,"name":"Tietosuojaseloste"}]},{"@type":"WebSite","@id":"https:\/\/plagcheck.com\/#website","url":"https:\/\/plagcheck.com\/","name":"Plagcheck.com","description":"","potentialAction":[{"@type":"SearchAction","target":{"@type":"EntryPoint","urlTemplate":"https:\/\/plagcheck.com\/?s={search_term_string}"},"query-input":{"@type":"PropertyValueSpecification","valueRequired":true,"valueName":"search_term_string"}}],"inLanguage":"fi"}]}},"_links":{"self":[{"href":"https:\/\/plagcheck.com\/wp-json\/wp\/v2\/pages\/460","targetHints":{"allow":["GET"]}}],"collection":[{"href":"https:\/\/plagcheck.com\/wp-json\/wp\/v2\/pages"}],"about":[{"href":"https:\/\/plagcheck.com\/wp-json\/wp\/v2\/types\/page"}],"author":[{"embeddable":true,"href":"https:\/\/plagcheck.com\/wp-json\/wp\/v2\/users\/1"}],"replies":[{"embeddable":true,"href":"https:\/\/plagcheck.com\/wp-json\/wp\/v2\/comments?post=460"}],"version-history":[{"count":2,"href":"https:\/\/plagcheck.com\/wp-json\/wp\/v2\/pages\/460\/revisions"}],"predecessor-version":[{"id":1840,"href":"https:\/\/plagcheck.com\/wp-json\/wp\/v2\/pages\/460\/revisions\/1840"}],"wp:attachment":[{"href":"https:\/\/plagcheck.com\/wp-json\/wp\/v2\/media?parent=460"}],"curies":[{"name":"wp","href":"https:\/\/api.w.org\/{rel}","templated":true}]}}