{"id":212,"date":"2025-02-17T08:59:11","date_gmt":"2025-02-17T08:59:11","guid":{"rendered":"https:\/\/plagcheck.com\/?page_id=212","raw":"https:\/\/plagcheck.com\/?page_id=212"},"modified":"2025-02-17T08:59:11","modified_gmt":"2025-02-17T08:59:11","slug":"pricing","status":"publish","type":"page","link":"https:\/\/plagcheck.com\/et\/pricing\/","title":{"rendered":"Hinnakirjad","raw":"Hinnakirjad"},"content":{"rendered":"","protected":false,"raw":""},"excerpt":{"rendered":"Hindadeleht","protected":false,"raw":"Hindadeleht"},"author":1,"featured_media":0,"parent":0,"menu_order":0,"comment_status":"closed","ping_status":"closed","template":"","meta":{"_acf_changed":false,"_yoast_wpseo_title":"Eksploreeri PlagCheck Hind Pakete","_yoast_wpseo_metadesc":"Avastage k\u00f5rvaldavad hindapaketid PlagCheck'i plaagiaati ja tehisintelligeentsi t\u00f6\u00f6riistadele. Valige pakett, mis sobib parimalt teie akadeemiliste v\u00f5i ametlikke vajaduste vastu.","_locale":"et","_original_post":"https:\/\/plagcheck.com\/?page_id=10","footnotes":""},"class_list":["post-212","page","type-page","status-publish","hentry","et"],"acf":[],"yoast_head":"<!-- This site is optimized with the Yoast SEO plugin v27.4 - https:\/\/yoast.com\/product\/yoast-seo-wordpress\/ -->\n<title>Eksploreeri PlagCheck Hind Pakete<\/title>\n<meta name=\"description\" content=\"Avastage k\u00f5rvaldavad hindapaketid PlagCheck&#039;i plaagiaati ja tehisintelligeentsi t\u00f6\u00f6riistadele. Valige pakett, mis sobib parimalt teie akadeemiliste v\u00f5i ametlikke vajaduste vastu.\" \/>\n<meta name=\"robots\" content=\"index, follow, max-snippet:-1, max-image-preview:large, max-video-preview:-1\" \/>\n<link rel=\"canonical\" href=\"https:\/\/plagcheck.com\/et\/pricing\/\" \/>\n<meta property=\"og:locale\" content=\"et_EE\" \/>\n<meta property=\"og:type\" content=\"article\" \/>\n<meta property=\"og:title\" content=\"Eksploreeri PlagCheck Hind Pakete\" \/>\n<meta property=\"og:description\" content=\"Avastage k\u00f5rvaldavad hindapaketid PlagCheck&#039;i plaagiaati ja tehisintelligeentsi t\u00f6\u00f6riistadele. Valige pakett, mis sobib parimalt teie akadeemiliste v\u00f5i ametlikke vajaduste vastu.\" \/>\n<meta property=\"og:url\" content=\"https:\/\/plagcheck.com\/et\/pricing\/\" \/>\n<meta property=\"og:site_name\" content=\"Plagcheck.com\" \/>\n<meta name=\"twitter:card\" content=\"summary_large_image\" \/>\n<!-- \/ Yoast SEO plugin. -->","yoast_head_json":{"title":"Eksploreeri PlagCheck Hind Pakete","description":"Avastage k\u00f5rvaldavad hindapaketid PlagCheck'i plaagiaati ja tehisintelligeentsi t\u00f6\u00f6riistadele. Valige pakett, mis sobib parimalt teie akadeemiliste v\u00f5i ametlikke vajaduste vastu.","robots":{"index":"index","follow":"follow","max-snippet":"max-snippet:-1","max-image-preview":"max-image-preview:large","max-video-preview":"max-video-preview:-1"},"canonical":"https:\/\/plagcheck.com\/et\/pricing\/","og_locale":"et_EE","og_type":"article","og_title":"Eksploreeri PlagCheck Hind Pakete","og_description":"Avastage k\u00f5rvaldavad hindapaketid PlagCheck'i plaagiaati ja tehisintelligeentsi t\u00f6\u00f6riistadele. Valige pakett, mis sobib parimalt teie akadeemiliste v\u00f5i ametlikke vajaduste vastu.","og_url":"https:\/\/plagcheck.com\/et\/pricing\/","og_site_name":"Plagcheck.com","twitter_card":"summary_large_image","schema":{"@context":"https:\/\/schema.org","@graph":[{"@type":"WebPage","@id":"https:\/\/plagcheck.com\/et\/pricing\/","url":"https:\/\/plagcheck.com\/et\/pricing\/","name":"Eksploreeri PlagCheck Hind Pakete","isPartOf":{"@id":"https:\/\/plagcheck.com\/#website"},"datePublished":"2025-02-17T08:59:11+00:00","description":"Avastage k\u00f5rvaldavad hindapaketid PlagCheck'i plaagiaati ja tehisintelligeentsi t\u00f6\u00f6riistadele. Valige pakett, mis sobib parimalt teie akadeemiliste v\u00f5i ametlikke vajaduste vastu.","breadcrumb":{"@id":"https:\/\/plagcheck.com\/et\/pricing\/#breadcrumb"},"inLanguage":"et","potentialAction":[{"@type":"ReadAction","target":["https:\/\/plagcheck.com\/et\/pricing\/"]}]},{"@type":"BreadcrumbList","@id":"https:\/\/plagcheck.com\/et\/pricing\/#breadcrumb","itemListElement":[{"@type":"ListItem","position":1,"name":"Home","item":"https:\/\/plagcheck.com\/et\/"},{"@type":"ListItem","position":2,"name":"Hinnakirjad"}]},{"@type":"WebSite","@id":"https:\/\/plagcheck.com\/#website","url":"https:\/\/plagcheck.com\/","name":"Plagcheck.com","description":"","potentialAction":[{"@type":"SearchAction","target":{"@type":"EntryPoint","urlTemplate":"https:\/\/plagcheck.com\/?s={search_term_string}"},"query-input":{"@type":"PropertyValueSpecification","valueRequired":true,"valueName":"search_term_string"}}],"inLanguage":"et"}]}},"_links":{"self":[{"href":"https:\/\/plagcheck.com\/wp-json\/wp\/v2\/pages\/212","targetHints":{"allow":["GET"]}}],"collection":[{"href":"https:\/\/plagcheck.com\/wp-json\/wp\/v2\/pages"}],"about":[{"href":"https:\/\/plagcheck.com\/wp-json\/wp\/v2\/types\/page"}],"author":[{"embeddable":true,"href":"https:\/\/plagcheck.com\/wp-json\/wp\/v2\/users\/1"}],"replies":[{"embeddable":true,"href":"https:\/\/plagcheck.com\/wp-json\/wp\/v2\/comments?post=212"}],"version-history":[{"count":1,"href":"https:\/\/plagcheck.com\/wp-json\/wp\/v2\/pages\/212\/revisions"}],"predecessor-version":[{"id":213,"href":"https:\/\/plagcheck.com\/wp-json\/wp\/v2\/pages\/212\/revisions\/213"}],"wp:attachment":[{"href":"https:\/\/plagcheck.com\/wp-json\/wp\/v2\/media?parent=212"}],"curies":[{"name":"wp","href":"https:\/\/api.w.org\/{rel}","templated":true}]}}