{"id":140,"date":"2025-02-17T08:57:27","date_gmt":"2025-02-17T08:57:27","guid":{"rendered":"https:\/\/plagcheck.com\/?page_id=140","raw":"https:\/\/plagcheck.com\/?page_id=140"},"modified":"2025-02-17T08:57:40","modified_gmt":"2025-02-17T08:57:40","slug":"ai-detector","status":"publish","type":"page","link":"https:\/\/plagcheck.com\/et\/ai-detector\/","title":{"rendered":"AI Tuvastaja","raw":"AI Tuvastaja"},"content":{"rendered":"","protected":false,"raw":""},"excerpt":{"rendered":"<meta name=\"description\" content=\"Discover the best AI tools and resources for your business needs.\">","protected":false,"raw":"<meta name=\"description\" content=\"Discover the best AI tools and resources for your business needs.\">"},"author":1,"featured_media":0,"parent":0,"menu_order":0,"comment_status":"closed","ping_status":"closed","template":"","meta":{"_acf_changed":false,"_yoast_wpseo_title":"Sisu Tuvastaja AI Autentseerimiseks","_yoast_wpseo_metadesc":"Tuvasta teiselt tehtud sisu t\u00e4pselt ja hoida originaalsust endas t\u00f6\u00f6s, kasutades PlagChecki AI tuvastamist.","_locale":"et","_original_post":"https:\/\/plagcheck.com\/?page_id=8","footnotes":""},"class_list":["post-140","page","type-page","status-publish","hentry","et"],"acf":[],"yoast_head":"<!-- This site is optimized with the Yoast SEO plugin v27.5 - https:\/\/yoast.com\/product\/yoast-seo-wordpress\/ -->\n<title>Sisu Tuvastaja AI Autentseerimiseks<\/title>\n<meta name=\"description\" content=\"Tuvasta teiselt tehtud sisu t\u00e4pselt ja hoida originaalsust endas t\u00f6\u00f6s, kasutades PlagChecki AI tuvastamist.\" \/>\n<meta name=\"robots\" content=\"index, follow, max-snippet:-1, max-image-preview:large, max-video-preview:-1\" \/>\n<link rel=\"canonical\" href=\"https:\/\/plagcheck.com\/et\/ai-detector\/\" \/>\n<meta property=\"og:locale\" content=\"et_EE\" \/>\n<meta property=\"og:type\" content=\"article\" \/>\n<meta property=\"og:title\" content=\"Sisu Tuvastaja AI Autentseerimiseks\" \/>\n<meta property=\"og:description\" content=\"Tuvasta teiselt tehtud sisu t\u00e4pselt ja hoida originaalsust endas t\u00f6\u00f6s, kasutades PlagChecki AI tuvastamist.\" \/>\n<meta property=\"og:url\" content=\"https:\/\/plagcheck.com\/et\/ai-detector\/\" \/>\n<meta property=\"og:site_name\" content=\"Plagcheck.com\" \/>\n<meta property=\"article:modified_time\" content=\"2025-02-17T08:57:40+00:00\" \/>\n<meta name=\"twitter:card\" content=\"summary_large_image\" \/>\n<!-- \/ Yoast SEO plugin. -->","yoast_head_json":{"title":"Sisu Tuvastaja AI Autentseerimiseks","description":"Tuvasta teiselt tehtud sisu t\u00e4pselt ja hoida originaalsust endas t\u00f6\u00f6s, kasutades PlagChecki AI tuvastamist.","robots":{"index":"index","follow":"follow","max-snippet":"max-snippet:-1","max-image-preview":"max-image-preview:large","max-video-preview":"max-video-preview:-1"},"canonical":"https:\/\/plagcheck.com\/et\/ai-detector\/","og_locale":"et_EE","og_type":"article","og_title":"Sisu Tuvastaja AI Autentseerimiseks","og_description":"Tuvasta teiselt tehtud sisu t\u00e4pselt ja hoida originaalsust endas t\u00f6\u00f6s, kasutades PlagChecki AI tuvastamist.","og_url":"https:\/\/plagcheck.com\/et\/ai-detector\/","og_site_name":"Plagcheck.com","article_modified_time":"2025-02-17T08:57:40+00:00","twitter_card":"summary_large_image","schema":{"@context":"https:\/\/schema.org","@graph":[{"@type":"WebPage","@id":"https:\/\/plagcheck.com\/et\/ai-detector\/","url":"https:\/\/plagcheck.com\/et\/ai-detector\/","name":"Sisu Tuvastaja AI Autentseerimiseks","isPartOf":{"@id":"https:\/\/plagcheck.com\/#website"},"datePublished":"2025-02-17T08:57:27+00:00","dateModified":"2025-02-17T08:57:40+00:00","description":"Tuvasta teiselt tehtud sisu t\u00e4pselt ja hoida originaalsust endas t\u00f6\u00f6s, kasutades PlagChecki AI tuvastamist.","breadcrumb":{"@id":"https:\/\/plagcheck.com\/et\/ai-detector\/#breadcrumb"},"inLanguage":"et","potentialAction":[{"@type":"ReadAction","target":["https:\/\/plagcheck.com\/et\/ai-detector\/"]}]},{"@type":"BreadcrumbList","@id":"https:\/\/plagcheck.com\/et\/ai-detector\/#breadcrumb","itemListElement":[{"@type":"ListItem","position":1,"name":"Home","item":"https:\/\/plagcheck.com\/et\/"},{"@type":"ListItem","position":2,"name":"AI Tuvastaja"}]},{"@type":"WebSite","@id":"https:\/\/plagcheck.com\/#website","url":"https:\/\/plagcheck.com\/","name":"Plagcheck.com","description":"","potentialAction":[{"@type":"SearchAction","target":{"@type":"EntryPoint","urlTemplate":"https:\/\/plagcheck.com\/?s={search_term_string}"},"query-input":{"@type":"PropertyValueSpecification","valueRequired":true,"valueName":"search_term_string"}}],"inLanguage":"et"}]}},"_links":{"self":[{"href":"https:\/\/plagcheck.com\/wp-json\/wp\/v2\/pages\/140","targetHints":{"allow":["GET"]}}],"collection":[{"href":"https:\/\/plagcheck.com\/wp-json\/wp\/v2\/pages"}],"about":[{"href":"https:\/\/plagcheck.com\/wp-json\/wp\/v2\/types\/page"}],"author":[{"embeddable":true,"href":"https:\/\/plagcheck.com\/wp-json\/wp\/v2\/users\/1"}],"replies":[{"embeddable":true,"href":"https:\/\/plagcheck.com\/wp-json\/wp\/v2\/comments?post=140"}],"version-history":[{"count":1,"href":"https:\/\/plagcheck.com\/wp-json\/wp\/v2\/pages\/140\/revisions"}],"predecessor-version":[{"id":141,"href":"https:\/\/plagcheck.com\/wp-json\/wp\/v2\/pages\/140\/revisions\/141"}],"wp:attachment":[{"href":"https:\/\/plagcheck.com\/wp-json\/wp\/v2\/media?parent=140"}],"curies":[{"name":"wp","href":"https:\/\/api.w.org\/{rel}","templated":true}]}}