{"id":104,"date":"2025-02-17T08:59:28","date_gmt":"2025-02-17T08:59:28","guid":{"rendered":"https:\/\/plagcheck.com\/?page_id=104","raw":"https:\/\/plagcheck.com\/?page_id=104"},"modified":"2025-02-17T08:59:28","modified_gmt":"2025-02-17T08:59:28","slug":"plagiarism-checker","status":"publish","type":"page","link":"https:\/\/plagcheck.com\/et\/plagiarism-checker\/","title":{"rendered":"Plagiaatide kontrollija","raw":"Plagiaatide kontrollija"},"content":{"rendered":"","protected":false,"raw":""},"excerpt":{"rendered":"<meta name=\"description\" content=\"A professional web development company specializing in creating high-quality websites and applications.\">","protected":false,"raw":"<meta name=\"description\" content=\"A professional web development company specializing in creating high-quality websites and applications.\">"},"author":1,"featured_media":0,"parent":0,"menu_order":0,"comment_status":"closed","ping_status":"closed","template":"","meta":{"_acf_changed":false,"_yoast_wpseo_title":"Usaldusv\u00e4\u00e4rne plaagiaatide kontrollija veebis","_yoast_wpseo_metadesc":"Saada kiiresti ja usaldusv\u00e4\u00e4rset plaagiaatide tuvastamise v\u00f5imalused akadeemiliste ja ametlikate vajaduste jaoks.","_locale":"et","_original_post":"https:\/\/plagcheck.com\/?page_id=7","footnotes":""},"class_list":["post-104","page","type-page","status-publish","hentry","et"],"acf":[],"yoast_head":"<!-- This site is optimized with the Yoast SEO plugin v27.5 - https:\/\/yoast.com\/product\/yoast-seo-wordpress\/ -->\n<title>Usaldusv\u00e4\u00e4rne plaagiaatide kontrollija veebis<\/title>\n<meta name=\"description\" content=\"Saada kiiresti ja usaldusv\u00e4\u00e4rset plaagiaatide tuvastamise v\u00f5imalused akadeemiliste ja ametlikate vajaduste jaoks.\" \/>\n<meta name=\"robots\" content=\"index, follow, max-snippet:-1, max-image-preview:large, max-video-preview:-1\" \/>\n<link rel=\"canonical\" href=\"https:\/\/plagcheck.com\/et\/plagiarism-checker\/\" \/>\n<meta property=\"og:locale\" content=\"et_EE\" \/>\n<meta property=\"og:type\" content=\"article\" \/>\n<meta property=\"og:title\" content=\"Usaldusv\u00e4\u00e4rne plaagiaatide kontrollija veebis\" \/>\n<meta property=\"og:description\" content=\"Saada kiiresti ja usaldusv\u00e4\u00e4rset plaagiaatide tuvastamise v\u00f5imalused akadeemiliste ja ametlikate vajaduste jaoks.\" \/>\n<meta property=\"og:url\" content=\"https:\/\/plagcheck.com\/et\/plagiarism-checker\/\" \/>\n<meta property=\"og:site_name\" content=\"Plagcheck.com\" \/>\n<meta name=\"twitter:card\" content=\"summary_large_image\" \/>\n<!-- \/ Yoast SEO plugin. -->","yoast_head_json":{"title":"Usaldusv\u00e4\u00e4rne plaagiaatide kontrollija veebis","description":"Saada kiiresti ja usaldusv\u00e4\u00e4rset plaagiaatide tuvastamise v\u00f5imalused akadeemiliste ja ametlikate vajaduste jaoks.","robots":{"index":"index","follow":"follow","max-snippet":"max-snippet:-1","max-image-preview":"max-image-preview:large","max-video-preview":"max-video-preview:-1"},"canonical":"https:\/\/plagcheck.com\/et\/plagiarism-checker\/","og_locale":"et_EE","og_type":"article","og_title":"Usaldusv\u00e4\u00e4rne plaagiaatide kontrollija veebis","og_description":"Saada kiiresti ja usaldusv\u00e4\u00e4rset plaagiaatide tuvastamise v\u00f5imalused akadeemiliste ja ametlikate vajaduste jaoks.","og_url":"https:\/\/plagcheck.com\/et\/plagiarism-checker\/","og_site_name":"Plagcheck.com","twitter_card":"summary_large_image","schema":{"@context":"https:\/\/schema.org","@graph":[{"@type":"WebPage","@id":"https:\/\/plagcheck.com\/et\/plagiarism-checker\/","url":"https:\/\/plagcheck.com\/et\/plagiarism-checker\/","name":"Usaldusv\u00e4\u00e4rne plaagiaatide kontrollija veebis","isPartOf":{"@id":"https:\/\/plagcheck.com\/#website"},"datePublished":"2025-02-17T08:59:28+00:00","description":"Saada kiiresti ja usaldusv\u00e4\u00e4rset plaagiaatide tuvastamise v\u00f5imalused akadeemiliste ja ametlikate vajaduste jaoks.","breadcrumb":{"@id":"https:\/\/plagcheck.com\/et\/plagiarism-checker\/#breadcrumb"},"inLanguage":"et","potentialAction":[{"@type":"ReadAction","target":["https:\/\/plagcheck.com\/et\/plagiarism-checker\/"]}]},{"@type":"BreadcrumbList","@id":"https:\/\/plagcheck.com\/et\/plagiarism-checker\/#breadcrumb","itemListElement":[{"@type":"ListItem","position":1,"name":"Home","item":"https:\/\/plagcheck.com\/et\/"},{"@type":"ListItem","position":2,"name":"Plagiaatide kontrollija"}]},{"@type":"WebSite","@id":"https:\/\/plagcheck.com\/#website","url":"https:\/\/plagcheck.com\/","name":"Plagcheck.com","description":"","potentialAction":[{"@type":"SearchAction","target":{"@type":"EntryPoint","urlTemplate":"https:\/\/plagcheck.com\/?s={search_term_string}"},"query-input":{"@type":"PropertyValueSpecification","valueRequired":true,"valueName":"search_term_string"}}],"inLanguage":"et"}]}},"_links":{"self":[{"href":"https:\/\/plagcheck.com\/wp-json\/wp\/v2\/pages\/104","targetHints":{"allow":["GET"]}}],"collection":[{"href":"https:\/\/plagcheck.com\/wp-json\/wp\/v2\/pages"}],"about":[{"href":"https:\/\/plagcheck.com\/wp-json\/wp\/v2\/types\/page"}],"author":[{"embeddable":true,"href":"https:\/\/plagcheck.com\/wp-json\/wp\/v2\/users\/1"}],"replies":[{"embeddable":true,"href":"https:\/\/plagcheck.com\/wp-json\/wp\/v2\/comments?post=104"}],"version-history":[{"count":1,"href":"https:\/\/plagcheck.com\/wp-json\/wp\/v2\/pages\/104\/revisions"}],"predecessor-version":[{"id":105,"href":"https:\/\/plagcheck.com\/wp-json\/wp\/v2\/pages\/104\/revisions\/105"}],"wp:attachment":[{"href":"https:\/\/plagcheck.com\/wp-json\/wp\/v2\/media?parent=104"}],"curies":[{"name":"wp","href":"https:\/\/api.w.org\/{rel}","templated":true}]}}