{"id":174,"date":"2025-02-17T08:59:19","date_gmt":"2025-02-17T08:59:19","guid":{"rendered":"https:\/\/plagcheck.com\/?page_id=174","raw":"https:\/\/plagcheck.com\/?page_id=174"},"modified":"2025-02-17T08:59:19","modified_gmt":"2025-02-17T08:59:19","slug":"about-us","status":"publish","type":"page","link":"https:\/\/plagcheck.com\/es\/about-us\/","title":{"rendered":"Sobre nosotros","raw":"Sobre nosotros"},"content":{"rendered":"","protected":false,"raw":""},"excerpt":{"rendered":"","protected":false,"raw":""},"author":1,"featured_media":0,"parent":0,"menu_order":0,"comment_status":"closed","ping_status":"closed","template":"","meta":{"_acf_changed":false,"_yoast_wpseo_title":"Acerca de PlagCheck.com: Integridad e Innovaci\u00f3n","_yoast_wpseo_metadesc":"En PlagCheck, combinamos innovaci\u00f3n y confianza para ofrecer una detecci\u00f3n de plagio y IA fiable, asegurando que tu trabajo siempre sea original.","_locale":"es_ES","_original_post":"https:\/\/plagcheck.com\/?page_id=9","footnotes":""},"class_list":["post-174","page","type-page","status-publish","hentry","es-ES"],"acf":[],"yoast_head":"<!-- This site is optimized with the Yoast SEO plugin v27.5 - https:\/\/yoast.com\/product\/yoast-seo-wordpress\/ -->\n<title>Acerca de PlagCheck.com: Integridad e Innovaci\u00f3n<\/title>\n<meta name=\"description\" content=\"En PlagCheck, combinamos innovaci\u00f3n y confianza para ofrecer una detecci\u00f3n de plagio y IA fiable, asegurando que tu trabajo siempre sea original.\" \/>\n<meta name=\"robots\" content=\"index, follow, max-snippet:-1, max-image-preview:large, max-video-preview:-1\" \/>\n<link rel=\"canonical\" href=\"https:\/\/plagcheck.com\/es\/about-us\/\" \/>\n<meta property=\"og:locale\" content=\"es_ES\" \/>\n<meta property=\"og:type\" content=\"article\" \/>\n<meta property=\"og:title\" content=\"Acerca de PlagCheck.com: Integridad e Innovaci\u00f3n\" \/>\n<meta property=\"og:description\" content=\"En PlagCheck, combinamos innovaci\u00f3n y confianza para ofrecer una detecci\u00f3n de plagio y IA fiable, asegurando que tu trabajo siempre sea original.\" \/>\n<meta property=\"og:url\" content=\"https:\/\/plagcheck.com\/es\/about-us\/\" \/>\n<meta property=\"og:site_name\" content=\"Plagcheck.com\" \/>\n<meta name=\"twitter:card\" content=\"summary_large_image\" \/>\n<!-- \/ Yoast SEO plugin. -->","yoast_head_json":{"title":"Acerca de PlagCheck.com: Integridad e Innovaci\u00f3n","description":"En PlagCheck, combinamos innovaci\u00f3n y confianza para ofrecer una detecci\u00f3n de plagio y IA fiable, asegurando que tu trabajo siempre sea original.","robots":{"index":"index","follow":"follow","max-snippet":"max-snippet:-1","max-image-preview":"max-image-preview:large","max-video-preview":"max-video-preview:-1"},"canonical":"https:\/\/plagcheck.com\/es\/about-us\/","og_locale":"es_ES","og_type":"article","og_title":"Acerca de PlagCheck.com: Integridad e Innovaci\u00f3n","og_description":"En PlagCheck, combinamos innovaci\u00f3n y confianza para ofrecer una detecci\u00f3n de plagio y IA fiable, asegurando que tu trabajo siempre sea original.","og_url":"https:\/\/plagcheck.com\/es\/about-us\/","og_site_name":"Plagcheck.com","twitter_card":"summary_large_image","schema":{"@context":"https:\/\/schema.org","@graph":[{"@type":"WebPage","@id":"https:\/\/plagcheck.com\/es\/about-us\/","url":"https:\/\/plagcheck.com\/es\/about-us\/","name":"Acerca de PlagCheck.com: Integridad e Innovaci\u00f3n","isPartOf":{"@id":"https:\/\/plagcheck.com\/#website"},"datePublished":"2025-02-17T08:59:19+00:00","description":"En PlagCheck, combinamos innovaci\u00f3n y confianza para ofrecer una detecci\u00f3n de plagio y IA fiable, asegurando que tu trabajo siempre sea original.","breadcrumb":{"@id":"https:\/\/plagcheck.com\/es\/about-us\/#breadcrumb"},"inLanguage":"es","potentialAction":[{"@type":"ReadAction","target":["https:\/\/plagcheck.com\/es\/about-us\/"]}]},{"@type":"BreadcrumbList","@id":"https:\/\/plagcheck.com\/es\/about-us\/#breadcrumb","itemListElement":[{"@type":"ListItem","position":1,"name":"Home","item":"https:\/\/plagcheck.com\/es\/"},{"@type":"ListItem","position":2,"name":"Sobre nosotros"}]},{"@type":"WebSite","@id":"https:\/\/plagcheck.com\/#website","url":"https:\/\/plagcheck.com\/","name":"Plagcheck.com","description":"","potentialAction":[{"@type":"SearchAction","target":{"@type":"EntryPoint","urlTemplate":"https:\/\/plagcheck.com\/?s={search_term_string}"},"query-input":{"@type":"PropertyValueSpecification","valueRequired":true,"valueName":"search_term_string"}}],"inLanguage":"es"}]}},"_links":{"self":[{"href":"https:\/\/plagcheck.com\/wp-json\/wp\/v2\/pages\/174","targetHints":{"allow":["GET"]}}],"collection":[{"href":"https:\/\/plagcheck.com\/wp-json\/wp\/v2\/pages"}],"about":[{"href":"https:\/\/plagcheck.com\/wp-json\/wp\/v2\/types\/page"}],"author":[{"embeddable":true,"href":"https:\/\/plagcheck.com\/wp-json\/wp\/v2\/users\/1"}],"replies":[{"embeddable":true,"href":"https:\/\/plagcheck.com\/wp-json\/wp\/v2\/comments?post=174"}],"version-history":[{"count":1,"href":"https:\/\/plagcheck.com\/wp-json\/wp\/v2\/pages\/174\/revisions"}],"predecessor-version":[{"id":175,"href":"https:\/\/plagcheck.com\/wp-json\/wp\/v2\/pages\/174\/revisions\/175"}],"wp:attachment":[{"href":"https:\/\/plagcheck.com\/wp-json\/wp\/v2\/media?parent=174"}],"curies":[{"name":"wp","href":"https:\/\/api.w.org\/{rel}","templated":true}]}}