{"id":278,"date":"2025-02-17T08:58:44","date_gmt":"2025-02-17T08:58:44","guid":{"rendered":"https:\/\/plagcheck.com\/?page_id=278","raw":"https:\/\/plagcheck.com\/?page_id=278"},"modified":"2025-02-17T08:58:44","modified_gmt":"2025-02-17T08:58:44","slug":"home","status":"publish","type":"page","link":"https:\/\/plagcheck.com\/","title":{"rendered":"Startseite","raw":"Startseite"},"content":{"rendered":"","protected":false,"raw":""},"excerpt":{"rendered":"","protected":false,"raw":""},"author":1,"featured_media":0,"parent":0,"menu_order":0,"comment_status":"closed","ping_status":"closed","template":"","meta":{"_acf_changed":false,"_yoast_wpseo_title":"Plagiatspr\u00fcfer und KI-Erkennung | PlagCheck.com","_yoast_wpseo_metadesc":"Stellen Sie Originalit\u00e4t sicher und sch\u00fctzen Sie Ihr Ruf mit schneller und pr\u00e4ziser Plagiats- und KI-Erkennung. Beginnen Sie jetzt mit der \u00dcberpr\u00fcfung Ihres Werks.","_locale":"de_DE","_original_post":"https:\/\/plagcheck.com\/?page_id=24","footnotes":""},"class_list":["post-278","page","type-page","status-publish","hentry","de-DE"],"acf":[],"yoast_head":"<!-- This site is optimized with the Yoast SEO plugin v27.5 - https:\/\/yoast.com\/product\/yoast-seo-wordpress\/ -->\n<title>Plagiatspr\u00fcfer und KI-Erkennung | PlagCheck.com<\/title>\n<meta name=\"description\" content=\"Stellen Sie Originalit\u00e4t sicher und sch\u00fctzen Sie Ihr Ruf mit schneller und pr\u00e4ziser Plagiats- und KI-Erkennung. Beginnen Sie jetzt mit der \u00dcberpr\u00fcfung Ihres Werks.\" \/>\n<meta name=\"robots\" content=\"index, follow, max-snippet:-1, max-image-preview:large, max-video-preview:-1\" \/>\n<link rel=\"canonical\" href=\"https:\/\/plagcheck.com\/de\/\" \/>\n<meta property=\"og:locale\" content=\"de_DE\" \/>\n<meta property=\"og:type\" content=\"article\" \/>\n<meta property=\"og:title\" content=\"Plagiatspr\u00fcfer und KI-Erkennung | PlagCheck.com\" \/>\n<meta property=\"og:description\" content=\"Stellen Sie Originalit\u00e4t sicher und sch\u00fctzen Sie Ihr Ruf mit schneller und pr\u00e4ziser Plagiats- und KI-Erkennung. Beginnen Sie jetzt mit der \u00dcberpr\u00fcfung Ihres Werks.\" \/>\n<meta property=\"og:url\" content=\"https:\/\/plagcheck.com\/de\/\" \/>\n<meta property=\"og:site_name\" content=\"Plagcheck.com\" \/>\n<meta name=\"twitter:card\" content=\"summary_large_image\" \/>\n<!-- \/ Yoast SEO plugin. -->","yoast_head_json":{"title":"Plagiatspr\u00fcfer und KI-Erkennung | PlagCheck.com","description":"Stellen Sie Originalit\u00e4t sicher und sch\u00fctzen Sie Ihr Ruf mit schneller und pr\u00e4ziser Plagiats- und KI-Erkennung. Beginnen Sie jetzt mit der \u00dcberpr\u00fcfung Ihres Werks.","robots":{"index":"index","follow":"follow","max-snippet":"max-snippet:-1","max-image-preview":"max-image-preview:large","max-video-preview":"max-video-preview:-1"},"canonical":"https:\/\/plagcheck.com\/de\/","og_locale":"de_DE","og_type":"article","og_title":"Plagiatspr\u00fcfer und KI-Erkennung | PlagCheck.com","og_description":"Stellen Sie Originalit\u00e4t sicher und sch\u00fctzen Sie Ihr Ruf mit schneller und pr\u00e4ziser Plagiats- und KI-Erkennung. Beginnen Sie jetzt mit der \u00dcberpr\u00fcfung Ihres Werks.","og_url":"https:\/\/plagcheck.com\/de\/","og_site_name":"Plagcheck.com","twitter_card":"summary_large_image","schema":{"@context":"https:\/\/schema.org","@graph":[{"@type":"WebPage","@id":"https:\/\/plagcheck.com\/de\/","url":"https:\/\/plagcheck.com\/de\/","name":"Plagiatspr\u00fcfer und KI-Erkennung | PlagCheck.com","isPartOf":{"@id":"https:\/\/plagcheck.com\/#website"},"datePublished":"2025-02-17T08:58:44+00:00","description":"Stellen Sie Originalit\u00e4t sicher und sch\u00fctzen Sie Ihr Ruf mit schneller und pr\u00e4ziser Plagiats- und KI-Erkennung. Beginnen Sie jetzt mit der \u00dcberpr\u00fcfung Ihres Werks.","breadcrumb":{"@id":"https:\/\/plagcheck.com\/de\/#breadcrumb"},"inLanguage":"de","potentialAction":[{"@type":"ReadAction","target":["https:\/\/plagcheck.com\/de\/"]}]},{"@type":"BreadcrumbList","@id":"https:\/\/plagcheck.com\/de\/#breadcrumb","itemListElement":[{"@type":"ListItem","position":1,"name":"Home","item":"https:\/\/plagcheck.com\/de\/"},{"@type":"ListItem","position":2,"name":"Startseite"}]},{"@type":"WebSite","@id":"https:\/\/plagcheck.com\/#website","url":"https:\/\/plagcheck.com\/","name":"Plagcheck.com","description":"","potentialAction":[{"@type":"SearchAction","target":{"@type":"EntryPoint","urlTemplate":"https:\/\/plagcheck.com\/?s={search_term_string}"},"query-input":{"@type":"PropertyValueSpecification","valueRequired":true,"valueName":"search_term_string"}}],"inLanguage":"de"}]}},"_links":{"self":[{"href":"https:\/\/plagcheck.com\/wp-json\/wp\/v2\/pages\/278","targetHints":{"allow":["GET"]}}],"collection":[{"href":"https:\/\/plagcheck.com\/wp-json\/wp\/v2\/pages"}],"about":[{"href":"https:\/\/plagcheck.com\/wp-json\/wp\/v2\/types\/page"}],"author":[{"embeddable":true,"href":"https:\/\/plagcheck.com\/wp-json\/wp\/v2\/users\/1"}],"replies":[{"embeddable":true,"href":"https:\/\/plagcheck.com\/wp-json\/wp\/v2\/comments?post=278"}],"version-history":[{"count":1,"href":"https:\/\/plagcheck.com\/wp-json\/wp\/v2\/pages\/278\/revisions"}],"predecessor-version":[{"id":279,"href":"https:\/\/plagcheck.com\/wp-json\/wp\/v2\/pages\/278\/revisions\/279"}],"wp:attachment":[{"href":"https:\/\/plagcheck.com\/wp-json\/wp\/v2\/media?parent=278"}],"curies":[{"name":"wp","href":"https:\/\/api.w.org\/{rel}","templated":true}]}}