{"id":242,"date":"2025-02-17T08:58:59","date_gmt":"2025-02-17T08:58:59","guid":{"rendered":"https:\/\/plagcheck.com\/?page_id=242","raw":"https:\/\/plagcheck.com\/?page_id=242"},"modified":"2025-02-17T08:58:59","modified_gmt":"2025-02-17T08:58:59","slug":"contact-us","status":"publish","type":"page","link":"https:\/\/plagcheck.com\/de\/contact-us\/","title":{"rendered":"Kontakt","raw":"Kontakt"},"content":{"rendered":"","protected":false,"raw":""},"excerpt":{"rendered":"","protected":false,"raw":""},"author":1,"featured_media":0,"parent":0,"menu_order":0,"comment_status":"closed","ping_status":"closed","template":"","meta":{"_acf_changed":false,"_yoast_wpseo_title":"Kontaktieren Sie den PlagCheck-Support","_yoast_wpseo_metadesc":"Verwenden Sie die Unterst\u00fctzung von PlagCheck f\u00fcr alle Fragen, Probleme oder Anliegen im Zusammenhang mit Plagiats- und KI-gest\u00fctzten Inhalts\u00fcberpr\u00fcfungsleistungen.","_locale":"de_DE","_original_post":"https:\/\/plagcheck.com\/?page_id=11","footnotes":""},"class_list":["post-242","page","type-page","status-publish","hentry","de-DE"],"acf":[],"yoast_head":"<!-- This site is optimized with the Yoast SEO plugin v27.4 - https:\/\/yoast.com\/product\/yoast-seo-wordpress\/ -->\n<title>Kontaktieren Sie den PlagCheck-Support<\/title>\n<meta name=\"description\" content=\"Verwenden Sie die Unterst\u00fctzung von PlagCheck f\u00fcr alle Fragen, Probleme oder Anliegen im Zusammenhang mit Plagiats- und KI-gest\u00fctzten Inhalts\u00fcberpr\u00fcfungsleistungen.\" \/>\n<meta name=\"robots\" content=\"index, follow, max-snippet:-1, max-image-preview:large, max-video-preview:-1\" \/>\n<link rel=\"canonical\" href=\"https:\/\/plagcheck.com\/de\/contact-us\/\" \/>\n<meta property=\"og:locale\" content=\"de_DE\" \/>\n<meta property=\"og:type\" content=\"article\" \/>\n<meta property=\"og:title\" content=\"Kontaktieren Sie den PlagCheck-Support\" \/>\n<meta property=\"og:description\" content=\"Verwenden Sie die Unterst\u00fctzung von PlagCheck f\u00fcr alle Fragen, Probleme oder Anliegen im Zusammenhang mit Plagiats- und KI-gest\u00fctzten Inhalts\u00fcberpr\u00fcfungsleistungen.\" \/>\n<meta property=\"og:url\" content=\"https:\/\/plagcheck.com\/de\/contact-us\/\" \/>\n<meta property=\"og:site_name\" content=\"Plagcheck.com\" \/>\n<meta name=\"twitter:card\" content=\"summary_large_image\" \/>\n<!-- \/ Yoast SEO plugin. -->","yoast_head_json":{"title":"Kontaktieren Sie den PlagCheck-Support","description":"Verwenden Sie die Unterst\u00fctzung von PlagCheck f\u00fcr alle Fragen, Probleme oder Anliegen im Zusammenhang mit Plagiats- und KI-gest\u00fctzten Inhalts\u00fcberpr\u00fcfungsleistungen.","robots":{"index":"index","follow":"follow","max-snippet":"max-snippet:-1","max-image-preview":"max-image-preview:large","max-video-preview":"max-video-preview:-1"},"canonical":"https:\/\/plagcheck.com\/de\/contact-us\/","og_locale":"de_DE","og_type":"article","og_title":"Kontaktieren Sie den PlagCheck-Support","og_description":"Verwenden Sie die Unterst\u00fctzung von PlagCheck f\u00fcr alle Fragen, Probleme oder Anliegen im Zusammenhang mit Plagiats- und KI-gest\u00fctzten Inhalts\u00fcberpr\u00fcfungsleistungen.","og_url":"https:\/\/plagcheck.com\/de\/contact-us\/","og_site_name":"Plagcheck.com","twitter_card":"summary_large_image","schema":{"@context":"https:\/\/schema.org","@graph":[{"@type":"WebPage","@id":"https:\/\/plagcheck.com\/de\/contact-us\/","url":"https:\/\/plagcheck.com\/de\/contact-us\/","name":"Kontaktieren Sie den PlagCheck-Support","isPartOf":{"@id":"https:\/\/plagcheck.com\/#website"},"datePublished":"2025-02-17T08:58:59+00:00","description":"Verwenden Sie die Unterst\u00fctzung von PlagCheck f\u00fcr alle Fragen, Probleme oder Anliegen im Zusammenhang mit Plagiats- und KI-gest\u00fctzten Inhalts\u00fcberpr\u00fcfungsleistungen.","breadcrumb":{"@id":"https:\/\/plagcheck.com\/de\/contact-us\/#breadcrumb"},"inLanguage":"de","potentialAction":[{"@type":"ReadAction","target":["https:\/\/plagcheck.com\/de\/contact-us\/"]}]},{"@type":"BreadcrumbList","@id":"https:\/\/plagcheck.com\/de\/contact-us\/#breadcrumb","itemListElement":[{"@type":"ListItem","position":1,"name":"Home","item":"https:\/\/plagcheck.com\/de\/"},{"@type":"ListItem","position":2,"name":"Kontakt"}]},{"@type":"WebSite","@id":"https:\/\/plagcheck.com\/#website","url":"https:\/\/plagcheck.com\/","name":"Plagcheck.com","description":"","potentialAction":[{"@type":"SearchAction","target":{"@type":"EntryPoint","urlTemplate":"https:\/\/plagcheck.com\/?s={search_term_string}"},"query-input":{"@type":"PropertyValueSpecification","valueRequired":true,"valueName":"search_term_string"}}],"inLanguage":"de"}]}},"_links":{"self":[{"href":"https:\/\/plagcheck.com\/wp-json\/wp\/v2\/pages\/242","targetHints":{"allow":["GET"]}}],"collection":[{"href":"https:\/\/plagcheck.com\/wp-json\/wp\/v2\/pages"}],"about":[{"href":"https:\/\/plagcheck.com\/wp-json\/wp\/v2\/types\/page"}],"author":[{"embeddable":true,"href":"https:\/\/plagcheck.com\/wp-json\/wp\/v2\/users\/1"}],"replies":[{"embeddable":true,"href":"https:\/\/plagcheck.com\/wp-json\/wp\/v2\/comments?post=242"}],"version-history":[{"count":1,"href":"https:\/\/plagcheck.com\/wp-json\/wp\/v2\/pages\/242\/revisions"}],"predecessor-version":[{"id":243,"href":"https:\/\/plagcheck.com\/wp-json\/wp\/v2\/pages\/242\/revisions\/243"}],"wp:attachment":[{"href":"https:\/\/plagcheck.com\/wp-json\/wp\/v2\/media?parent=242"}],"curies":[{"name":"wp","href":"https:\/\/api.w.org\/{rel}","templated":true}]}}