{"id":206,"date":"2025-02-17T08:59:11","date_gmt":"2025-02-17T08:59:11","guid":{"rendered":"https:\/\/plagcheck.com\/?page_id=206","raw":"https:\/\/plagcheck.com\/?page_id=206"},"modified":"2025-02-17T08:59:11","modified_gmt":"2025-02-17T08:59:11","slug":"pricing","status":"publish","type":"page","link":"https:\/\/plagcheck.com\/de\/pricing\/","title":{"rendered":"Preise","raw":"Preise"},"content":{"rendered":"","protected":false,"raw":""},"excerpt":{"rendered":"","protected":false,"raw":""},"author":1,"featured_media":0,"parent":0,"menu_order":0,"comment_status":"closed","ping_status":"closed","template":"","meta":{"_acf_changed":false,"_yoast_wpseo_title":"PlagCheck Preispl\u00e4ne erkunden","_yoast_wpseo_metadesc":"Entdecken Sie flexible Preispl\u00e4ne f\u00fcr die Plagiatserkennung und KI-Erkennungstools von PlagCheck. W\u00e4hlen Sie den Plan, der Ihren akademischen oder beruflichen Bed\u00fcrfnissen am besten entspricht.","_locale":"de_DE","_original_post":"https:\/\/plagcheck.com\/?page_id=10","footnotes":""},"class_list":["post-206","page","type-page","status-publish","hentry","de-DE"],"acf":[],"yoast_head":"<!-- This site is optimized with the Yoast SEO plugin v27.6 - https:\/\/yoast.com\/product\/yoast-seo-wordpress\/ -->\n<title>PlagCheck Preispl\u00e4ne erkunden<\/title>\n<meta name=\"description\" content=\"Entdecken Sie flexible Preispl\u00e4ne f\u00fcr die Plagiatserkennung und KI-Erkennungstools von PlagCheck. W\u00e4hlen Sie den Plan, der Ihren akademischen oder beruflichen Bed\u00fcrfnissen am besten entspricht.\" \/>\n<meta name=\"robots\" content=\"index, follow, max-snippet:-1, max-image-preview:large, max-video-preview:-1\" \/>\n<link rel=\"canonical\" href=\"https:\/\/plagcheck.com\/de\/pricing\/\" \/>\n<meta property=\"og:locale\" content=\"de_DE\" \/>\n<meta property=\"og:type\" content=\"article\" \/>\n<meta property=\"og:title\" content=\"PlagCheck Preispl\u00e4ne erkunden\" \/>\n<meta property=\"og:description\" content=\"Entdecken Sie flexible Preispl\u00e4ne f\u00fcr die Plagiatserkennung und KI-Erkennungstools von PlagCheck. W\u00e4hlen Sie den Plan, der Ihren akademischen oder beruflichen Bed\u00fcrfnissen am besten entspricht.\" \/>\n<meta property=\"og:url\" content=\"https:\/\/plagcheck.com\/de\/pricing\/\" \/>\n<meta property=\"og:site_name\" content=\"Plagcheck.com\" \/>\n<meta name=\"twitter:card\" content=\"summary_large_image\" \/>\n<!-- \/ Yoast SEO plugin. -->","yoast_head_json":{"title":"PlagCheck Preispl\u00e4ne erkunden","description":"Entdecken Sie flexible Preispl\u00e4ne f\u00fcr die Plagiatserkennung und KI-Erkennungstools von PlagCheck. W\u00e4hlen Sie den Plan, der Ihren akademischen oder beruflichen Bed\u00fcrfnissen am besten entspricht.","robots":{"index":"index","follow":"follow","max-snippet":"max-snippet:-1","max-image-preview":"max-image-preview:large","max-video-preview":"max-video-preview:-1"},"canonical":"https:\/\/plagcheck.com\/de\/pricing\/","og_locale":"de_DE","og_type":"article","og_title":"PlagCheck Preispl\u00e4ne erkunden","og_description":"Entdecken Sie flexible Preispl\u00e4ne f\u00fcr die Plagiatserkennung und KI-Erkennungstools von PlagCheck. W\u00e4hlen Sie den Plan, der Ihren akademischen oder beruflichen Bed\u00fcrfnissen am besten entspricht.","og_url":"https:\/\/plagcheck.com\/de\/pricing\/","og_site_name":"Plagcheck.com","twitter_card":"summary_large_image","schema":{"@context":"https:\/\/schema.org","@graph":[{"@type":"WebPage","@id":"https:\/\/plagcheck.com\/de\/pricing\/","url":"https:\/\/plagcheck.com\/de\/pricing\/","name":"PlagCheck Preispl\u00e4ne erkunden","isPartOf":{"@id":"https:\/\/plagcheck.com\/#website"},"datePublished":"2025-02-17T08:59:11+00:00","description":"Entdecken Sie flexible Preispl\u00e4ne f\u00fcr die Plagiatserkennung und KI-Erkennungstools von PlagCheck. W\u00e4hlen Sie den Plan, der Ihren akademischen oder beruflichen Bed\u00fcrfnissen am besten entspricht.","breadcrumb":{"@id":"https:\/\/plagcheck.com\/de\/pricing\/#breadcrumb"},"inLanguage":"de","potentialAction":[{"@type":"ReadAction","target":["https:\/\/plagcheck.com\/de\/pricing\/"]}]},{"@type":"BreadcrumbList","@id":"https:\/\/plagcheck.com\/de\/pricing\/#breadcrumb","itemListElement":[{"@type":"ListItem","position":1,"name":"Home","item":"https:\/\/plagcheck.com\/de\/"},{"@type":"ListItem","position":2,"name":"Preise"}]},{"@type":"WebSite","@id":"https:\/\/plagcheck.com\/#website","url":"https:\/\/plagcheck.com\/","name":"Plagcheck.com","description":"","potentialAction":[{"@type":"SearchAction","target":{"@type":"EntryPoint","urlTemplate":"https:\/\/plagcheck.com\/?s={search_term_string}"},"query-input":{"@type":"PropertyValueSpecification","valueRequired":true,"valueName":"search_term_string"}}],"inLanguage":"de"}]}},"_links":{"self":[{"href":"https:\/\/plagcheck.com\/wp-json\/wp\/v2\/pages\/206","targetHints":{"allow":["GET"]}}],"collection":[{"href":"https:\/\/plagcheck.com\/wp-json\/wp\/v2\/pages"}],"about":[{"href":"https:\/\/plagcheck.com\/wp-json\/wp\/v2\/types\/page"}],"author":[{"embeddable":true,"href":"https:\/\/plagcheck.com\/wp-json\/wp\/v2\/users\/1"}],"replies":[{"embeddable":true,"href":"https:\/\/plagcheck.com\/wp-json\/wp\/v2\/comments?post=206"}],"version-history":[{"count":1,"href":"https:\/\/plagcheck.com\/wp-json\/wp\/v2\/pages\/206\/revisions"}],"predecessor-version":[{"id":207,"href":"https:\/\/plagcheck.com\/wp-json\/wp\/v2\/pages\/206\/revisions\/207"}],"wp:attachment":[{"href":"https:\/\/plagcheck.com\/wp-json\/wp\/v2\/media?parent=206"}],"curies":[{"name":"wp","href":"https:\/\/api.w.org\/{rel}","templated":true}]}}