{"id":94,"date":"2025-02-17T08:59:38","date_gmt":"2025-02-17T08:59:38","guid":{"rendered":"https:\/\/plagcheck.com\/?page_id=94","raw":"https:\/\/plagcheck.com\/?page_id=94"},"modified":"2025-02-17T08:59:38","modified_gmt":"2025-02-17T08:59:38","slug":"plagiarism-checker","status":"publish","type":"page","link":"https:\/\/plagcheck.com\/cs\/plagiarism-checker\/","title":{"rendered":"Kontrola plagi\u00e1tu","raw":"Kontrola plagi\u00e1tu"},"content":{"rendered":"","protected":false,"raw":""},"excerpt":{"rendered":"","protected":false,"raw":""},"author":1,"featured_media":0,"parent":0,"menu_order":0,"comment_status":"closed","ping_status":"closed","template":"","meta":{"_acf_changed":false,"_yoast_wpseo_title":"D\u016fv\u011bryhodn\u00fd online n\u00e1stroj pro kontrolu plagi\u00e1tu","_yoast_wpseo_metadesc":"Z\u00edskejte rychlou a spolehlivou detekci plagi\u00e1tu pro akademick\u00e9 a profesion\u00e1ln\u00ed pot\u0159eby.","_locale":"cs_CZ","_original_post":"https:\/\/plagcheck.com\/?page_id=7","footnotes":""},"class_list":["post-94","page","type-page","status-publish","hentry","cs-CZ"],"acf":[],"yoast_head":"<!-- This site is optimized with the Yoast SEO plugin v27.4 - https:\/\/yoast.com\/product\/yoast-seo-wordpress\/ -->\n<title>D\u016fv\u011bryhodn\u00fd online n\u00e1stroj pro kontrolu plagi\u00e1tu<\/title>\n<meta name=\"description\" content=\"Z\u00edskejte rychlou a spolehlivou detekci plagi\u00e1tu pro akademick\u00e9 a profesion\u00e1ln\u00ed pot\u0159eby.\" \/>\n<meta name=\"robots\" content=\"index, follow, max-snippet:-1, max-image-preview:large, max-video-preview:-1\" \/>\n<link rel=\"canonical\" href=\"https:\/\/plagcheck.com\/cs\/plagiarism-checker\/\" \/>\n<meta property=\"og:locale\" content=\"cs_CZ\" \/>\n<meta property=\"og:type\" content=\"article\" \/>\n<meta property=\"og:title\" content=\"D\u016fv\u011bryhodn\u00fd online n\u00e1stroj pro kontrolu plagi\u00e1tu\" \/>\n<meta property=\"og:description\" content=\"Z\u00edskejte rychlou a spolehlivou detekci plagi\u00e1tu pro akademick\u00e9 a profesion\u00e1ln\u00ed pot\u0159eby.\" \/>\n<meta property=\"og:url\" content=\"https:\/\/plagcheck.com\/cs\/plagiarism-checker\/\" \/>\n<meta property=\"og:site_name\" content=\"Plagcheck.com\" \/>\n<meta name=\"twitter:card\" content=\"summary_large_image\" \/>\n<!-- \/ Yoast SEO plugin. -->","yoast_head_json":{"title":"D\u016fv\u011bryhodn\u00fd online n\u00e1stroj pro kontrolu plagi\u00e1tu","description":"Z\u00edskejte rychlou a spolehlivou detekci plagi\u00e1tu pro akademick\u00e9 a profesion\u00e1ln\u00ed pot\u0159eby.","robots":{"index":"index","follow":"follow","max-snippet":"max-snippet:-1","max-image-preview":"max-image-preview:large","max-video-preview":"max-video-preview:-1"},"canonical":"https:\/\/plagcheck.com\/cs\/plagiarism-checker\/","og_locale":"cs_CZ","og_type":"article","og_title":"D\u016fv\u011bryhodn\u00fd online n\u00e1stroj pro kontrolu plagi\u00e1tu","og_description":"Z\u00edskejte rychlou a spolehlivou detekci plagi\u00e1tu pro akademick\u00e9 a profesion\u00e1ln\u00ed pot\u0159eby.","og_url":"https:\/\/plagcheck.com\/cs\/plagiarism-checker\/","og_site_name":"Plagcheck.com","twitter_card":"summary_large_image","schema":{"@context":"https:\/\/schema.org","@graph":[{"@type":"WebPage","@id":"https:\/\/plagcheck.com\/cs\/plagiarism-checker\/","url":"https:\/\/plagcheck.com\/cs\/plagiarism-checker\/","name":"D\u016fv\u011bryhodn\u00fd online n\u00e1stroj pro kontrolu plagi\u00e1tu","isPartOf":{"@id":"https:\/\/plagcheck.com\/#website"},"datePublished":"2025-02-17T08:59:38+00:00","description":"Z\u00edskejte rychlou a spolehlivou detekci plagi\u00e1tu pro akademick\u00e9 a profesion\u00e1ln\u00ed pot\u0159eby.","breadcrumb":{"@id":"https:\/\/plagcheck.com\/cs\/plagiarism-checker\/#breadcrumb"},"inLanguage":"cs","potentialAction":[{"@type":"ReadAction","target":["https:\/\/plagcheck.com\/cs\/plagiarism-checker\/"]}]},{"@type":"BreadcrumbList","@id":"https:\/\/plagcheck.com\/cs\/plagiarism-checker\/#breadcrumb","itemListElement":[{"@type":"ListItem","position":1,"name":"Home","item":"https:\/\/plagcheck.com\/cs\/"},{"@type":"ListItem","position":2,"name":"Kontrola plagi\u00e1tu"}]},{"@type":"WebSite","@id":"https:\/\/plagcheck.com\/#website","url":"https:\/\/plagcheck.com\/","name":"Plagcheck.com","description":"","potentialAction":[{"@type":"SearchAction","target":{"@type":"EntryPoint","urlTemplate":"https:\/\/plagcheck.com\/?s={search_term_string}"},"query-input":{"@type":"PropertyValueSpecification","valueRequired":true,"valueName":"search_term_string"}}],"inLanguage":"cs"}]}},"_links":{"self":[{"href":"https:\/\/plagcheck.com\/wp-json\/wp\/v2\/pages\/94","targetHints":{"allow":["GET"]}}],"collection":[{"href":"https:\/\/plagcheck.com\/wp-json\/wp\/v2\/pages"}],"about":[{"href":"https:\/\/plagcheck.com\/wp-json\/wp\/v2\/types\/page"}],"author":[{"embeddable":true,"href":"https:\/\/plagcheck.com\/wp-json\/wp\/v2\/users\/1"}],"replies":[{"embeddable":true,"href":"https:\/\/plagcheck.com\/wp-json\/wp\/v2\/comments?post=94"}],"version-history":[{"count":1,"href":"https:\/\/plagcheck.com\/wp-json\/wp\/v2\/pages\/94\/revisions"}],"predecessor-version":[{"id":95,"href":"https:\/\/plagcheck.com\/wp-json\/wp\/v2\/pages\/94\/revisions\/95"}],"wp:attachment":[{"href":"https:\/\/plagcheck.com\/wp-json\/wp\/v2\/media?parent=94"}],"curies":[{"name":"wp","href":"https:\/\/api.w.org\/{rel}","templated":true}]}}