{"id":376,"date":"2025-02-17T08:58:44","date_gmt":"2025-02-17T08:58:44","guid":{"rendered":"https:\/\/plagcheck.com\/?page_id=376","raw":"https:\/\/plagcheck.com\/?page_id=376"},"modified":"2025-02-24T11:05:25","modified_gmt":"2025-02-24T11:05:25","slug":"login","status":"publish","type":"page","link":"https:\/\/plagcheck.com\/cs\/login\/","title":{"rendered":"P\u0159ihl\u00e1sit se","raw":"P\u0159ihl\u00e1sit se"},"content":{"rendered":"","protected":false,"raw":""},"excerpt":{"rendered":"","protected":false,"raw":""},"author":1,"featured_media":0,"parent":0,"menu_order":0,"comment_status":"closed","ping_status":"closed","template":"","meta":{"_acf_changed":false,"_yoast_wpseo_title":"P\u0159\u00edstup k va\u0161emu \u00fa\u010dtu PlagCheck","_yoast_wpseo_metadesc":"P\u0159ihlaste se ke sv\u00e9mu \u00fa\u010dtu PlagCheck, abyste za\u010dali pou\u017e\u00edvat na\u0161e n\u00e1stroje pro detekci plagi\u00e1torstv\u00ed a AI obsahu pro va\u0161e akademick\u00e9 a profesion\u00e1ln\u00ed pot\u0159eby.","_locale":"cs_CZ","_original_post":"https:\/\/plagcheck.com\/?page_id=38","footnotes":""},"class_list":["post-376","page","type-page","status-publish","hentry","cs-CZ"],"acf":[],"yoast_head":"<!-- This site is optimized with the Yoast SEO plugin v27.6 - https:\/\/yoast.com\/product\/yoast-seo-wordpress\/ -->\n<title>P\u0159\u00edstup k va\u0161emu \u00fa\u010dtu PlagCheck<\/title>\n<meta name=\"description\" content=\"P\u0159ihlaste se ke sv\u00e9mu \u00fa\u010dtu PlagCheck, abyste za\u010dali pou\u017e\u00edvat na\u0161e n\u00e1stroje pro detekci plagi\u00e1torstv\u00ed a AI obsahu pro va\u0161e akademick\u00e9 a profesion\u00e1ln\u00ed pot\u0159eby.\" \/>\n<meta name=\"robots\" content=\"noindex, follow\" \/>\n<meta property=\"og:locale\" content=\"cs_CZ\" \/>\n<meta property=\"og:type\" content=\"article\" \/>\n<meta property=\"og:title\" content=\"P\u0159\u00edstup k va\u0161emu \u00fa\u010dtu PlagCheck\" \/>\n<meta property=\"og:description\" content=\"P\u0159ihlaste se ke sv\u00e9mu \u00fa\u010dtu PlagCheck, abyste za\u010dali pou\u017e\u00edvat na\u0161e n\u00e1stroje pro detekci plagi\u00e1torstv\u00ed a AI obsahu pro va\u0161e akademick\u00e9 a profesion\u00e1ln\u00ed pot\u0159eby.\" \/>\n<meta property=\"og:url\" content=\"https:\/\/plagcheck.com\/cs\/login\/\" \/>\n<meta property=\"og:site_name\" content=\"Plagcheck.com\" \/>\n<meta property=\"article:modified_time\" content=\"2025-02-24T11:05:25+00:00\" \/>\n<meta name=\"twitter:card\" content=\"summary_large_image\" \/>\n<!-- \/ Yoast SEO plugin. -->","yoast_head_json":{"title":"P\u0159\u00edstup k va\u0161emu \u00fa\u010dtu PlagCheck","description":"P\u0159ihlaste se ke sv\u00e9mu \u00fa\u010dtu PlagCheck, abyste za\u010dali pou\u017e\u00edvat na\u0161e n\u00e1stroje pro detekci plagi\u00e1torstv\u00ed a AI obsahu pro va\u0161e akademick\u00e9 a profesion\u00e1ln\u00ed pot\u0159eby.","robots":{"index":"noindex","follow":"follow"},"og_locale":"cs_CZ","og_type":"article","og_title":"P\u0159\u00edstup k va\u0161emu \u00fa\u010dtu PlagCheck","og_description":"P\u0159ihlaste se ke sv\u00e9mu \u00fa\u010dtu PlagCheck, abyste za\u010dali pou\u017e\u00edvat na\u0161e n\u00e1stroje pro detekci plagi\u00e1torstv\u00ed a AI obsahu pro va\u0161e akademick\u00e9 a profesion\u00e1ln\u00ed pot\u0159eby.","og_url":"https:\/\/plagcheck.com\/cs\/login\/","og_site_name":"Plagcheck.com","article_modified_time":"2025-02-24T11:05:25+00:00","twitter_card":"summary_large_image","schema":{"@context":"https:\/\/schema.org","@graph":[{"@type":"WebPage","@id":"https:\/\/plagcheck.com\/cs\/login\/","url":"https:\/\/plagcheck.com\/cs\/login\/","name":"P\u0159\u00edstup k va\u0161emu \u00fa\u010dtu PlagCheck","isPartOf":{"@id":"https:\/\/plagcheck.com\/#website"},"datePublished":"2025-02-17T08:58:44+00:00","dateModified":"2025-02-24T11:05:25+00:00","description":"P\u0159ihlaste se ke sv\u00e9mu \u00fa\u010dtu PlagCheck, abyste za\u010dali pou\u017e\u00edvat na\u0161e n\u00e1stroje pro detekci plagi\u00e1torstv\u00ed a AI obsahu pro va\u0161e akademick\u00e9 a profesion\u00e1ln\u00ed pot\u0159eby.","breadcrumb":{"@id":"https:\/\/plagcheck.com\/cs\/login\/#breadcrumb"},"inLanguage":"cs","potentialAction":[{"@type":"ReadAction","target":["https:\/\/plagcheck.com\/cs\/login\/"]}]},{"@type":"BreadcrumbList","@id":"https:\/\/plagcheck.com\/cs\/login\/#breadcrumb","itemListElement":[{"@type":"ListItem","position":1,"name":"Home","item":"https:\/\/plagcheck.com\/cs\/"},{"@type":"ListItem","position":2,"name":"P\u0159ihl\u00e1sit se"}]},{"@type":"WebSite","@id":"https:\/\/plagcheck.com\/#website","url":"https:\/\/plagcheck.com\/","name":"Plagcheck.com","description":"","potentialAction":[{"@type":"SearchAction","target":{"@type":"EntryPoint","urlTemplate":"https:\/\/plagcheck.com\/?s={search_term_string}"},"query-input":{"@type":"PropertyValueSpecification","valueRequired":true,"valueName":"search_term_string"}}],"inLanguage":"cs"}]}},"_links":{"self":[{"href":"https:\/\/plagcheck.com\/wp-json\/wp\/v2\/pages\/376","targetHints":{"allow":["GET"]}}],"collection":[{"href":"https:\/\/plagcheck.com\/wp-json\/wp\/v2\/pages"}],"about":[{"href":"https:\/\/plagcheck.com\/wp-json\/wp\/v2\/types\/page"}],"author":[{"embeddable":true,"href":"https:\/\/plagcheck.com\/wp-json\/wp\/v2\/users\/1"}],"replies":[{"embeddable":true,"href":"https:\/\/plagcheck.com\/wp-json\/wp\/v2\/comments?post=376"}],"version-history":[{"count":1,"href":"https:\/\/plagcheck.com\/wp-json\/wp\/v2\/pages\/376\/revisions"}],"predecessor-version":[{"id":377,"href":"https:\/\/plagcheck.com\/wp-json\/wp\/v2\/pages\/376\/revisions\/377"}],"wp:attachment":[{"href":"https:\/\/plagcheck.com\/wp-json\/wp\/v2\/media?parent=376"}],"curies":[{"name":"wp","href":"https:\/\/api.w.org\/{rel}","templated":true}]}}