{"id":166,"date":"2025-02-17T08:59:19","date_gmt":"2025-02-17T08:59:19","guid":{"rendered":"https:\/\/plagcheck.com\/?page_id=166","raw":"https:\/\/plagcheck.com\/?page_id=166"},"modified":"2025-02-17T08:59:19","modified_gmt":"2025-02-17T08:59:19","slug":"about-us","status":"publish","type":"page","link":"https:\/\/plagcheck.com\/cs\/about-us\/","title":{"rendered":"O n\u00e1s","raw":"O n\u00e1s"},"content":{"rendered":"","protected":false,"raw":""},"excerpt":{"rendered":"","protected":false,"raw":""},"author":1,"featured_media":0,"parent":0,"menu_order":0,"comment_status":"closed","ping_status":"closed","template":"","meta":{"_acf_changed":false,"_yoast_wpseo_title":"O PlagCheck.com: Integrita a inovace","_yoast_wpseo_metadesc":"Na PlagChecku kombinujeme inovaci a d\u016fv\u011bru k poskytov\u00e1n\u00ed spolehliv\u00e9ho zji\u0161t\u011bn\u00ed plagi\u00e1torstv\u00ed a um\u011bl\u00e9 inteligence, zajist\u00edme v\u00e1m, \u017ee va\u0161e pr\u00e1ce bude v\u017edy p\u016fvodn\u00ed.","_locale":"cs_CZ","_original_post":"https:\/\/plagcheck.com\/?page_id=9","footnotes":""},"class_list":["post-166","page","type-page","status-publish","hentry","cs-CZ"],"acf":[],"yoast_head":"<!-- This site is optimized with the Yoast SEO plugin v27.5 - https:\/\/yoast.com\/product\/yoast-seo-wordpress\/ -->\n<title>O PlagCheck.com: Integrita a inovace<\/title>\n<meta name=\"description\" content=\"Na PlagChecku kombinujeme inovaci a d\u016fv\u011bru k poskytov\u00e1n\u00ed spolehliv\u00e9ho zji\u0161t\u011bn\u00ed plagi\u00e1torstv\u00ed a um\u011bl\u00e9 inteligence, zajist\u00edme v\u00e1m, \u017ee va\u0161e pr\u00e1ce bude v\u017edy p\u016fvodn\u00ed.\" \/>\n<meta name=\"robots\" content=\"index, follow, max-snippet:-1, max-image-preview:large, max-video-preview:-1\" \/>\n<link rel=\"canonical\" href=\"https:\/\/plagcheck.com\/cs\/about-us\/\" \/>\n<meta property=\"og:locale\" content=\"cs_CZ\" \/>\n<meta property=\"og:type\" content=\"article\" \/>\n<meta property=\"og:title\" content=\"O PlagCheck.com: Integrita a inovace\" \/>\n<meta property=\"og:description\" content=\"Na PlagChecku kombinujeme inovaci a d\u016fv\u011bru k poskytov\u00e1n\u00ed spolehliv\u00e9ho zji\u0161t\u011bn\u00ed plagi\u00e1torstv\u00ed a um\u011bl\u00e9 inteligence, zajist\u00edme v\u00e1m, \u017ee va\u0161e pr\u00e1ce bude v\u017edy p\u016fvodn\u00ed.\" \/>\n<meta property=\"og:url\" content=\"https:\/\/plagcheck.com\/cs\/about-us\/\" \/>\n<meta property=\"og:site_name\" content=\"Plagcheck.com\" \/>\n<meta name=\"twitter:card\" content=\"summary_large_image\" \/>\n<!-- \/ Yoast SEO plugin. -->","yoast_head_json":{"title":"O PlagCheck.com: Integrita a inovace","description":"Na PlagChecku kombinujeme inovaci a d\u016fv\u011bru k poskytov\u00e1n\u00ed spolehliv\u00e9ho zji\u0161t\u011bn\u00ed plagi\u00e1torstv\u00ed a um\u011bl\u00e9 inteligence, zajist\u00edme v\u00e1m, \u017ee va\u0161e pr\u00e1ce bude v\u017edy p\u016fvodn\u00ed.","robots":{"index":"index","follow":"follow","max-snippet":"max-snippet:-1","max-image-preview":"max-image-preview:large","max-video-preview":"max-video-preview:-1"},"canonical":"https:\/\/plagcheck.com\/cs\/about-us\/","og_locale":"cs_CZ","og_type":"article","og_title":"O PlagCheck.com: Integrita a inovace","og_description":"Na PlagChecku kombinujeme inovaci a d\u016fv\u011bru k poskytov\u00e1n\u00ed spolehliv\u00e9ho zji\u0161t\u011bn\u00ed plagi\u00e1torstv\u00ed a um\u011bl\u00e9 inteligence, zajist\u00edme v\u00e1m, \u017ee va\u0161e pr\u00e1ce bude v\u017edy p\u016fvodn\u00ed.","og_url":"https:\/\/plagcheck.com\/cs\/about-us\/","og_site_name":"Plagcheck.com","twitter_card":"summary_large_image","schema":{"@context":"https:\/\/schema.org","@graph":[{"@type":"WebPage","@id":"https:\/\/plagcheck.com\/cs\/about-us\/","url":"https:\/\/plagcheck.com\/cs\/about-us\/","name":"O PlagCheck.com: Integrita a inovace","isPartOf":{"@id":"https:\/\/plagcheck.com\/#website"},"datePublished":"2025-02-17T08:59:19+00:00","description":"Na PlagChecku kombinujeme inovaci a d\u016fv\u011bru k poskytov\u00e1n\u00ed spolehliv\u00e9ho zji\u0161t\u011bn\u00ed plagi\u00e1torstv\u00ed a um\u011bl\u00e9 inteligence, zajist\u00edme v\u00e1m, \u017ee va\u0161e pr\u00e1ce bude v\u017edy p\u016fvodn\u00ed.","breadcrumb":{"@id":"https:\/\/plagcheck.com\/cs\/about-us\/#breadcrumb"},"inLanguage":"cs","potentialAction":[{"@type":"ReadAction","target":["https:\/\/plagcheck.com\/cs\/about-us\/"]}]},{"@type":"BreadcrumbList","@id":"https:\/\/plagcheck.com\/cs\/about-us\/#breadcrumb","itemListElement":[{"@type":"ListItem","position":1,"name":"Home","item":"https:\/\/plagcheck.com\/cs\/"},{"@type":"ListItem","position":2,"name":"O n\u00e1s"}]},{"@type":"WebSite","@id":"https:\/\/plagcheck.com\/#website","url":"https:\/\/plagcheck.com\/","name":"Plagcheck.com","description":"","potentialAction":[{"@type":"SearchAction","target":{"@type":"EntryPoint","urlTemplate":"https:\/\/plagcheck.com\/?s={search_term_string}"},"query-input":{"@type":"PropertyValueSpecification","valueRequired":true,"valueName":"search_term_string"}}],"inLanguage":"cs"}]}},"_links":{"self":[{"href":"https:\/\/plagcheck.com\/wp-json\/wp\/v2\/pages\/166","targetHints":{"allow":["GET"]}}],"collection":[{"href":"https:\/\/plagcheck.com\/wp-json\/wp\/v2\/pages"}],"about":[{"href":"https:\/\/plagcheck.com\/wp-json\/wp\/v2\/types\/page"}],"author":[{"embeddable":true,"href":"https:\/\/plagcheck.com\/wp-json\/wp\/v2\/users\/1"}],"replies":[{"embeddable":true,"href":"https:\/\/plagcheck.com\/wp-json\/wp\/v2\/comments?post=166"}],"version-history":[{"count":1,"href":"https:\/\/plagcheck.com\/wp-json\/wp\/v2\/pages\/166\/revisions"}],"predecessor-version":[{"id":167,"href":"https:\/\/plagcheck.com\/wp-json\/wp\/v2\/pages\/166\/revisions\/167"}],"wp:attachment":[{"href":"https:\/\/plagcheck.com\/wp-json\/wp\/v2\/media?parent=166"}],"curies":[{"name":"wp","href":"https:\/\/api.w.org\/{rel}","templated":true}]}}