{"id":130,"date":"2025-02-17T08:59:28","date_gmt":"2025-02-17T08:59:28","guid":{"rendered":"https:\/\/plagcheck.com\/?page_id=130","raw":"https:\/\/plagcheck.com\/?page_id=130"},"modified":"2025-02-17T08:59:28","modified_gmt":"2025-02-17T08:59:28","slug":"ai-detector","status":"publish","type":"page","link":"https:\/\/plagcheck.com\/cs\/ai-detector\/","title":{"rendered":"Detektor AI","raw":"Detektor AI"},"content":{"rendered":"","protected":false,"raw":""},"excerpt":{"rendered":"","protected":false,"raw":""},"author":1,"featured_media":0,"parent":0,"menu_order":0,"comment_status":"closed","ping_status":"closed","template":"","meta":{"_acf_changed":false,"_yoast_wpseo_title":"Rozpozn\u00e1v\u00e1n\u00ed obsahu AI pro zaji\u0161t\u011bn\u00ed autenticity","_yoast_wpseo_metadesc":"Sjedno\u010dte se s PlagCheckem na p\u0159esn\u00e9m rozpozn\u00e1v\u00e1n\u00ed AI-generovan\u00e9ho obsahu a udr\u017eov\u00e1n\u00ed autenticity ve va\u0161\u00ed akademick\u00e9, profesn\u00ed a kreativn\u00ed pr\u00e1ci.","_locale":"cs_CZ","_original_post":"https:\/\/plagcheck.com\/?page_id=8","footnotes":""},"class_list":["post-130","page","type-page","status-publish","hentry","cs-CZ"],"acf":[],"yoast_head":"<!-- This site is optimized with the Yoast SEO plugin v27.5 - https:\/\/yoast.com\/product\/yoast-seo-wordpress\/ -->\n<title>Rozpozn\u00e1v\u00e1n\u00ed obsahu AI pro zaji\u0161t\u011bn\u00ed autenticity<\/title>\n<meta name=\"description\" content=\"Sjedno\u010dte se s PlagCheckem na p\u0159esn\u00e9m rozpozn\u00e1v\u00e1n\u00ed AI-generovan\u00e9ho obsahu a udr\u017eov\u00e1n\u00ed autenticity ve va\u0161\u00ed akademick\u00e9, profesn\u00ed a kreativn\u00ed pr\u00e1ci.\" \/>\n<meta name=\"robots\" content=\"index, follow, max-snippet:-1, max-image-preview:large, max-video-preview:-1\" \/>\n<link rel=\"canonical\" href=\"https:\/\/plagcheck.com\/cs\/ai-detector\/\" \/>\n<meta property=\"og:locale\" content=\"cs_CZ\" \/>\n<meta property=\"og:type\" content=\"article\" \/>\n<meta property=\"og:title\" content=\"Rozpozn\u00e1v\u00e1n\u00ed obsahu AI pro zaji\u0161t\u011bn\u00ed autenticity\" \/>\n<meta property=\"og:description\" content=\"Sjedno\u010dte se s PlagCheckem na p\u0159esn\u00e9m rozpozn\u00e1v\u00e1n\u00ed AI-generovan\u00e9ho obsahu a udr\u017eov\u00e1n\u00ed autenticity ve va\u0161\u00ed akademick\u00e9, profesn\u00ed a kreativn\u00ed pr\u00e1ci.\" \/>\n<meta property=\"og:url\" content=\"https:\/\/plagcheck.com\/cs\/ai-detector\/\" \/>\n<meta property=\"og:site_name\" content=\"Plagcheck.com\" \/>\n<meta name=\"twitter:card\" content=\"summary_large_image\" \/>\n<!-- \/ Yoast SEO plugin. -->","yoast_head_json":{"title":"Rozpozn\u00e1v\u00e1n\u00ed obsahu AI pro zaji\u0161t\u011bn\u00ed autenticity","description":"Sjedno\u010dte se s PlagCheckem na p\u0159esn\u00e9m rozpozn\u00e1v\u00e1n\u00ed AI-generovan\u00e9ho obsahu a udr\u017eov\u00e1n\u00ed autenticity ve va\u0161\u00ed akademick\u00e9, profesn\u00ed a kreativn\u00ed pr\u00e1ci.","robots":{"index":"index","follow":"follow","max-snippet":"max-snippet:-1","max-image-preview":"max-image-preview:large","max-video-preview":"max-video-preview:-1"},"canonical":"https:\/\/plagcheck.com\/cs\/ai-detector\/","og_locale":"cs_CZ","og_type":"article","og_title":"Rozpozn\u00e1v\u00e1n\u00ed obsahu AI pro zaji\u0161t\u011bn\u00ed autenticity","og_description":"Sjedno\u010dte se s PlagCheckem na p\u0159esn\u00e9m rozpozn\u00e1v\u00e1n\u00ed AI-generovan\u00e9ho obsahu a udr\u017eov\u00e1n\u00ed autenticity ve va\u0161\u00ed akademick\u00e9, profesn\u00ed a kreativn\u00ed pr\u00e1ci.","og_url":"https:\/\/plagcheck.com\/cs\/ai-detector\/","og_site_name":"Plagcheck.com","twitter_card":"summary_large_image","schema":{"@context":"https:\/\/schema.org","@graph":[{"@type":"WebPage","@id":"https:\/\/plagcheck.com\/cs\/ai-detector\/","url":"https:\/\/plagcheck.com\/cs\/ai-detector\/","name":"Rozpozn\u00e1v\u00e1n\u00ed obsahu AI pro zaji\u0161t\u011bn\u00ed autenticity","isPartOf":{"@id":"https:\/\/plagcheck.com\/#website"},"datePublished":"2025-02-17T08:59:28+00:00","description":"Sjedno\u010dte se s PlagCheckem na p\u0159esn\u00e9m rozpozn\u00e1v\u00e1n\u00ed AI-generovan\u00e9ho obsahu a udr\u017eov\u00e1n\u00ed autenticity ve va\u0161\u00ed akademick\u00e9, profesn\u00ed a kreativn\u00ed pr\u00e1ci.","breadcrumb":{"@id":"https:\/\/plagcheck.com\/cs\/ai-detector\/#breadcrumb"},"inLanguage":"cs","potentialAction":[{"@type":"ReadAction","target":["https:\/\/plagcheck.com\/cs\/ai-detector\/"]}]},{"@type":"BreadcrumbList","@id":"https:\/\/plagcheck.com\/cs\/ai-detector\/#breadcrumb","itemListElement":[{"@type":"ListItem","position":1,"name":"Home","item":"https:\/\/plagcheck.com\/cs\/"},{"@type":"ListItem","position":2,"name":"Detektor AI"}]},{"@type":"WebSite","@id":"https:\/\/plagcheck.com\/#website","url":"https:\/\/plagcheck.com\/","name":"Plagcheck.com","description":"","potentialAction":[{"@type":"SearchAction","target":{"@type":"EntryPoint","urlTemplate":"https:\/\/plagcheck.com\/?s={search_term_string}"},"query-input":{"@type":"PropertyValueSpecification","valueRequired":true,"valueName":"search_term_string"}}],"inLanguage":"cs"}]}},"_links":{"self":[{"href":"https:\/\/plagcheck.com\/wp-json\/wp\/v2\/pages\/130","targetHints":{"allow":["GET"]}}],"collection":[{"href":"https:\/\/plagcheck.com\/wp-json\/wp\/v2\/pages"}],"about":[{"href":"https:\/\/plagcheck.com\/wp-json\/wp\/v2\/types\/page"}],"author":[{"embeddable":true,"href":"https:\/\/plagcheck.com\/wp-json\/wp\/v2\/users\/1"}],"replies":[{"embeddable":true,"href":"https:\/\/plagcheck.com\/wp-json\/wp\/v2\/comments?post=130"}],"version-history":[{"count":1,"href":"https:\/\/plagcheck.com\/wp-json\/wp\/v2\/pages\/130\/revisions"}],"predecessor-version":[{"id":131,"href":"https:\/\/plagcheck.com\/wp-json\/wp\/v2\/pages\/130\/revisions\/131"}],"wp:attachment":[{"href":"https:\/\/plagcheck.com\/wp-json\/wp\/v2\/media?parent=130"}],"curies":[{"name":"wp","href":"https:\/\/api.w.org\/{rel}","templated":true}]}}